{"id":61432,"date":"2021-11-16T16:05:50","date_gmt":"2021-11-16T22:05:50","guid":{"rendered":"https:\/\/defabrica.com.mx\/defabrica\/?post_type=product&#038;p=61432"},"modified":"2025-10-08T16:01:13","modified_gmt":"2025-10-08T22:01:13","slug":"apple-watch-se-gps-celular-40mm-caja-de-aluminio-correa-sport-loop-diseno-gold","status":"publish","type":"product","link":"https:\/\/defabrica.com.mx\/defabrica\/producto\/apple-watch-se-gps-celular-40mm-caja-de-aluminio-correa-sport-loop-diseno-gold\/","title":{"rendered":"Apple Watch SE (GPS + Celular) 40mm Caja de Aluminio &#8211; Correa Sport Loop -Dise\u00f1o &#8211; Gold"},"content":{"rendered":"<div class=\"embedded-component-container lv product-description\">\n<div>\n<div id=\"shop-product-description-49293163\" class=\"None\" data-version=\"1.3.38\">\n<div class=\"shop-product-description\">\n<section class=\"align-heading-left\" data-reactroot=\"\">\n<div class=\"long-description-container body-copy \">\n<div class=\"html-fragment\">\n<div>\n<div>Con funciones poderosas para ayudarlo a mantenerse conectado, activo, saludable y seguro, Apple Watch SE es mucho m\u00e1s reloj.\u00a0Por mucho menos de lo que esperabas.<\/div>\n<\/div>\n<\/div>\n<\/div>\n<\/section>\n<\/div>\n<\/div>\n<\/div>\n<\/div>\n<div class=\"embedded-component-container lv product-features\"><\/div>\n<div>\n<h3><\/h3>\n<h3><\/h3>\n<h3 class=\"heading-5 v-fw-regular feature-heading\"><strong>Caracter\u00edsticas<\/strong><\/h3>\n<ul>\n<li>Reciba llamadas y responda mensajes de texto directamente desde su mu\u00f1eca<\/li>\n<li>Realice un seguimiento de su actividad diaria en Apple Watch y vea sus tendencias en la aplicaci\u00f3n Fitness en iPhone<\/li>\n<li>Realice un seguimiento de los nuevos entrenamientos de tai chi y pilates, adem\u00e1s de los favoritos como correr, yoga, nataci\u00f3n y baile.<\/li>\n<li>Camine de manera m\u00e1s inteligente con br\u00fajula incorporada y lecturas de elevaci\u00f3n en tiempo real<\/li>\n<li>Mant\u00e9ngase al tanto de su salud con notificaciones de frecuencia card\u00edaca alta y baja y de ritmo card\u00edaco irregular\u00b9<\/li>\n<li>El Apple Watch puede detectar si has sufrido una ca\u00edda fuerte y, luego, llamar autom\u00e1ticamente a los servicios de emergencia\u00b2<\/li>\n<li>Emergency SOS te permite pedir ayuda cuando la necesitas\u00b3<\/li>\n<li>Sincroniza tu m\u00fasica, podcasts y audiolibros favoritos<\/li>\n<li>Realice compras de forma instant\u00e1nea y segura desde su mu\u00f1eca con Apple Pay<\/li>\n<li>Dise\u00f1o a prueba de nataci\u00f3n<\/li>\n<li>Cajas de aluminio 100% reciclado disponibles en tres acabados<\/li>\n<li>watchOS 8 presenta nuevos tipos de ejercicios, la aplicaci\u00f3n Mindfulness, la nueva esfera del reloj Portraits y mejoras en Mensajes<\/li>\n<li>Mant\u00e9ngase conectado con familiares y amigos con llamadas, mensajes de texto y correo electr\u00f3nico, incluso cuando no tenga su tel\u00e9fono\u2075<\/li>\n<li>Transmita m\u00fasica, podcasts y audiolibros sobre la marcha y deje su tel\u00e9fono en casa\u2075<\/li>\n<li>Configure y administre el Apple Watch para cada miembro de la familia, directamente desde su iPhone, con Family Setup\u2076<\/li>\n<li>Apple Watch SE requiere un iPhone 6s o posterior con iOS 14 o posterior.<\/li>\n<li>\u00b9La notificaci\u00f3n de ritmo irregular requiere las \u00faltimas versiones de watchOS e iOS. No est\u00e1 dise\u00f1ado para que lo utilicen personas menores de 22 a\u00f1os o personas que hayan sido diagnosticadas previamente con fibrilaci\u00f3n auricular (Afib).<\/li>\n<li>\u00b2 Las actualizaciones de detecci\u00f3n de ca\u00eddas est\u00e1n disponibles en Apple Watch Series 4 y posteriores con watchOS 8 y posteriores.<\/li>\n<\/ul>\n<\/div>\n","protected":false},"excerpt":{"rendered":"<p>Con funciones poderosas para ayudarlo a mantenerse conectado, activo, saludable y seguro, Apple Watch SE es mucho m\u00e1s reloj.\u00a0Por mucho menos de lo que esperabas. Caracter\u00edsticas Reciba llamadas y responda<\/p>\n","protected":false},"featured_media":61433,"comment_status":"open","ping_status":"closed","template":"","meta":{"_acf_changed":false,"_joinchat":[]},"product_brand":[],"product_cat":[305,306,312],"product_tag":[],"class_list":{"0":"post-61432","1":"product","2":"type-product","3":"status-publish","4":"has-post-thumbnail","6":"product_cat-wearables","7":"product_cat-apple-watch","8":"product_cat-ver-todo-wearables","10":"first","11":"instock","12":"sale","13":"shipping-taxable","14":"purchasable","15":"product-type-simple"},"acf":[],"_links":{"self":[{"href":"https:\/\/defabrica.com.mx\/defabrica\/wp-json\/wp\/v2\/product\/61432","targetHints":{"allow":["GET"]}}],"collection":[{"href":"https:\/\/defabrica.com.mx\/defabrica\/wp-json\/wp\/v2\/product"}],"about":[{"href":"https:\/\/defabrica.com.mx\/defabrica\/wp-json\/wp\/v2\/types\/product"}],"replies":[{"embeddable":true,"href":"https:\/\/defabrica.com.mx\/defabrica\/wp-json\/wp\/v2\/comments?post=61432"}],"wp:featuredmedia":[{"embeddable":true,"href":"https:\/\/defabrica.com.mx\/defabrica\/wp-json\/wp\/v2\/media\/61433"}],"wp:attachment":[{"href":"https:\/\/defabrica.com.mx\/defabrica\/wp-json\/wp\/v2\/media?parent=61432"}],"wp:term":[{"taxonomy":"product_brand","embeddable":true,"href":"https:\/\/defabrica.com.mx\/defabrica\/wp-json\/wp\/v2\/product_brand?post=61432"},{"taxonomy":"product_cat","embeddable":true,"href":"https:\/\/defabrica.com.mx\/defabrica\/wp-json\/wp\/v2\/product_cat?post=61432"},{"taxonomy":"product_tag","embeddable":true,"href":"https:\/\/defabrica.com.mx\/defabrica\/wp-json\/wp\/v2\/product_tag?post=61432"}],"curies":[{"name":"wp","href":"https:\/\/api.w.org\/{rel}","templated":true}]}}