{"id":61279,"date":"2021-11-15T19:42:07","date_gmt":"2021-11-16T01:42:07","guid":{"rendered":"https:\/\/defabrica.com.mx\/defabrica\/?post_type=product&#038;p=61279"},"modified":"2023-01-14T13:52:05","modified_gmt":"2023-01-14T19:52:05","slug":"apple-watch-series-7-gps-celular-diseno-green","status":"publish","type":"product","link":"https:\/\/defabrica.com.mx\/defabrica\/producto\/apple-watch-series-7-gps-celular-diseno-green\/","title":{"rendered":"Apple Watch Series 7 (GPS + Celular) Dise\u00f1o &#8211; Green"},"content":{"rendered":"<div class=\"embedded-component-container lv product-description\">\n<div>\n<div id=\"shop-product-description-91631256\" class=\"None\" data-version=\"1.3.38\">\n<div class=\"shop-product-description\">\n<section class=\"align-heading-left\" data-reactroot=\"\">\n<div class=\"long-description-container body-copy \">\n<div class=\"html-fragment\">\n<div>\n<div>La pantalla Retina siempre activa m\u00e1s grande y avanzada hasta la fecha hace que todo lo que haces con tu Apple Watch Series 7 sea m\u00e1s grande y mejor.\u00a0La Serie 7 es el Apple Watch m\u00e1s duradero jam\u00e1s construido, con un cristal frontal a\u00fan m\u00e1s resistente a las grietas.\u00a0Las funciones avanzadas le permiten medir su nivel de ox\u00edgeno en sangre, \u00b9 tomar un ECG en cualquier momento, \u00b2 y acceder a aplicaciones de seguimiento del sue\u00f1o y atenci\u00f3n plena.\u00a0Tambi\u00e9n puede realizar un seguimiento de docenas de entrenamientos, incluidos nuevos tai chi y pilates.<\/div>\n<\/div>\n<\/div>\n<\/div>\n<\/section>\n<\/div>\n<\/div>\n<\/div>\n<\/div>\n<div><\/div>\n<div>\n<h3><\/h3>\n<h3><\/h3>\n<h3 class=\"heading-5 v-fw-regular feature-heading\"><strong>Caracter\u00edsticas<\/strong><\/h3>\n<ul>\n<li>La pantalla Retina siempre encendida tiene casi un 20% m\u00e1s de \u00e1rea de pantalla que la Serie 6, lo que hace que todo sea m\u00e1s f\u00e1cil de ver y usar<br \/>\nEl cristal frontal m\u00e1s resistente a las grietas hasta ahora en un Apple Watch, resistencia al polvo IP6X y dise\u00f1o a prueba de nataci\u00f3n\u00b3<\/li>\n<li>Mida su ox\u00edgeno en sangre con un sensor y una aplicaci\u00f3n potentes\u00b2<br \/>\nRealice un ECG en cualquier momento y en cualquier lugar\u00b9<br \/>\nObtenga notificaciones de frecuencia card\u00edaca alta y baja y de ritmo card\u00edaco irregular\u2074<\/li>\n<li>Mant\u00e9ngase en el momento con la nueva aplicaci\u00f3n Mindfulness y alcance sus objetivos de sue\u00f1o con la aplicaci\u00f3n Sleep<\/li>\n<li>Realice un seguimiento de los nuevos entrenamientos de tai chi y pilates, adem\u00e1s de los favoritos como correr, yoga, nataci\u00f3n y baile.<\/li>\n<li>Realice un seguimiento de su actividad diaria en Apple Watch y vea sus tendencias en la aplicaci\u00f3n Fitness en iPhone<\/li>\n<li>Sincroniza tu m\u00fasica, podcasts y audiolibros favoritos<\/li>\n<li>Paga al instante y de forma segura desde tu mu\u00f1eca con Apple Pay<\/li>\n<li>Duraci\u00f3n de la bater\u00eda durante todo el d\u00eda y carga m\u00e1s r\u00e1pida\u2075<\/li>\n<li>watchOS 8 presenta nuevos tipos de ejercicios, la aplicaci\u00f3n Mindfulness, la nueva esfera del reloj Portraits y mejoras en Mensajes<\/li>\n<li>Apple Watch viene con 3 meses gratis de Fitness +, con entrenamientos de clase mundial realizados por los mejores entrenadores del mundo\u2076<\/li>\n<li>Mant\u00e9ngase conectado con familiares y amigos con llamadas, mensajes de texto y correo electr\u00f3nico, incluso cuando no tenga su tel\u00e9fono\u2077<br \/>\nTransmita m\u00fasica, podcasts y audiolibros mientras viaja, y deje su tel\u00e9fono en casa\u2077<\/li>\n<li>Configure y administre el Apple Watch para cada miembro de la familia, directamente desde su iPhone, con Family Setup\u2078<\/li>\n<li>Apple Watch Series 7 requiere un iPhone 6s o posterior con iOS 15 o posterior.<\/li>\n<\/ul>\n<\/div>\n<div class=\"embedded-component-container lv product-features\"><\/div>\n","protected":false},"excerpt":{"rendered":"<p>La pantalla Retina siempre activa m\u00e1s grande y avanzada hasta la fecha hace que todo lo que haces con tu Apple Watch Series 7 sea m\u00e1s grande y mejor.\u00a0La Serie<\/p>\n","protected":false},"featured_media":62950,"comment_status":"open","ping_status":"closed","template":"","meta":{"_acf_changed":false,"_joinchat":[]},"product_brand":[],"product_cat":[305,306,312],"product_tag":[],"class_list":{"0":"post-61279","1":"product","2":"type-product","3":"status-publish","4":"has-post-thumbnail","6":"product_cat-wearables","7":"product_cat-apple-watch","8":"product_cat-ver-todo-wearables","10":"first","11":"instock","12":"sale","13":"shipping-taxable","14":"purchasable","15":"product-type-variable","16":"has-default-attributes"},"acf":[],"_links":{"self":[{"href":"https:\/\/defabrica.com.mx\/defabrica\/wp-json\/wp\/v2\/product\/61279","targetHints":{"allow":["GET"]}}],"collection":[{"href":"https:\/\/defabrica.com.mx\/defabrica\/wp-json\/wp\/v2\/product"}],"about":[{"href":"https:\/\/defabrica.com.mx\/defabrica\/wp-json\/wp\/v2\/types\/product"}],"replies":[{"embeddable":true,"href":"https:\/\/defabrica.com.mx\/defabrica\/wp-json\/wp\/v2\/comments?post=61279"}],"wp:featuredmedia":[{"embeddable":true,"href":"https:\/\/defabrica.com.mx\/defabrica\/wp-json\/wp\/v2\/media\/62950"}],"wp:attachment":[{"href":"https:\/\/defabrica.com.mx\/defabrica\/wp-json\/wp\/v2\/media?parent=61279"}],"wp:term":[{"taxonomy":"product_brand","embeddable":true,"href":"https:\/\/defabrica.com.mx\/defabrica\/wp-json\/wp\/v2\/product_brand?post=61279"},{"taxonomy":"product_cat","embeddable":true,"href":"https:\/\/defabrica.com.mx\/defabrica\/wp-json\/wp\/v2\/product_cat?post=61279"},{"taxonomy":"product_tag","embeddable":true,"href":"https:\/\/defabrica.com.mx\/defabrica\/wp-json\/wp\/v2\/product_tag?post=61279"}],"curies":[{"name":"wp","href":"https:\/\/api.w.org\/{rel}","templated":true}]}}