{"id":61173,"date":"2021-11-15T16:59:25","date_gmt":"2021-11-15T22:59:25","guid":{"rendered":"https:\/\/defabrica.com.mx\/defabrica\/?post_type=product&#038;p=61173"},"modified":"2022-07-05T13:17:14","modified_gmt":"2022-07-05T18:17:14","slug":"apple-10-9-pulgadas-ipad-air-4th-generation-wi-fi","status":"publish","type":"product","link":"https:\/\/defabrica.com.mx\/defabrica\/producto\/apple-10-9-pulgadas-ipad-air-4th-generation-wi-fi\/","title":{"rendered":"Apple &#8211; 10.9-Pulgadas iPad Air &#8211; (4th Generation) &#8211; Wi-Fi"},"content":{"rendered":"<div class=\"product-description\">El nuevo iPad Air.\u00a0Es m\u00e1s vers\u00e1til que nunca.\u00a0La impresionante pantalla Liquid Retina de 10,9 pulgadas con amplio color te permite ver fotos, videos y juegos con detalles v\u00edvidos y realistas.\u00b9 Cuenta con el chip A14 Bionic con Neural Engine, que brinda potencia y capacidades avanzadas de aprendizaje autom\u00e1tico para editar un video 4K, cree una presentaci\u00f3n hermosa, dise\u00f1e un modelo 3D y haga todas estas cosas con facilidad.\u00a0Y ahora con soporte para Magic Keyboard y Apple Pencil (segunda generaci\u00f3n) \u00b2, Touch ID y Apple Pay r\u00e1pidos, f\u00e1ciles y seguros, una c\u00e1mara trasera de 12MP y una c\u00e1mara FaceTime HD de 7MP, conector USB-C para carga y accesorios, todo el d\u00eda duraci\u00f3n de la bater\u00eda\u00b3 y Wi-Fi r\u00e1pido 6. Con iPad Air tienes el poder de hacer realidad tus ideas.<\/div>\n<div><\/div>\n<div><\/div>\n<div>\n<h3 class=\"heading-5 v-fw-regular feature-heading\"><strong>Caracter\u00edsticas<\/strong><\/h3>\n<ul>\n<li>Impresionante pantalla Liquid Retina de 10,9 pulgadas con True Tone y color ancho P3\u00b9<\/li>\n<li>Chip bi\u00f3nico A14 con motor neuronal<\/li>\n<li>Touch ID para autenticaci\u00f3n segura y Apple Pay<\/li>\n<li>C\u00e1mara trasera de 12 MP, c\u00e1mara frontal FaceTime HD de 7 MP<\/li>\n<li>Disponible en plata, gris espacial, oro rosa, verde y azul cielo<\/li>\n<li>Amplio audio est\u00e9reo<\/li>\n<li>Wi-Fi 6 (802.11ax)<\/li>\n<li>Hasta 10 horas de duraci\u00f3n de la bater\u00eda\u00b3<\/li>\n<li>Conector USB-C para carga y accesorios<\/li>\n<li>Compatibilidad con Magic Keyboard, Smart Keyboard Folio y Apple Pencil (segunda generaci\u00f3n) \u00b2<\/li>\n<li>iPadOS 14 trae nuevas capacidades dise\u00f1adas espec\u00edficamente para iPad<\/li>\n<\/ul>\n<div class=\"feature-body-container\">\n<div class=\"features-list-container\">\n<div class=\"features-list all-features\">\n<div class=\"list-row\"><\/div>\n<\/div>\n<\/div>\n<\/div>\n<\/div>\n<div class=\"product-description-banners-lv\">\n<div class=\"product-description-banner\" data-track=\"description-html-asset:Apple Brand Store at Best Buy.\"><\/div>\n<\/div>\n","protected":false},"excerpt":{"rendered":"<p>El nuevo iPad Air.\u00a0Es m\u00e1s vers\u00e1til que nunca.\u00a0La impresionante pantalla Liquid Retina de 10,9 pulgadas con amplio color te permite ver fotos, videos y juegos con detalles v\u00edvidos y realistas.\u00b9<\/p>\n","protected":false},"featured_media":61185,"comment_status":"open","ping_status":"closed","template":"","meta":{"_acf_changed":false,"_joinchat":[]},"product_brand":[],"product_cat":[408,409,256,410],"product_tag":[],"class_list":{"0":"post-61173","1":"product","2":"type-product","3":"status-publish","4":"has-post-thumbnail","6":"product_cat-celulares-y-tablets","7":"product_cat-tablets-y-ipad","8":"product_cat-ipad","9":"product_cat-todas-las-tablets","11":"first","12":"instock","13":"sale","14":"shipping-taxable","15":"purchasable","16":"product-type-variable","17":"has-default-attributes"},"acf":[],"_links":{"self":[{"href":"https:\/\/defabrica.com.mx\/defabrica\/wp-json\/wp\/v2\/product\/61173","targetHints":{"allow":["GET"]}}],"collection":[{"href":"https:\/\/defabrica.com.mx\/defabrica\/wp-json\/wp\/v2\/product"}],"about":[{"href":"https:\/\/defabrica.com.mx\/defabrica\/wp-json\/wp\/v2\/types\/product"}],"replies":[{"embeddable":true,"href":"https:\/\/defabrica.com.mx\/defabrica\/wp-json\/wp\/v2\/comments?post=61173"}],"wp:featuredmedia":[{"embeddable":true,"href":"https:\/\/defabrica.com.mx\/defabrica\/wp-json\/wp\/v2\/media\/61185"}],"wp:attachment":[{"href":"https:\/\/defabrica.com.mx\/defabrica\/wp-json\/wp\/v2\/media?parent=61173"}],"wp:term":[{"taxonomy":"product_brand","embeddable":true,"href":"https:\/\/defabrica.com.mx\/defabrica\/wp-json\/wp\/v2\/product_brand?post=61173"},{"taxonomy":"product_cat","embeddable":true,"href":"https:\/\/defabrica.com.mx\/defabrica\/wp-json\/wp\/v2\/product_cat?post=61173"},{"taxonomy":"product_tag","embeddable":true,"href":"https:\/\/defabrica.com.mx\/defabrica\/wp-json\/wp\/v2\/product_tag?post=61173"}],"curies":[{"name":"wp","href":"https:\/\/api.w.org\/{rel}","templated":true}]}}