{"id":61154,"date":"2021-11-15T16:40:07","date_gmt":"2021-11-15T22:40:07","guid":{"rendered":"https:\/\/defabrica.com.mx\/defabrica\/?post_type=product&#038;p=61154"},"modified":"2022-07-05T13:17:14","modified_gmt":"2022-07-05T18:17:14","slug":"apple-12-9-pulgadas-ipad-pro-2021-wi-fi","status":"publish","type":"product","link":"https:\/\/defabrica.com.mx\/defabrica\/producto\/apple-12-9-pulgadas-ipad-pro-2021-wi-fi\/","title":{"rendered":"Apple &#8211; 12.9 pulgadas &#8211; iPad Pro (2021) &#8211; Wi-Fi"},"content":{"rendered":"<div class=\"embedded-component-container lv product-description\">\n<div>\n<div id=\"shop-product-description-71491135\" class=\"None\" data-version=\"1.3.38\">\n<div class=\"shop-product-description\">\n<section class=\"align-heading-left\" data-reactroot=\"\">\n<div class=\"long-description-container body-copy \">\n<div class=\"html-fragment\">\n<div>\n<div>El iPad Pro cuenta con el potente chip Apple M1 para un rendimiento superior y una bater\u00eda que dura todo el d\u00eda.\u00b3 Una pantalla Liquid Retina XDR inmersiva de 12,9 pulgadas para ver y editar fotos y videos HDR.\u00b9 Y una c\u00e1mara frontal con Center Stage te mantiene en fotograma autom\u00e1ticamente durante las videollamadas.\u00a0El iPad Pro tiene c\u00e1maras profesionales y un esc\u00e1ner LiDAR para fotos, videos y RA envolvente.\u00a0Thunderbolt para conectarse a accesorios de alto rendimiento.\u00a0Y puede agregar Apple Pencil para tomar notas, dibujar y marcar documentos, y el Magic Keyboard para una experiencia de escritura receptiva y trackpad.<\/div>\n<\/div>\n<\/div>\n<\/div>\n<\/section>\n<\/div>\n<\/div>\n<\/div>\n<\/div>\n<div><\/div>\n<div>\n<h3><\/h3>\n<h3><\/h3>\n<h3 class=\"heading-5 v-fw-regular feature-heading\"><strong>Caracter\u00edsticas<\/strong><\/h3>\n<ul>\n<li>Chip Apple M1 para un rendimiento de nivel superior<\/li>\n<li>Brillante pantalla Liquid Retina XDR de 12,9 pulgadas\u00b9 con ProMotion, True Tone y P3 wide color<\/li>\n<li>Sistema de c\u00e1mara TrueDepth con c\u00e1mara frontal Ultra Wide con Center Stage<\/li>\n<li>C\u00e1mara ancha de 12 MP, c\u00e1mara ultra ancha de 10 MP y esc\u00e1ner LiDAR para realidad aumentada inmersiva<\/li>\n<li>Mant\u00e9ngase conectado con Wi-Fi ultrarr\u00e1pido 6<\/li>\n<li>Vaya m\u00e1s all\u00e1 con la duraci\u00f3n de la bater\u00eda de todo el d\u00eda\u00b3<\/li>\n<li>Puerto Thunderbolt para conectarse a dispositivos de almacenamiento, pantallas y bases de datos externos r\u00e1pidos<\/li>\n<li>Face ID para autenticaci\u00f3n segura y Apple Pay<\/li>\n<li>Cuatro altavoces de audio y cinco micr\u00f3fonos con calidad de estudio<\/li>\n<li>Compatibilidad con Apple Pencil (segunda generaci\u00f3n), Magic Keyboard y Smart Keyboard Folio\u2074<\/li>\n<li>iPadOS es potente, intuitivo y est\u00e1 dise\u00f1ado espec\u00edficamente para iPad<\/li>\n<li>M\u00e1s de un mill\u00f3n de aplicaciones en la App Store solo para iPad<\/li>\n<li>Las aplicaciones est\u00e1n disponibles en la App Store. La disponibilidad de t\u00edtulos est\u00e1 sujeta a cambios.<\/li>\n<\/ul>\n<\/div>\n<div class=\"embedded-component-container lv product-features\"><\/div>\n","protected":false},"excerpt":{"rendered":"<p>El iPad Pro cuenta con el potente chip Apple M1 para un rendimiento superior y una bater\u00eda que dura todo el d\u00eda.\u00b3 Una pantalla Liquid Retina XDR inmersiva de 12,9<\/p>\n","protected":false},"featured_media":61165,"comment_status":"open","ping_status":"closed","template":"","meta":{"_acf_changed":false,"_joinchat":[]},"product_brand":[],"product_cat":[408,409,256,410],"product_tag":[],"class_list":{"0":"post-61154","1":"product","2":"type-product","3":"status-publish","4":"has-post-thumbnail","6":"product_cat-celulares-y-tablets","7":"product_cat-tablets-y-ipad","8":"product_cat-ipad","9":"product_cat-todas-las-tablets","11":"first","12":"instock","13":"sale","14":"shipping-taxable","15":"purchasable","16":"product-type-variable","17":"has-default-attributes"},"acf":[],"_links":{"self":[{"href":"https:\/\/defabrica.com.mx\/defabrica\/wp-json\/wp\/v2\/product\/61154","targetHints":{"allow":["GET"]}}],"collection":[{"href":"https:\/\/defabrica.com.mx\/defabrica\/wp-json\/wp\/v2\/product"}],"about":[{"href":"https:\/\/defabrica.com.mx\/defabrica\/wp-json\/wp\/v2\/types\/product"}],"replies":[{"embeddable":true,"href":"https:\/\/defabrica.com.mx\/defabrica\/wp-json\/wp\/v2\/comments?post=61154"}],"wp:featuredmedia":[{"embeddable":true,"href":"https:\/\/defabrica.com.mx\/defabrica\/wp-json\/wp\/v2\/media\/61165"}],"wp:attachment":[{"href":"https:\/\/defabrica.com.mx\/defabrica\/wp-json\/wp\/v2\/media?parent=61154"}],"wp:term":[{"taxonomy":"product_brand","embeddable":true,"href":"https:\/\/defabrica.com.mx\/defabrica\/wp-json\/wp\/v2\/product_brand?post=61154"},{"taxonomy":"product_cat","embeddable":true,"href":"https:\/\/defabrica.com.mx\/defabrica\/wp-json\/wp\/v2\/product_cat?post=61154"},{"taxonomy":"product_tag","embeddable":true,"href":"https:\/\/defabrica.com.mx\/defabrica\/wp-json\/wp\/v2\/product_tag?post=61154"}],"curies":[{"name":"wp","href":"https:\/\/api.w.org\/{rel}","templated":true}]}}