{"id":58750,"date":"2021-11-10T14:07:34","date_gmt":"2021-11-10T20:07:34","guid":{"rendered":"https:\/\/defabrica.com.mx\/defabrica\/?post_type=product&#038;p=58750"},"modified":"2023-01-26T15:42:34","modified_gmt":"2023-01-26T21:42:34","slug":"audifonos-inalambricos-skullcandy-jib-true-xt-2-wireless","status":"publish","type":"product","link":"https:\/\/defabrica.com.mx\/defabrica\/producto\/audifonos-inalambricos-skullcandy-jib-true-xt-2-wireless\/","title":{"rendered":"Audifonos Inalambricos Skullcandy Jib True Xt 2 Wireless"},"content":{"rendered":"<p>Jib True XT 2 est\u00e1 dise\u00f1ado para que sea f\u00e1cil de conectar y disfrutar.\u00a0Todos los controles m\u00e1s importantes, incluidos reproducci\u00f3n, pausa, pista y volumen, est\u00e1n en el auricular, por lo que puede dejar su tel\u00e9fono en su paquete.\u00a0Los micr\u00f3fonos duales brindan una claridad de llamada incre\u00edble, y 26 horas de duraci\u00f3n de la bater\u00eda significan menos tiempo de carga y m\u00e1s tiempo para disfrutar de su m\u00fasica, podcasts y pel\u00edculas.\u00a0Adem\u00e1s, puede usar bud solo si desea estar m\u00e1s al tanto de lo que sucede a su alrededor, e incluso puede usar su auricular para activar su asistente, ya sea que use Siri, Alexa o Bixby.<\/p>\n<ul>\n<li>Verdadera conexi\u00f3n inal\u00e1mbrica a trav\u00e9s de Bluetooth\u00ae 5.2<\/li>\n<li>Hasta 26 horas de bater\u00eda total<\/li>\n<li>9 horas en auriculares + 17 horas en caso<\/li>\n<li>IPX4 resistente al agua \/ al sudor (auriculares)<\/li>\n<li>Tecnolog\u00eda de b\u00fasqueda Built in Tile \u2122<\/li>\n<li>Control de llamadas, pistas y volumen<\/li>\n<li>Activar asistente<\/li>\n<li>Encendido autom\u00e1tico y conexi\u00f3n<\/li>\n<li>Utilice Bud Solo<\/li>\n<li>Micr\u00f3fono en cada bot\u00f3n<\/li>\n<li>Ajuste de aislamiento de ruido<\/li>\n<li>Estuche de carga port\u00e1til<\/li>\n<li>Cable de carga micro-USB<\/li>\n<\/ul>\n","protected":false},"excerpt":{"rendered":"<p>Jib True XT 2 est\u00e1 dise\u00f1ado para que sea f\u00e1cil de conectar y disfrutar.\u00a0Todos los controles m\u00e1s importantes, incluidos reproducci\u00f3n, pausa, pista y volumen, est\u00e1n en el auricular, por lo<\/p>\n","protected":false},"featured_media":58755,"comment_status":"open","ping_status":"closed","template":"","meta":{"_acf_changed":false,"_joinchat":[]},"product_brand":[],"product_cat":[294,300,304],"product_tag":[],"class_list":{"0":"post-58750","1":"product","2":"type-product","3":"status-publish","4":"has-post-thumbnail","6":"product_cat-audio","7":"product_cat-audifonos","8":"product_cat-inalambricos","10":"first","11":"instock","12":"sale","13":"shipping-taxable","14":"purchasable","15":"product-type-simple"},"acf":[],"_links":{"self":[{"href":"https:\/\/defabrica.com.mx\/defabrica\/wp-json\/wp\/v2\/product\/58750","targetHints":{"allow":["GET"]}}],"collection":[{"href":"https:\/\/defabrica.com.mx\/defabrica\/wp-json\/wp\/v2\/product"}],"about":[{"href":"https:\/\/defabrica.com.mx\/defabrica\/wp-json\/wp\/v2\/types\/product"}],"replies":[{"embeddable":true,"href":"https:\/\/defabrica.com.mx\/defabrica\/wp-json\/wp\/v2\/comments?post=58750"}],"wp:featuredmedia":[{"embeddable":true,"href":"https:\/\/defabrica.com.mx\/defabrica\/wp-json\/wp\/v2\/media\/58755"}],"wp:attachment":[{"href":"https:\/\/defabrica.com.mx\/defabrica\/wp-json\/wp\/v2\/media?parent=58750"}],"wp:term":[{"taxonomy":"product_brand","embeddable":true,"href":"https:\/\/defabrica.com.mx\/defabrica\/wp-json\/wp\/v2\/product_brand?post=58750"},{"taxonomy":"product_cat","embeddable":true,"href":"https:\/\/defabrica.com.mx\/defabrica\/wp-json\/wp\/v2\/product_cat?post=58750"},{"taxonomy":"product_tag","embeddable":true,"href":"https:\/\/defabrica.com.mx\/defabrica\/wp-json\/wp\/v2\/product_tag?post=58750"}],"curies":[{"name":"wp","href":"https:\/\/api.w.org\/{rel}","templated":true}]}}