{"id":58736,"date":"2021-11-10T13:51:09","date_gmt":"2021-11-10T19:51:09","guid":{"rendered":"https:\/\/defabrica.com.mx\/defabrica\/?post_type=product&#038;p=58736"},"modified":"2023-01-14T13:45:00","modified_gmt":"2023-01-14T19:45:00","slug":"apple-airpods-con-estuche-de-carga-blanco","status":"publish","type":"product","link":"https:\/\/defabrica.com.mx\/defabrica\/producto\/apple-airpods-con-estuche-de-carga-blanco\/","title":{"rendered":"\u00abApple AirPods con estuche de carga (segunda generaci\u00f3n) \u00ab"},"content":{"rendered":"<div class=\"product-description\">Con sonido de alta calidad, Siri activado por voz, \u00b9 y completo con estuche de carga que brinda m\u00e1s de 24 horas de tiempo de escucha, los AirPods \u00b2 brindan una experiencia de auriculares inal\u00e1mbricos incomparable.\u00a0Est\u00e1n listos para usar con todos sus dispositivos.\u00b3 Col\u00f3quelos en sus o\u00eddos y se conectar\u00e1n de inmediato, sumergi\u00e9ndolo en un sonido rico y de alta calidad.\u00a0Como magia.<\/div>\n<div><\/div>\n<div><\/div>\n<div>\n<h3><\/h3>\n<h3><\/h3>\n<h3 class=\"heading-5 v-fw-regular feature-heading\"><strong>Caracter\u00edsticas<\/strong><\/h3>\n<p>&nbsp;<\/p>\n<\/div>\n<div class=\"product-description-banner\" data-track=\"description-html-asset:Apple Brand Store at Best Buy.\">\n<ul>\n<li>Ajuste universal que es c\u00f3modo todo el d\u00eda.<\/li>\n<li>Encendido autom\u00e1ticamente, conectado autom\u00e1ticamente<\/li>\n<li>Configuraci\u00f3n sencilla para todos tus dispositivos Apple\u00b3<\/li>\n<li>Acceso r\u00e1pido a Siri diciendo \u00abHey Siri\u00bb \u00b9<\/li>\n<li>Comparta f\u00e1cilmente audio entre dos juegos de AirPods en su iPhone, iPad, iPod touch o Apple TV<\/li>\n<li>Cambio perfecto entre dispositivos Apple\u00b3<\/li>\n<li>El estuche de carga ofrece m\u00e1s de 24 horas de duraci\u00f3n de la bater\u00eda\u00b2<\/li>\n<li>\u00b9 Es posible que Siri no est\u00e9 disponible en todos los idiomas o en todas las \u00e1reas, y las funciones pueden variar seg\u00fan el \u00e1rea.<\/li>\n<li>\u00b2 La duraci\u00f3n de la bater\u00eda var\u00eda seg\u00fan el uso y la configuraci\u00f3n. Consulta apple.com\/batteries para obtener m\u00e1s detalles.<\/li>\n<li>\u00b3 Requiere una cuenta de iCloud y macOS 11.1, iOS 14.3, iPadOS 14.3, watchOS 7.2 o tvOS 14.3 o posterior.<\/li>\n<\/ul>\n<\/div>\n<p>&nbsp;<\/p>\n<div class=\"header-container header-lv\">\n<h3 class=\"heading-5 v-fw-regular\">Qu\u00e9 est\u00e1 incluido<\/h3>\n<p>&nbsp;<\/p>\n<\/div>\n<div class=\"list-container list-lv\">\n<ul class=\" bold\">\n<li class=\"bold v-fw-medium body-copy\">AirPods (segunda generaci\u00f3n)<\/li>\n<li class=\"bold v-fw-medium body-copy\">Estuche de carga est\u00e1ndar<\/li>\n<li class=\"bold v-fw-medium body-copy\">Cable Lightning a USB-A<\/li>\n<\/ul>\n<\/div>\n","protected":false},"excerpt":{"rendered":"<p>Con sonido de alta calidad, Siri activado por voz, \u00b9 y completo con estuche de carga que brinda m\u00e1s de 24 horas de tiempo de escucha, los AirPods \u00b2 brindan<\/p>\n","protected":false},"featured_media":58737,"comment_status":"open","ping_status":"closed","template":"","meta":{"_acf_changed":false,"_joinchat":[]},"product_brand":[],"product_cat":[294,300,304],"product_tag":[],"class_list":{"0":"post-58736","1":"product","2":"type-product","3":"status-publish","4":"has-post-thumbnail","6":"product_cat-audio","7":"product_cat-audifonos","8":"product_cat-inalambricos","10":"first","11":"instock","12":"sale","13":"shipping-taxable","14":"purchasable","15":"product-type-simple"},"acf":[],"_links":{"self":[{"href":"https:\/\/defabrica.com.mx\/defabrica\/wp-json\/wp\/v2\/product\/58736","targetHints":{"allow":["GET"]}}],"collection":[{"href":"https:\/\/defabrica.com.mx\/defabrica\/wp-json\/wp\/v2\/product"}],"about":[{"href":"https:\/\/defabrica.com.mx\/defabrica\/wp-json\/wp\/v2\/types\/product"}],"replies":[{"embeddable":true,"href":"https:\/\/defabrica.com.mx\/defabrica\/wp-json\/wp\/v2\/comments?post=58736"}],"wp:featuredmedia":[{"embeddable":true,"href":"https:\/\/defabrica.com.mx\/defabrica\/wp-json\/wp\/v2\/media\/58737"}],"wp:attachment":[{"href":"https:\/\/defabrica.com.mx\/defabrica\/wp-json\/wp\/v2\/media?parent=58736"}],"wp:term":[{"taxonomy":"product_brand","embeddable":true,"href":"https:\/\/defabrica.com.mx\/defabrica\/wp-json\/wp\/v2\/product_brand?post=58736"},{"taxonomy":"product_cat","embeddable":true,"href":"https:\/\/defabrica.com.mx\/defabrica\/wp-json\/wp\/v2\/product_cat?post=58736"},{"taxonomy":"product_tag","embeddable":true,"href":"https:\/\/defabrica.com.mx\/defabrica\/wp-json\/wp\/v2\/product_tag?post=58736"}],"curies":[{"name":"wp","href":"https:\/\/api.w.org\/{rel}","templated":true}]}}