{"id":56849,"date":"2021-11-07T18:58:03","date_gmt":"2021-11-08T00:58:03","guid":{"rendered":"https:\/\/defabrica.com.mx\/defabrica\/?post_type=product&#038;p=56849"},"modified":"2022-07-05T13:29:47","modified_gmt":"2022-07-05T18:29:47","slug":"lg-32-clase-led-hd-smart-tv-webos","status":"publish","type":"product","link":"https:\/\/defabrica.com.mx\/defabrica\/producto\/lg-32-clase-led-hd-smart-tv-webos\/","title":{"rendered":"LG &#8211; 32&#8243; Clase LED HD Smart TV webOS"},"content":{"rendered":"<div class=\"embedded-component-container lv product-description\">\n<div>\n<div id=\"shop-product-description-76802479\" class=\"None\" data-version=\"1.3.38\">\n<div class=\"shop-product-description\">\n<section class=\"align-heading-left\" data-reactroot=\"\">\n<div class=\"long-description-container body-copy \">\n<div class=\"html-fragment\">\n<div>\n<div>\n<p>El mejor televisor HD de LG.\u00a0Vea detalles, color y claridad en sus escenas.\u00a0El procesador optimiza la calidad de la imagen.\u00a0Y las funciones inteligentes funcionan con su hogar conectado.<\/p>\n<p>&nbsp;<\/p>\n<\/div>\n<\/div>\n<\/div>\n<\/div>\n<\/section>\n<\/div>\n<\/div>\n<\/div>\n<\/div>\n<h3><strong>Caracter\u00edsticas<\/strong><\/h3>\n<ul>\n<li><strong>Procesador de cuatro n\u00facleos<\/strong><br \/>\nEl procesador de cuatro n\u00facleos pinta im\u00e1genes, acci\u00f3n y color con la mejor luz posible desde la fuente hasta la pantalla.<\/li>\n<li><strong>HDR activo (HDR10, HLG)<\/strong><br \/>\nActive HDR admite una amplia gama de formatos para el ajuste de imagen escena por escena, incluidos HDR10 y HLG.<\/li>\n<li><strong>webOS<\/strong><br \/>\nF\u00e1cil acceso al entretenimiento. La plataforma webOS favorita de los fan\u00e1ticos de LG ofrece simplicidad de transmisi\u00f3n.<\/li>\n<li><strong>Canales LG<\/strong><br \/>\nLos canales LG brindan acceso gratuito a m\u00e1s de 300 canales de transmisi\u00f3n IP que ofrecen pel\u00edculas, programas, noticias de \u00faltima hora, deportes, comedia y m\u00e1s, integrados junto con los canales inal\u00e1mbricos y la gu\u00eda de canales.<\/li>\n<li><strong>\u00abFunciona con\u00bb Asistente de Google<\/strong><br \/>\nControle su televisor desde otros dispositivos. Si tiene altavoces Google Home o el Asistente de Google integrado en otros dispositivos, puede controlar su televisor LG HD desde cualquier habitaci\u00f3n de la casa: cambie el volumen, seleccione modos y m\u00e1s.<\/li>\n<li>Los servicios y el contenido basados \u200b\u200ben la web requieren un servicio de Internet de alta velocidad. Algunos servicios pueden requerir una suscripci\u00f3n.<\/li>\n<li>Google es una marca comercial de Google LLC.<\/li>\n<\/ul>\n<div class=\"embedded-component-container lv product-features\"><\/div>\n","protected":false},"excerpt":{"rendered":"<p>El mejor televisor HD de LG.\u00a0Vea detalles, color y claridad en sus escenas.\u00a0El procesador optimiza la calidad de la imagen.\u00a0Y las funciones inteligentes funcionan con su hogar conectado. &nbsp; Caracter\u00edsticas<\/p>\n","protected":false},"featured_media":56855,"comment_status":"open","ping_status":"closed","template":"","meta":{"_acf_changed":false,"_joinchat":[]},"product_brand":[],"product_cat":[1522,336,937],"product_tag":[],"class_list":{"0":"post-56849","1":"product","2":"type-product","3":"status-publish","4":"has-post-thumbnail","6":"product_cat-ofertas-hogar","7":"product_cat-hogar","8":"product_cat-pantallas","10":"first","11":"instock","12":"sale","13":"shipping-taxable","14":"purchasable","15":"product-type-simple"},"acf":[],"_links":{"self":[{"href":"https:\/\/defabrica.com.mx\/defabrica\/wp-json\/wp\/v2\/product\/56849","targetHints":{"allow":["GET"]}}],"collection":[{"href":"https:\/\/defabrica.com.mx\/defabrica\/wp-json\/wp\/v2\/product"}],"about":[{"href":"https:\/\/defabrica.com.mx\/defabrica\/wp-json\/wp\/v2\/types\/product"}],"replies":[{"embeddable":true,"href":"https:\/\/defabrica.com.mx\/defabrica\/wp-json\/wp\/v2\/comments?post=56849"}],"wp:featuredmedia":[{"embeddable":true,"href":"https:\/\/defabrica.com.mx\/defabrica\/wp-json\/wp\/v2\/media\/56855"}],"wp:attachment":[{"href":"https:\/\/defabrica.com.mx\/defabrica\/wp-json\/wp\/v2\/media?parent=56849"}],"wp:term":[{"taxonomy":"product_brand","embeddable":true,"href":"https:\/\/defabrica.com.mx\/defabrica\/wp-json\/wp\/v2\/product_brand?post=56849"},{"taxonomy":"product_cat","embeddable":true,"href":"https:\/\/defabrica.com.mx\/defabrica\/wp-json\/wp\/v2\/product_cat?post=56849"},{"taxonomy":"product_tag","embeddable":true,"href":"https:\/\/defabrica.com.mx\/defabrica\/wp-json\/wp\/v2\/product_tag?post=56849"}],"curies":[{"name":"wp","href":"https:\/\/api.w.org\/{rel}","templated":true}]}}