{"id":56827,"date":"2021-11-07T18:36:17","date_gmt":"2021-11-08T00:36:17","guid":{"rendered":"https:\/\/defabrica.com.mx\/defabrica\/?post_type=product&#038;p=56827"},"modified":"2023-01-26T15:39:44","modified_gmt":"2023-01-26T21:39:44","slug":"oon-32-class-hd-led-roku-smart-tv","status":"publish","type":"product","link":"https:\/\/defabrica.com.mx\/defabrica\/producto\/oon-32-class-hd-led-roku-smart-tv\/","title":{"rendered":"OON. 32&#8243; Class HD &#8211; LED Roku Smart TV"},"content":{"rendered":"<p>\u00a1Disfruta de pel\u00edculas y episodios de televisi\u00f3n, noticias, deportes, m\u00fasica y m\u00e1s!\u00a0Insistimos en 720P de alta definici\u00f3n para este televisor LED de 32 \u00ab, lo que brinda colores, texturas y detalles m\u00e1s realistas. Tambi\u00e9n nos asociamos con Roku para brindarle el mejor contenido posible con miles de canales para elegir, convenientemente presentados a trav\u00e9s de su propia casa personalizable. Mire por cable, sat\u00e9lite, antena HDTV o simplemente comience a transmitir desde su aplicaci\u00f3n favorita. \u00bfLe gusta el sonido de su propia voz? De hecho, puede usarla con la aplicaci\u00f3n m\u00f3vil Roku para buscar el t\u00edtulo, artista, actor o director, o simplemente ve a la vieja escuela con nuestro pr\u00e1ctico control remoto. Tambi\u00e9n manejamos todas las actualizaciones de software, autom\u00e1ticamente, as\u00ed que solo tienes que preocuparte de qu\u00e9 mirar. Pi\u00e9rdete en la mejor experiencia de visualizaci\u00f3n. Estamos en. \u2122 para algo aqu\u00ed.\u00a0D\u00edgale adi\u00f3s a la estresante toma de decisiones y al miedo al pasillo de la electr\u00f3nica.\u00a0Nuestra misi\u00f3n es simple &#8230; entregar excelentes productos y hacerlo f\u00e1cil.\u00a0Elija onn.\u00a0y vuelva a usar su capacidad intelectual para las cosas importantes de la vida, como reflexionar sobre la pregunta: \u00ab\u00bfQu\u00e9 debo ver este fin de semana?\u00bb.<\/p>\n<h3><strong>Caracter\u00edsticas<\/strong><\/h3>\n<ul>\n<li>Televisor LED HD de 720p de 32 \u00ab(31,5\u00bb en diagonal real)<\/li>\n<li>VESA: 200 x 100 mm<\/li>\n<li>Frecuencia de actualizaci\u00f3n de 60 Hz<\/li>\n<li>Resoluci\u00f3n 720P<\/li>\n<li>Pantalla DLED<\/li>\n<li>Transmisi\u00f3n inal\u00e1mbrica<\/li>\n<li>Conexiones: 3 HDMI, 1 compuesto, 1 USB, 1 \u00f3ptico, 1 coaxial \/ cable y 1 auricular<\/li>\n<li>\u00bfQu\u00e9 hay en la caja? 1 onn. Roku TV 32 \u00ab, 1 control remoto de TV Roku (bater\u00edas incluidas), 1 gu\u00eda de inicio r\u00e1pido, 1 soporte de TV + hardware<\/li>\n<\/ul>\n","protected":false},"excerpt":{"rendered":"<p>\u00a1Disfruta de pel\u00edculas y episodios de televisi\u00f3n, noticias, deportes, m\u00fasica y m\u00e1s!\u00a0Insistimos en 720P de alta definici\u00f3n para este televisor LED de 32 \u00ab, lo que brinda colores, texturas y<\/p>\n","protected":false},"featured_media":73235,"comment_status":"open","ping_status":"closed","template":"","meta":{"_acf_changed":false,"_joinchat":[]},"product_brand":[],"product_cat":[336,937],"product_tag":[],"class_list":{"0":"post-56827","1":"product","2":"type-product","3":"status-publish","4":"has-post-thumbnail","6":"product_cat-hogar","7":"product_cat-pantallas","9":"first","10":"instock","11":"sale","12":"shipping-taxable","13":"purchasable","14":"product-type-simple"},"acf":[],"_links":{"self":[{"href":"https:\/\/defabrica.com.mx\/defabrica\/wp-json\/wp\/v2\/product\/56827","targetHints":{"allow":["GET"]}}],"collection":[{"href":"https:\/\/defabrica.com.mx\/defabrica\/wp-json\/wp\/v2\/product"}],"about":[{"href":"https:\/\/defabrica.com.mx\/defabrica\/wp-json\/wp\/v2\/types\/product"}],"replies":[{"embeddable":true,"href":"https:\/\/defabrica.com.mx\/defabrica\/wp-json\/wp\/v2\/comments?post=56827"}],"wp:featuredmedia":[{"embeddable":true,"href":"https:\/\/defabrica.com.mx\/defabrica\/wp-json\/wp\/v2\/media\/73235"}],"wp:attachment":[{"href":"https:\/\/defabrica.com.mx\/defabrica\/wp-json\/wp\/v2\/media?parent=56827"}],"wp:term":[{"taxonomy":"product_brand","embeddable":true,"href":"https:\/\/defabrica.com.mx\/defabrica\/wp-json\/wp\/v2\/product_brand?post=56827"},{"taxonomy":"product_cat","embeddable":true,"href":"https:\/\/defabrica.com.mx\/defabrica\/wp-json\/wp\/v2\/product_cat?post=56827"},{"taxonomy":"product_tag","embeddable":true,"href":"https:\/\/defabrica.com.mx\/defabrica\/wp-json\/wp\/v2\/product_tag?post=56827"}],"curies":[{"name":"wp","href":"https:\/\/api.w.org\/{rel}","templated":true}]}}