{"id":56787,"date":"2021-11-07T18:27:50","date_gmt":"2021-11-08T00:27:50","guid":{"rendered":"https:\/\/defabrica.com.mx\/defabrica\/?post_type=product&#038;p=56787"},"modified":"2023-01-26T15:37:30","modified_gmt":"2023-01-26T21:37:30","slug":"sanyo-32-hd-roku-smart-tv-led","status":"publish","type":"product","link":"https:\/\/defabrica.com.mx\/defabrica\/producto\/sanyo-32-hd-roku-smart-tv-led\/","title":{"rendered":"Sanyo 32&#8243;  HD Roku Smart TV LED"},"content":{"rendered":"<p>Equipa tu sala de entretenimiento o incluso tu dormitorio con este televisor Sanyo Smart Roku de 32 \u00abClass HD (720P) (FW32R19F). Roku TV hace que la transmisi\u00f3n sea instant\u00e1nea, por lo que siempre tendr\u00e1s tu programa o pel\u00edcula favorita al alcance de tu mano. Sanyo Roku La televisi\u00f3n le ofrece los mejores canales como Netflix, Google Play, Crackle y m\u00e1s. Tambi\u00e9n tendr\u00e1 acceso a m\u00e1s de 500.000 pel\u00edculas y episodios de televisi\u00f3n en miles de canales gratuitos o de pago, adem\u00e1s de funciones innovadoras que hacen que encontrar su entretenimiento favorito sea r\u00e1pido y sencillo.<\/p>\n<h3><strong>Caracter\u00edsticas<\/strong><\/h3>\n<ul>\n<li>Sanyo 32 \u00abClass HD (720p) Smart Roku TV (FW32R19F):<\/li>\n<li>Clase de 32 pulgadas (31,5 pulgadas medidas en diagonal)<\/li>\n<li>Relaci\u00f3n de aspecto real de 16: 9 para ver sus pel\u00edculas como las concibi\u00f3 el director<\/li>\n<li>Sintonizador digital incorporado para ver transmisiones digitales, incluidos programas de HDTV donde est\u00e9n disponibles<\/li>\n<li><strong>Entradas HDMI:<\/strong> 2: disfrute de una experiencia HD superior con HDMI, la soluci\u00f3n de audio \/ video con un solo cable<\/li>\n<li><strong>Montaje en pared:<\/strong> est\u00e1ndar VESA 200 mm x 100 mm<\/li>\n<li><strong>Entretenimiento:<\/strong> elija entre m\u00e1s de 500.000 pel\u00edculas y episodios de televisi\u00f3n<\/li>\n<li><strong>Pantalla de inicio:<\/strong> acceda a su decodificador de cable, sat\u00e9lite, antena de HDTV y canales de transmisi\u00f3n favoritos, todo desde su pantalla de inicio<\/li>\n<li><strong>Destacados gratuitos:<\/strong> obtenga acceso con un clic a pel\u00edculas y episodios de TV gratuitos con Destacados gratuitos, adem\u00e1s de cientos de canales gratuitos m\u00e1s<\/li>\n<li><strong>B\u00fasqueda f\u00e1cil:<\/strong> busque por t\u00edtulo, actor o director para ver d\u00f3nde puede transmitir programas de forma gratuita o al menor costo<\/li>\n<li>Aplicaci\u00f3n m\u00f3vil gratuita Roku para dispositivos iOS o Android para controlar su televisor, usar la b\u00fasqueda por voz, disfrutar de la escucha privada y m\u00e1s<\/li>\n<\/ul>\n","protected":false},"excerpt":{"rendered":"<p>Equipa tu sala de entretenimiento o incluso tu dormitorio con este televisor Sanyo Smart Roku de 32 \u00abClass HD (720P) (FW32R19F). Roku TV hace que la transmisi\u00f3n sea instant\u00e1nea, por<\/p>\n","protected":false},"featured_media":73230,"comment_status":"open","ping_status":"closed","template":"","meta":{"_acf_changed":false,"_joinchat":[]},"product_brand":[],"product_cat":[336,937],"product_tag":[],"class_list":{"0":"post-56787","1":"product","2":"type-product","3":"status-publish","4":"has-post-thumbnail","6":"product_cat-hogar","7":"product_cat-pantallas","9":"first","10":"instock","11":"sale","12":"shipping-taxable","13":"purchasable","14":"product-type-simple"},"acf":[],"_links":{"self":[{"href":"https:\/\/defabrica.com.mx\/defabrica\/wp-json\/wp\/v2\/product\/56787","targetHints":{"allow":["GET"]}}],"collection":[{"href":"https:\/\/defabrica.com.mx\/defabrica\/wp-json\/wp\/v2\/product"}],"about":[{"href":"https:\/\/defabrica.com.mx\/defabrica\/wp-json\/wp\/v2\/types\/product"}],"replies":[{"embeddable":true,"href":"https:\/\/defabrica.com.mx\/defabrica\/wp-json\/wp\/v2\/comments?post=56787"}],"wp:featuredmedia":[{"embeddable":true,"href":"https:\/\/defabrica.com.mx\/defabrica\/wp-json\/wp\/v2\/media\/73230"}],"wp:attachment":[{"href":"https:\/\/defabrica.com.mx\/defabrica\/wp-json\/wp\/v2\/media?parent=56787"}],"wp:term":[{"taxonomy":"product_brand","embeddable":true,"href":"https:\/\/defabrica.com.mx\/defabrica\/wp-json\/wp\/v2\/product_brand?post=56787"},{"taxonomy":"product_cat","embeddable":true,"href":"https:\/\/defabrica.com.mx\/defabrica\/wp-json\/wp\/v2\/product_cat?post=56787"},{"taxonomy":"product_tag","embeddable":true,"href":"https:\/\/defabrica.com.mx\/defabrica\/wp-json\/wp\/v2\/product_tag?post=56787"}],"curies":[{"name":"wp","href":"https:\/\/api.w.org\/{rel}","templated":true}]}}