{"id":56505,"date":"2021-11-07T15:48:37","date_gmt":"2021-11-07T21:48:37","guid":{"rendered":"https:\/\/defabrica.com.mx\/defabrica\/?post_type=product&#038;p=56505"},"modified":"2022-07-05T13:30:04","modified_gmt":"2022-07-05T18:30:04","slug":"puma-el-rey-ii-slip-on-sneaker","status":"publish","type":"product","link":"https:\/\/defabrica.com.mx\/defabrica\/producto\/puma-el-rey-ii-slip-on-sneaker\/","title":{"rendered":"PUMA &#8211; EL REY II SLIP ON SNEAKER"},"content":{"rendered":"<p>La zapatilla El Rey Slip-On de Puma es r\u00e1pida, c\u00f3moda y s\u00faper elegante.\u00a0La parte superior de malla tiene un perfil bajo con un acento de banda superpuesta para un toque de borde.\u00a0La plantilla acolchada reconforta tu pie con cada paso, este ser\u00e1 tu nuevo zapato casual favorito de fin de semana.<\/p>\n","protected":false},"excerpt":{"rendered":"<p>La zapatilla El Rey Slip-On de Puma es r\u00e1pida, c\u00f3moda y s\u00faper elegante.\u00a0La parte superior de malla tiene un perfil bajo con un acento de banda superpuesta para un toque<\/p>\n","protected":false},"featured_media":56516,"comment_status":"open","ping_status":"closed","template":"","meta":{"_acf_changed":false,"_joinchat":[]},"product_brand":[],"product_cat":[1385,1387,1403],"product_tag":[],"class_list":{"0":"post-56505","1":"product","2":"type-product","3":"status-publish","4":"has-post-thumbnail","6":"product_cat-calzado","7":"product_cat-hombre","8":"product_cat-moda","10":"first","11":"instock","12":"sale","13":"shipping-taxable","14":"purchasable","15":"product-type-variable","16":"has-default-attributes"},"acf":[],"_links":{"self":[{"href":"https:\/\/defabrica.com.mx\/defabrica\/wp-json\/wp\/v2\/product\/56505","targetHints":{"allow":["GET"]}}],"collection":[{"href":"https:\/\/defabrica.com.mx\/defabrica\/wp-json\/wp\/v2\/product"}],"about":[{"href":"https:\/\/defabrica.com.mx\/defabrica\/wp-json\/wp\/v2\/types\/product"}],"replies":[{"embeddable":true,"href":"https:\/\/defabrica.com.mx\/defabrica\/wp-json\/wp\/v2\/comments?post=56505"}],"wp:featuredmedia":[{"embeddable":true,"href":"https:\/\/defabrica.com.mx\/defabrica\/wp-json\/wp\/v2\/media\/56516"}],"wp:attachment":[{"href":"https:\/\/defabrica.com.mx\/defabrica\/wp-json\/wp\/v2\/media?parent=56505"}],"wp:term":[{"taxonomy":"product_brand","embeddable":true,"href":"https:\/\/defabrica.com.mx\/defabrica\/wp-json\/wp\/v2\/product_brand?post=56505"},{"taxonomy":"product_cat","embeddable":true,"href":"https:\/\/defabrica.com.mx\/defabrica\/wp-json\/wp\/v2\/product_cat?post=56505"},{"taxonomy":"product_tag","embeddable":true,"href":"https:\/\/defabrica.com.mx\/defabrica\/wp-json\/wp\/v2\/product_tag?post=56505"}],"curies":[{"name":"wp","href":"https:\/\/api.w.org\/{rel}","templated":true}]}}