{"id":52851,"date":"2021-10-22T20:13:34","date_gmt":"2021-10-23T01:13:34","guid":{"rendered":"https:\/\/defabrica.com.mx\/defabrica\/?post_type=product&#038;p=52851"},"modified":"2022-12-07T12:52:12","modified_gmt":"2022-12-07T18:52:12","slug":"samsung-barra-de-sonido-de-3-1-2-canales-subwoofer-inalambrico-dolby-atmos-dts-x-diseno-carbon-mid-silver","status":"publish","type":"product","link":"https:\/\/defabrica.com.mx\/defabrica\/producto\/samsung-barra-de-sonido-de-3-1-2-canales-subwoofer-inalambrico-dolby-atmos-dts-x-diseno-carbon-mid-silver\/","title":{"rendered":"Samsung &#8211; Barra de sonido de 3.1.2 canales &#8211; subwoofer inal\u00e1mbrico &#8211; Dolby Atmos &#8211; DTS: X &#8211; Dise\u00f1o Carbon Mid silver"},"content":{"rendered":"<div class=\"embedded-component-container lv product-description\">\n<div>\n<div id=\"shop-product-description-19762643\" class=\"None\" data-version=\"1.3.38\">\n<div class=\"shop-product-description\">\n<section class=\"align-heading-left\" data-reactroot=\"\">\n<div class=\"long-description-container body-copy \">\n<div class=\"html-fragment\">\n<div>\n<div>\n<p>Mejora tu experiencia de entretenimiento con un sonido 3D envolvente.\u00a0La potencia de la barra de sonido Samsung Q600A hace que la barra de sonido envolvente cobre vida con parlantes que se disparan desde el frente, los lados y arriba.<\/p>\n<p>&nbsp;<\/p>\n<\/div>\n<\/div>\n<\/div>\n<\/div>\n<\/section>\n<\/div>\n<\/div>\n<\/div>\n<\/div>\n<h3><strong>Caracter\u00edsticas<\/strong><\/h3>\n<ul>\n<li><strong>Dolby Atmos \/ DTS: X<\/strong><br \/>\nExplore audio 3D realista con sonido proyectado con precisi\u00f3n desde arriba, delante, detr\u00e1s y a un lado con las \u00faltimas tecnolog\u00edas ac\u00fasticas.<\/li>\n<li><strong>Sonido verdadero de 3.1.2 canales<\/strong><br \/>\nLa experiencia de entretenimiento de audio completa con 3 canales, 1 subwoofer y 2 canales de encendido.<\/li>\n<li><strong>Q-Symphony<\/strong><br \/>\nAudio que rastrea cada escena con audio perfectamente sincronizado desde su TV Samsung compatible y barra de sonido para una experiencia cinematogr\u00e1fica armoniosa.<\/li>\n<li><strong>Sonido adaptativo<\/strong><br \/>\nOlv\u00eddese de rebobinar para captar lo que se dijo. Disfrute de audio optimizado din\u00e1micamente con claridad de voz mejorada para lo que est\u00e9 viendo, incluidos deportes, juegos, pel\u00edculas y m\u00e1s.<\/li>\n<li><strong>Haz ac\u00fastico de Samsung<\/strong><br \/>\nSum\u00e9rjase en lo que est\u00e1 viendo con un sonido panor\u00e1mico que se mueve con la acci\u00f3n en pantalla.<\/li>\n<li><strong>Modo profesional del juego<\/strong><br \/>\nSube de nivel con audio direccional 3D de parlantes que disparan hacia arriba. Acoustic Beam\u00ae y los potentes woofers sincronizan autom\u00e1ticamente el sonido con la acci\u00f3n en pantalla, mientras que la cancelaci\u00f3n de la diafon\u00eda minimiza las distracciones.<\/li>\n<li><strong>Conexi\u00f3n m\u00faltiple<\/strong><br \/>\nConecte f\u00e1cilmente su barra de sonido a su televisor con Wi-Fi, Bluetooth o HDMI.<\/li>\n<li><strong>Toque Sonido<\/strong><br \/>\nRefleja la m\u00fasica de tu tel\u00e9fono en tu barra de sonido para escuchar m\u00fasica sin interrupciones y sin interrupciones con solo un toque.<\/li>\n<li><strong>Un mando a distancia<\/strong><br \/>\nOptimice el control tanto de su televisor Samsung como de su barra de sonido con solo el control remoto del televisor Samsung.<\/li>\n<li><strong>Compatible con sonido envolvente inal\u00e1mbrico Dolby Atmos<\/strong><br \/>\nConvierta su barra de sonido en un completo sistema de sonido envolvente con parlantes traseros Samsung opcionales sin el desorden de cables para una experiencia cinematogr\u00e1fica.<\/li>\n<li>\u00b9Las im\u00e1genes son simuladas y solo tienen fines ilustrativos. Las especificaciones de apariencia, dise\u00f1o y GUI (interfaz gr\u00e1fica de usuario), que no afectan el rendimiento del producto, est\u00e1n sujetas a cambios sin previo aviso. El televisor se vende por separado.<\/li>\n<li>\u00b2Dolby Atmos y DTS: X se aplican a todas las barras de sonido de la serie Q de 2021. (Excluye la barra de sonido Q65T de 2021) Se requiere contenido fuente Dolby Atmos y DTS: X.<\/li>\n<li>\u00b3Q-Symphony es compatible con ciertos televisores Samsung 2020 y 2021. Consulte samsung.com para obtener m\u00e1s informaci\u00f3n. La barra de sonido debe estar conectada al televisor a trav\u00e9s de HDMI para habilitar la funci\u00f3n Q-Symphony<\/li>\n<li>\u2074Compatible con determinados televisores y determinadas consolas de juegos \u00fanicamente. (por ejemplo, Xbox One, PS4, Nintendo Switch). Consulte samsung.com para obtener m\u00e1s informaci\u00f3n. La consola de juegos se vende por separado.<\/li>\n<li>\u2075Compruebe si su televisor es compatible con Wi-Fi, Bluetooth\u00ae o HDMI.<\/li>\n<li>\u2076 El sonido del toque solo es compatible con determinados dispositivos m\u00f3viles Samsung, con Android 8.1 y superior. Tap Sound requiere la aplicaci\u00f3n SmartThings para activarse y configurarse. Este servicio solo funciona cuando Soundbar y el m\u00f3vil est\u00e1n activados.<\/li>\n<li>\u2077La funci\u00f3n y el dise\u00f1o del control remoto pueden variar seg\u00fan el modelo de TV y la regi\u00f3n. Solo disponible en determinados televisores Samsung. Consulte samsung.com para obtener m\u00e1s informaci\u00f3n.<\/li>\n<li>\u2078El kit de altavoz trasero inal\u00e1mbrico Samsung se vende por separado. (Modelos de accesorios: SWA-9100S o SWA-9500S). El m\u00f3dulo inal\u00e1mbrico requiere un cable de alimentaci\u00f3n para funcionar y cables de altavoz para conectarse a los altavoces traseros.<\/li>\n<\/ul>\n<p>&nbsp;<\/p>\n<div class=\"embedded-component-container lv product-features\"><\/div>\n","protected":false},"excerpt":{"rendered":"<p>Mejora tu experiencia de entretenimiento con un sonido 3D envolvente.\u00a0La potencia de la barra de sonido Samsung Q600A hace que la barra de sonido envolvente cobre vida con parlantes que<\/p>\n","protected":false},"featured_media":52852,"comment_status":"open","ping_status":"closed","template":"","meta":{"_acf_changed":false,"_joinchat":[]},"product_brand":[],"product_cat":[294,295,296,299],"product_tag":[],"class_list":{"0":"post-52851","1":"product","2":"type-product","3":"status-publish","4":"has-post-thumbnail","6":"product_cat-audio","7":"product_cat-bocinas","8":"product_cat-sistemas-de-cine-en-casa","9":"product_cat-ver-todas-las-bocinas","11":"first","12":"instock","13":"sale","14":"shipping-taxable","15":"purchasable","16":"product-type-simple"},"acf":[],"_links":{"self":[{"href":"https:\/\/defabrica.com.mx\/defabrica\/wp-json\/wp\/v2\/product\/52851","targetHints":{"allow":["GET"]}}],"collection":[{"href":"https:\/\/defabrica.com.mx\/defabrica\/wp-json\/wp\/v2\/product"}],"about":[{"href":"https:\/\/defabrica.com.mx\/defabrica\/wp-json\/wp\/v2\/types\/product"}],"replies":[{"embeddable":true,"href":"https:\/\/defabrica.com.mx\/defabrica\/wp-json\/wp\/v2\/comments?post=52851"}],"wp:featuredmedia":[{"embeddable":true,"href":"https:\/\/defabrica.com.mx\/defabrica\/wp-json\/wp\/v2\/media\/52852"}],"wp:attachment":[{"href":"https:\/\/defabrica.com.mx\/defabrica\/wp-json\/wp\/v2\/media?parent=52851"}],"wp:term":[{"taxonomy":"product_brand","embeddable":true,"href":"https:\/\/defabrica.com.mx\/defabrica\/wp-json\/wp\/v2\/product_brand?post=52851"},{"taxonomy":"product_cat","embeddable":true,"href":"https:\/\/defabrica.com.mx\/defabrica\/wp-json\/wp\/v2\/product_cat?post=52851"},{"taxonomy":"product_tag","embeddable":true,"href":"https:\/\/defabrica.com.mx\/defabrica\/wp-json\/wp\/v2\/product_tag?post=52851"}],"curies":[{"name":"wp","href":"https:\/\/api.w.org\/{rel}","templated":true}]}}