{"id":52835,"date":"2021-10-22T19:58:02","date_gmt":"2021-10-23T00:58:02","guid":{"rendered":"https:\/\/defabrica.com.mx\/defabrica\/?post_type=product&#038;p=52835"},"modified":"2023-01-14T13:30:50","modified_gmt":"2023-01-14T19:30:50","slug":"polk-audio-cine-en-casa-magnifi-compatible-con-pantallas-4k-y-hd-subwoofer-inalambrico-negro","status":"publish","type":"product","link":"https:\/\/defabrica.com.mx\/defabrica\/producto\/polk-audio-cine-en-casa-magnifi-compatible-con-pantallas-4k-y-hd-subwoofer-inalambrico-negro\/","title":{"rendered":"Polk Audio | Cine en casa MagniFi &#8211; Compatible con Pantallas 4K y HD | Subwoofer inal\u00e1mbrico &#8211; Negro"},"content":{"rendered":"<div class=\"embedded-component-container lv product-description\">\n<div>\n<div id=\"shop-product-description-61231066\" class=\"None\" data-version=\"1.3.38\">\n<div class=\"shop-product-description\">\n<section class=\"align-heading-left\" data-reactroot=\"\">\n<div class=\"long-description-container body-copy \">\n<div class=\"html-fragment\">\n<div>\n<div>\n<p>MagniFi Mini ofrece la gran experiencia de cine en casa que llena la habitaci\u00f3n que esperar\u00eda de una barra de sonido de tama\u00f1o completo en un dise\u00f1o ultracompacto.\u00a0Compatible con la mayor\u00eda de los televisores, es f\u00e1cil de configurar y cuenta con las tecnolog\u00edas de ajuste de voz y sonido envolvente SDA de Polk con decodificaci\u00f3n 5.1 Dolby Digital, lo que garantiza un di\u00e1logo n\u00edtido y un sonido envolvente envolvente, adem\u00e1s de un subwoofer inal\u00e1mbrico incluido para un impacto de graves profundos que puede sentir.\u00a0F\u00e1cil de usar con cualquier televisor, decodificador de cable o control remoto por infrarrojos satelital, sin necesidad de dos controles remotos.\u00a0Transmita su m\u00fasica favorita a trav\u00e9s de Bluetooth y Google Home Chromecast para audio.\u00a0El modo nocturno de un bot\u00f3n reduce los graves y aumenta el ajuste de voz, lo que brinda un di\u00e1logo claro, todo sin aumentar el volumen maestro.<\/p>\n<p>&nbsp;<\/p>\n<\/div>\n<\/div>\n<\/div>\n<\/div>\n<\/section>\n<\/div>\n<\/div>\n<\/div>\n<\/div>\n<h3><strong>Caracter\u00edsticas<\/strong><\/h3>\n<div class=\"embedded-component-container lv product-features\">\n<ul>\n<li><strong>PEQUE\u00d1O TAMA\u00d1O, GRAN SONIDO<\/strong><br \/>\nEn su dise\u00f1o compacto se encuentra una colecci\u00f3n de potentes controladores y tweeters, que producen un sonido excepcionalmente claro. Con solo un poco m\u00e1s de un pie de largo, estas barras de sonido son imprescindibles si tiene limitaciones de espacio para su sistema de cine en casa.<\/li>\n<li><strong>TECNOLOG\u00cdA DE AUDIO SDA PATENTADA<\/strong><br \/>\nEXPERIMENTE UN SONIDO ENVOLVENTE INMERSIVO CON LA TECNOLOG\u00cdA DE AUDIO SDA PATENTADA DE POLK y la codificaci\u00f3n 5.1 Dolby Digital. El SUBWOOFER INAL\u00c1MBRICO INCLUIDO llena su sala de estar, dormitorio o sala multimedia con sonido envolvente multidimensional<\/li>\n<li><strong>TECNOLOG\u00cdA DE AJUSTE DE VOZ<\/strong><br \/>\nLa tecnolog\u00eda de ajuste de voz exclusiva de Polk incluso le permite CONTROLAR INDEPENDIENTEMENTE LOS NIVELES DE VOZ maximizando la claridad del sonido y minimizando los retrasos en la voz y los sonidos con bozal. Equipado con MODOS INDEPENDIENTES PARA PEL\u00cdCULAS, M\u00daSICA Y DEPORTES.<\/li>\n<li><strong>TRANSMISI\u00d3N INAL\u00c1MBRICA DE M\u00daSICA<\/strong><br \/>\nTRANSMISI\u00d3N INAL\u00c1MBRICA DE M\u00daSICA con GOOGLE CAST desde su tel\u00e9fono inteligente, tableta u otros dispositivos Android compatibles para un sistema de varias habitaciones. Transmita sus pistas de m\u00fasica favoritas a su barra de sonido a trav\u00e9s de servicios de transmisi\u00f3n como Pandora, Spotify y otros<\/li>\n<li><strong>CONFIGURACI\u00d3N F\u00c1CIL Y R\u00c1PIDA<\/strong><br \/>\nEl escaneo de la barra de sonido se configura en minutos usando los cables \u00f3pticos y HDMI incluidos, y la aplicaci\u00f3n Google Home en sus dispositivos Android o iOS<\/li>\n<\/ul>\n<\/div>\n","protected":false},"excerpt":{"rendered":"<p>MagniFi Mini ofrece la gran experiencia de cine en casa que llena la habitaci\u00f3n que esperar\u00eda de una barra de sonido de tama\u00f1o completo en un dise\u00f1o ultracompacto.\u00a0Compatible con la<\/p>\n","protected":false},"featured_media":52837,"comment_status":"open","ping_status":"closed","template":"","meta":{"_acf_changed":false,"_joinchat":[]},"product_brand":[],"product_cat":[294,295,296,299],"product_tag":[],"class_list":{"0":"post-52835","1":"product","2":"type-product","3":"status-publish","4":"has-post-thumbnail","6":"product_cat-audio","7":"product_cat-bocinas","8":"product_cat-sistemas-de-cine-en-casa","9":"product_cat-ver-todas-las-bocinas","11":"first","12":"instock","13":"sale","14":"shipping-taxable","15":"purchasable","16":"product-type-simple"},"acf":[],"_links":{"self":[{"href":"https:\/\/defabrica.com.mx\/defabrica\/wp-json\/wp\/v2\/product\/52835","targetHints":{"allow":["GET"]}}],"collection":[{"href":"https:\/\/defabrica.com.mx\/defabrica\/wp-json\/wp\/v2\/product"}],"about":[{"href":"https:\/\/defabrica.com.mx\/defabrica\/wp-json\/wp\/v2\/types\/product"}],"replies":[{"embeddable":true,"href":"https:\/\/defabrica.com.mx\/defabrica\/wp-json\/wp\/v2\/comments?post=52835"}],"wp:featuredmedia":[{"embeddable":true,"href":"https:\/\/defabrica.com.mx\/defabrica\/wp-json\/wp\/v2\/media\/52837"}],"wp:attachment":[{"href":"https:\/\/defabrica.com.mx\/defabrica\/wp-json\/wp\/v2\/media?parent=52835"}],"wp:term":[{"taxonomy":"product_brand","embeddable":true,"href":"https:\/\/defabrica.com.mx\/defabrica\/wp-json\/wp\/v2\/product_brand?post=52835"},{"taxonomy":"product_cat","embeddable":true,"href":"https:\/\/defabrica.com.mx\/defabrica\/wp-json\/wp\/v2\/product_cat?post=52835"},{"taxonomy":"product_tag","embeddable":true,"href":"https:\/\/defabrica.com.mx\/defabrica\/wp-json\/wp\/v2\/product_tag?post=52835"}],"curies":[{"name":"wp","href":"https:\/\/api.w.org\/{rel}","templated":true}]}}