{"id":52811,"date":"2021-10-22T18:02:58","date_gmt":"2021-10-22T23:02:58","guid":{"rendered":"https:\/\/defabrica.com.mx\/defabrica\/?post_type=product&#038;p=52811"},"modified":"2023-01-14T13:43:05","modified_gmt":"2023-01-14T19:43:05","slug":"jbl-endurance-peak-2-true-wireless-deportivos","status":"publish","type":"product","link":"https:\/\/defabrica.com.mx\/defabrica\/producto\/jbl-endurance-peak-2-true-wireless-deportivos\/","title":{"rendered":"JBL &#8211; Endurance Peak 2 True Wireless &#8211; Deportivos"},"content":{"rendered":"<p>Un entrenamiento serio merece un equipo serio.\u00a0Los aud\u00edfonos JBL Endurance Peak II True Wireless brindan el sonido JBL Pure Bass para impulsar su entrenamiento, al mismo tiempo que brindan comodidad y conectividad para que contin\u00fae fuerte.\u00a0Obt\u00e9n una motivaci\u00f3n de nivel superior con 30 horas de duraci\u00f3n combinada de la bater\u00eda, desde el momento en que las usas, gracias al Powerhook.\u00a0Los controles t\u00e1ctiles intuitivos le permiten recibir llamadas con manos libres y acceder a su asistente de voz, mientras que la conexi\u00f3n dual garantiza que siempre tendr\u00e1 el control, ya que los auriculares funcionan de forma independiente.<\/p>\n<h3 class=\"heading-5 v-fw-regular feature-heading\"><strong>Caracter\u00edsticas<\/strong><\/h3>\n<ul>\n<li><strong>Sonido JBL Pure Bass<\/strong><br \/>\nObtenga suficientes graves para darle un impulso a todo su cuerpo y obtenga ese empuje extra justo cuando m\u00e1s lo necesita<\/li>\n<li><strong>30 horas de reproducci\u00f3n (6 horas en botones \/ 24 horas en caso)<\/strong><br \/>\nCon una bater\u00eda que dura todo lo que pueda, tiene la inspiraci\u00f3n adicional que se necesita para hacer un esfuerzo adicional.<\/li>\n<li><strong>Dise\u00f1o Powerhook para un ajuste y control ergon\u00f3micos<\/strong><br \/>\nEl Endurance Peak II se ajusta a ti, no al rev\u00e9s. El cable flexible en el gancho para la oreja le permite ajustar los auriculares a su tama\u00f1o y nivel de comodidad.<\/li>\n<li><strong>Conexi\u00f3n dual<\/strong><br \/>\nNo importa qu\u00e9 auricular saque primero del estuche. Puede recibir llamadas, ajustar el volumen o usar su asistente de voz en cualquier o\u00eddo, para que pueda mantenerse flexible y nunca perder el impulso.<\/li>\n<li><strong>Llamadas est\u00e9reo con manos libres y acceso al asistente de voz<\/strong><br \/>\nMant\u00e9ngase en contacto con su gente y mantenga el control de su reproducci\u00f3n sin interrumpir el flujo de su entrenamiento.<\/li>\n<li><strong>IPX7 resistente al sudor y al agua<\/strong><br \/>\nAdelante. M\u00f3jate tanto como quieras. Ya sea lluvia o sudor puro y honesto, no te preocupes por el Peak II.<\/li>\n<\/ul>\n<p>&nbsp;<\/p>\n<p>&nbsp;<\/p>\n","protected":false},"excerpt":{"rendered":"<p>Un entrenamiento serio merece un equipo serio.\u00a0Los aud\u00edfonos JBL Endurance Peak II True Wireless brindan el sonido JBL Pure Bass para impulsar su entrenamiento, al mismo tiempo que brindan comodidad<\/p>\n","protected":false},"featured_media":52819,"comment_status":"open","ping_status":"closed","template":"","meta":{"_acf_changed":false,"_joinchat":[]},"product_brand":[],"product_cat":[1476,294,300,304],"product_tag":[],"class_list":{"0":"post-52811","1":"product","2":"type-product","3":"status-publish","4":"has-post-thumbnail","6":"product_cat-ofertas-primavera-audio","7":"product_cat-audio","8":"product_cat-audifonos","9":"product_cat-inalambricos","11":"first","12":"instock","13":"sale","14":"shipping-taxable","15":"purchasable","16":"product-type-simple"},"acf":[],"_links":{"self":[{"href":"https:\/\/defabrica.com.mx\/defabrica\/wp-json\/wp\/v2\/product\/52811","targetHints":{"allow":["GET"]}}],"collection":[{"href":"https:\/\/defabrica.com.mx\/defabrica\/wp-json\/wp\/v2\/product"}],"about":[{"href":"https:\/\/defabrica.com.mx\/defabrica\/wp-json\/wp\/v2\/types\/product"}],"replies":[{"embeddable":true,"href":"https:\/\/defabrica.com.mx\/defabrica\/wp-json\/wp\/v2\/comments?post=52811"}],"wp:featuredmedia":[{"embeddable":true,"href":"https:\/\/defabrica.com.mx\/defabrica\/wp-json\/wp\/v2\/media\/52819"}],"wp:attachment":[{"href":"https:\/\/defabrica.com.mx\/defabrica\/wp-json\/wp\/v2\/media?parent=52811"}],"wp:term":[{"taxonomy":"product_brand","embeddable":true,"href":"https:\/\/defabrica.com.mx\/defabrica\/wp-json\/wp\/v2\/product_brand?post=52811"},{"taxonomy":"product_cat","embeddable":true,"href":"https:\/\/defabrica.com.mx\/defabrica\/wp-json\/wp\/v2\/product_cat?post=52811"},{"taxonomy":"product_tag","embeddable":true,"href":"https:\/\/defabrica.com.mx\/defabrica\/wp-json\/wp\/v2\/product_tag?post=52811"}],"curies":[{"name":"wp","href":"https:\/\/api.w.org\/{rel}","templated":true}]}}