{"id":52678,"date":"2021-10-21T21:58:19","date_gmt":"2021-10-22T02:58:19","guid":{"rendered":"https:\/\/defabrica.com.mx\/defabrica\/?post_type=product&#038;p=52678"},"modified":"2022-12-07T12:51:46","modified_gmt":"2022-12-07T18:51:46","slug":"lg-sistema-de-barra-de-sonido-de-2-1-canales-300w-subwoofer-inalambrico-de-6-diseno-black-onix","status":"publish","type":"product","link":"https:\/\/defabrica.com.mx\/defabrica\/producto\/lg-sistema-de-barra-de-sonido-de-2-1-canales-300w-subwoofer-inalambrico-de-6-diseno-black-onix\/","title":{"rendered":"LG &#8211; Sistema de barra de sonido de 2.1 canales 300W &#8211; subwoofer inalambrico de 6 \u00ab- Dise\u00f1o Black Onix"},"content":{"rendered":"<div class=\"embedded-component-container lv product-description\">\n<div>\n<div id=\"shop-product-description-94690161\" class=\"None\" data-version=\"1.3.38\">\n<div class=\"shop-product-description\">\n<section class=\"align-heading-left\" data-reactroot=\"\">\n<div class=\"long-description-container body-copy \">\n<div class=\"html-fragment\">\n<div>\n<div>\n<p>Agregue audio en auge a su sistema de cine en casa con este kit de parlantes de 300W y 2.1 canales de LG Electronics.\u00a0El diafragma de carbono liviano reduce la distorsi\u00f3n para un audio limpio y n\u00edtido, mientras que Adaptive Sound Control ajusta autom\u00e1ticamente la configuraci\u00f3n para una calidad \u00f3ptima.\u00a0Este kit de altavoces LG Electronics de 2.1 canales y 300 W viene con un subwoofer inal\u00e1mbrico para graves intensos.<\/p>\n<p>&nbsp;<\/p>\n<\/div>\n<\/div>\n<\/div>\n<\/div>\n<\/section>\n<\/div>\n<\/div>\n<\/div>\n<\/div>\n<h3><strong>Caracter\u00edsticas<\/strong><\/h3>\n<ul>\n<li><strong>Compatible con otros componentes de m\u00fasica LG<\/strong><br \/>\nFunciona con otros productos LG como el SPK8-S (se vende por separado) para completar su experiencia de audio.<\/li>\n<li><strong>Potencia total del sistema de 300 W (50 W x 2; subwoofer de 200 W)<\/strong><br \/>\nProporciona sonido de calidad para sus pel\u00edculas, programas, juegos y m\u00fasica favoritos.<\/li>\n<li><strong>Subwoofer de 6 \u00ab<\/strong><br \/>\nTransmite eficientemente la energ\u00eda de los graves a la habitaci\u00f3n para una respuesta de graves din\u00e1mica y potente.<\/li>\n<li><strong>Decodificador Dolby Digital<\/strong><br \/>\nReproduce audio multicanal para ofrecer una experiencia de audio cinematogr\u00e1fica.<\/li>\n<li><strong>Transmisi\u00f3n de m\u00fasica por Bluetooth<\/strong><br \/>\nFacilita el disfrute de las pistas almacenadas en un dispositivo compatible con Bluetooth (no incluido).<\/li>\n<li><strong>Apariencia elegante<\/strong><br \/>\nSe adapta perfectamente a la mayor\u00eda de televisores de alta definici\u00f3n para una apariencia optimizada.<\/li>\n<li><strong>Entradas<\/strong><br \/>\nIncluye Toslink y USB tipo A.<\/li>\n<li><strong>Control remoto<\/strong><br \/>\nPermite una operaci\u00f3n simple a distancia.<\/li>\n<li><strong>Admite una variedad de formatos de archivo<\/strong><br \/>\nIncluyendo WMA, MP3 y LPCM, para que pueda disfrutar de sus medios favoritos.<\/li>\n<li><strong>Montable en la pared<\/strong><br \/>\nCon el soporte incluido.<\/li>\n<\/ul>\n<div class=\"embedded-component-container lv product-features\"><\/div>\n","protected":false},"excerpt":{"rendered":"<p>Agregue audio en auge a su sistema de cine en casa con este kit de parlantes de 300W y 2.1 canales de LG Electronics.\u00a0El diafragma de carbono liviano reduce la<\/p>\n","protected":false},"featured_media":52679,"comment_status":"open","ping_status":"closed","template":"","meta":{"_acf_changed":false,"_joinchat":[]},"product_brand":[],"product_cat":[294,295,296,299],"product_tag":[],"class_list":{"0":"post-52678","1":"product","2":"type-product","3":"status-publish","4":"has-post-thumbnail","6":"product_cat-audio","7":"product_cat-bocinas","8":"product_cat-sistemas-de-cine-en-casa","9":"product_cat-ver-todas-las-bocinas","11":"first","12":"instock","13":"sale","14":"shipping-taxable","15":"purchasable","16":"product-type-simple"},"acf":[],"_links":{"self":[{"href":"https:\/\/defabrica.com.mx\/defabrica\/wp-json\/wp\/v2\/product\/52678","targetHints":{"allow":["GET"]}}],"collection":[{"href":"https:\/\/defabrica.com.mx\/defabrica\/wp-json\/wp\/v2\/product"}],"about":[{"href":"https:\/\/defabrica.com.mx\/defabrica\/wp-json\/wp\/v2\/types\/product"}],"replies":[{"embeddable":true,"href":"https:\/\/defabrica.com.mx\/defabrica\/wp-json\/wp\/v2\/comments?post=52678"}],"wp:featuredmedia":[{"embeddable":true,"href":"https:\/\/defabrica.com.mx\/defabrica\/wp-json\/wp\/v2\/media\/52679"}],"wp:attachment":[{"href":"https:\/\/defabrica.com.mx\/defabrica\/wp-json\/wp\/v2\/media?parent=52678"}],"wp:term":[{"taxonomy":"product_brand","embeddable":true,"href":"https:\/\/defabrica.com.mx\/defabrica\/wp-json\/wp\/v2\/product_brand?post=52678"},{"taxonomy":"product_cat","embeddable":true,"href":"https:\/\/defabrica.com.mx\/defabrica\/wp-json\/wp\/v2\/product_cat?post=52678"},{"taxonomy":"product_tag","embeddable":true,"href":"https:\/\/defabrica.com.mx\/defabrica\/wp-json\/wp\/v2\/product_tag?post=52678"}],"curies":[{"name":"wp","href":"https:\/\/api.w.org\/{rel}","templated":true}]}}