{"id":52525,"date":"2021-10-21T17:56:19","date_gmt":"2021-10-21T22:56:19","guid":{"rendered":"https:\/\/defabrica.com.mx\/defabrica\/?post_type=product&#038;p=52525"},"modified":"2023-01-14T13:36:53","modified_gmt":"2023-01-14T19:36:53","slug":"samsung-2021-galaxy-tab-s7-fe-12-4-128-gb-wi-fi","status":"publish","type":"product","link":"https:\/\/defabrica.com.mx\/defabrica\/producto\/samsung-2021-galaxy-tab-s7-fe-12-4-128-gb-wi-fi\/","title":{"rendered":"Samsung (2021) &#8211; Galaxy Tab S7 FE &#8211; 12.4&#8243; -128 GB &#8211; Wi-Fi"},"content":{"rendered":"<div class=\"embedded-component-container lv product-description\">\n<div>\n<div id=\"shop-product-description-8252954\" class=\"None\" data-version=\"1.3.38\">\n<div class=\"shop-product-description\">\n<section class=\"align-heading-left\" data-reactroot=\"\">\n<div class=\"long-description-container body-copy \">\n<div class=\"html-fragment\">\n<div>\n<div>Logre un equilibrio perfecto entre el tiempo de estudio y el tiempo de juego con Samsung Galaxy Tab S7 FE, la tableta dise\u00f1ada para dar vida a sus proyectos.<\/div>\n<\/div>\n<\/div>\n<\/div>\n<\/section>\n<\/div>\n<\/div>\n<\/div>\n<\/div>\n<div><\/div>\n<div>\n<h3><\/h3>\n<h3><\/h3>\n<h3 class=\"heading-5 v-fw-regular feature-heading\"><strong>Caracter\u00edsticas<\/strong><\/h3>\n<ul>\n<li><strong>Pantalla grande<\/strong><br \/>\nUna pantalla grande le da vida a su contenido en colores brillantes, ya sea en interiores o exteriores, lo que lo hace ideal para el tiempo de estudio o para un breve descanso de entretenimiento.<\/li>\n<li><strong>Colores ic\u00f3nicos<\/strong><br \/>\nElija un color atrevido que lo haga inconfundiblemente suyo.<\/li>\n<li><strong>S Pen<\/strong><br \/>\nToma notas en clase, esboza una idea o incluso garabatea con el S Pen incluido, \u00b9 con un nuevo dise\u00f1o receptivo que se siente m\u00e1s parecido al l\u00e1piz sobre el papel que nunca.<\/li>\n<li><strong>Conectividad multidispositivo<\/strong><br \/>\nDomina cada tarea con la conectividad Galaxy. Haga m\u00e1s en una estaci\u00f3n de trabajo ampliada que le permite transferir contenido entre sus dispositivos o disfrutar de una experiencia similar a la de una PC con varias ventanas abiertas en su tableta.<\/li>\n<li><strong>Bater\u00eda de larga duraci\u00f3n<\/strong><br \/>\nGalaxy Tab S7 FE cuenta con una bater\u00eda de larga duraci\u00f3n\u00b2 para ayudarlo a pasar el d\u00eda, y algo m\u00e1s, con una sola carga.<\/li>\n<li><strong>Potente rendimiento<\/strong><br \/>\nCon el procesador Qualcomm SM7225 Octa-Core, disfrutar\u00e1 de una experiencia fluida para el entretenimiento que m\u00e1s ama. Junto con la memoria de alto almacenamiento, Galaxy Tab S7 FE le permite guardar y almacenar lo que necesita para acceder en cualquier momento.<\/li>\n<li><strong>YouTube Premium<\/strong><br \/>\nRel\u00e1jate con acceso sin anuncios a millones de videos con YouTube Premium\u00b3. Obt\u00e9n dos meses de contenido sin anuncios sin cargo adicional.<\/li>\n<li><strong>Samsung Mobile TV Plus<\/strong><br \/>\nSatisfaga su apetito por el entretenimiento con acceso gratuito a Samsung Mobile TV Plus. Sum\u00e9rjase en m\u00e1s de 160 canales y videos a pedido, como pel\u00edculas, m\u00fasica, noticias y deportes.<\/li>\n<li><strong>C\u00e1mara de paisaje<\/strong><br \/>\nMant\u00e9ngase en el encuadre con una vista horizontal que lo coloca autom\u00e1ticamente al frente y al centro. Y con una vista de gran angular, puedes lucir m\u00e1s a tu alrededor.<\/li>\n<li><strong>Aplicaciones creativas preinstaladas<\/strong><br \/>\nEnciende tu chispa creativa con aplicaciones creativas precargadas como PENUP y Canva.<\/li>\n<li><strong>Pintura de Clip Studio<\/strong><br \/>\nDibuja, dibuja o pinta cuando te llegue la inspiraci\u00f3n con tu prueba gratuita de seis meses\u2074 de Clip Studio Paint, una herramienta imprescindible para los creadores visuales.<\/li>\n<li><strong>Estanter\u00eda<\/strong><br \/>\nDescubra varias formas de subir de nivel sus habilidades para tomar notas en su propio estilo personal.<\/li>\n<\/ul>\n<\/div>\n<div class=\"embedded-component-container lv product-features\"><\/div>\n","protected":false},"excerpt":{"rendered":"<p>Logre un equilibrio perfecto entre el tiempo de estudio y el tiempo de juego con Samsung Galaxy Tab S7 FE, la tableta dise\u00f1ada para dar vida a sus proyectos. Caracter\u00edsticas<\/p>\n","protected":false},"featured_media":52534,"comment_status":"open","ping_status":"closed","template":"","meta":{"_acf_changed":false,"_joinchat":[]},"product_brand":[],"product_cat":[408,409,257,410],"product_tag":[],"class_list":{"0":"post-52525","1":"product","2":"type-product","3":"status-publish","4":"has-post-thumbnail","6":"product_cat-celulares-y-tablets","7":"product_cat-tablets-y-ipad","8":"product_cat-samsung-galaxy","9":"product_cat-todas-las-tablets","11":"first","12":"instock","13":"sale","14":"shipping-taxable","15":"purchasable","16":"product-type-variable","17":"has-default-attributes"},"acf":[],"_links":{"self":[{"href":"https:\/\/defabrica.com.mx\/defabrica\/wp-json\/wp\/v2\/product\/52525","targetHints":{"allow":["GET"]}}],"collection":[{"href":"https:\/\/defabrica.com.mx\/defabrica\/wp-json\/wp\/v2\/product"}],"about":[{"href":"https:\/\/defabrica.com.mx\/defabrica\/wp-json\/wp\/v2\/types\/product"}],"replies":[{"embeddable":true,"href":"https:\/\/defabrica.com.mx\/defabrica\/wp-json\/wp\/v2\/comments?post=52525"}],"wp:featuredmedia":[{"embeddable":true,"href":"https:\/\/defabrica.com.mx\/defabrica\/wp-json\/wp\/v2\/media\/52534"}],"wp:attachment":[{"href":"https:\/\/defabrica.com.mx\/defabrica\/wp-json\/wp\/v2\/media?parent=52525"}],"wp:term":[{"taxonomy":"product_brand","embeddable":true,"href":"https:\/\/defabrica.com.mx\/defabrica\/wp-json\/wp\/v2\/product_brand?post=52525"},{"taxonomy":"product_cat","embeddable":true,"href":"https:\/\/defabrica.com.mx\/defabrica\/wp-json\/wp\/v2\/product_cat?post=52525"},{"taxonomy":"product_tag","embeddable":true,"href":"https:\/\/defabrica.com.mx\/defabrica\/wp-json\/wp\/v2\/product_tag?post=52525"}],"curies":[{"name":"wp","href":"https:\/\/api.w.org\/{rel}","templated":true}]}}