{"id":52455,"date":"2021-10-20T22:43:46","date_gmt":"2021-10-21T03:43:46","guid":{"rendered":"https:\/\/defabrica.com.mx\/defabrica\/?post_type=product&#038;p=52455"},"modified":"2023-01-14T13:36:25","modified_gmt":"2023-01-14T19:36:25","slug":"samsung-2021-galaxy-tab-a7-64gb-8-7","status":"publish","type":"product","link":"https:\/\/defabrica.com.mx\/defabrica\/producto\/samsung-2021-galaxy-tab-a7-64gb-8-7\/","title":{"rendered":"Samsung (2021) Galaxy Tab A7 64GB &#8211; 8.7&#8243;"},"content":{"rendered":"<div class=\"embedded-component-container lv product-description\">\n<div>\n<div id=\"shop-product-description-32965593\" class=\"None\" data-version=\"1.3.37\">\n<div class=\"shop-product-description\">\n<section class=\"align-heading-left\" data-reactroot=\"\">\n<div class=\"long-description-container body-copy \">\n<div class=\"html-fragment\">\n<div>\n<div>Conozca el dispositivo que le encantar\u00e1 a toda su familia: Samsung Galaxy Tab A7 Lite, la tableta que est\u00e1 hecha para ser compartida.\u00a0Con su pantalla compacta de 8.7 \u00ab, Galaxy Tab A7 Lite tiene el tama\u00f1o perfecto para el entretenimiento mientras viaja. Su resistente marco de metal est\u00e1 dise\u00f1ado para llevarlo desde la sala de estar a sus vacaciones en la playa, o donde quiera que lo lleve. Galaxy Tab A7 Lite viene con acceso a horas de YouTube Premium y Samsung TV sin cargo adicional para que pueda mantener feliz a la familia sin interrupciones molestas. Adem\u00e1s, con un potente procesador para transmisi\u00f3n r\u00e1pida y mucho espacio de almacenamiento para sus archivos favoritos, Galaxy Tab A7 Lite simplifica las necesidades de entretenimiento para todos bajo su techo.<\/div>\n<\/div>\n<\/div>\n<\/div>\n<\/section>\n<\/div>\n<\/div>\n<\/div>\n<\/div>\n<div class=\"embedded-component-container lv product-features\">\n<div class=\"embedded-divider\"><\/div>\n<div>\n<div id=\"shop-product-features-12202292\" class=\"None\" data-version=\"4.1.8\">\n<div class=\"shop-product-features\">\n<div class=\"lv align-heading-left\" data-reactroot=\"\">\n<h3><\/h3>\n<h3 class=\"heading-5 v-fw-regular feature-heading\"><strong>Caracter\u00edsticas<\/strong><\/h3>\n<ul>\n<li><strong>El entretenimiento va a donde tu vayas<\/strong><br \/>\nCon su pantalla compacta de 8.7 \u201d, dise\u00f1o delgado y marco de metal resistente, Galaxy Tab A7 Lite tiene el tama\u00f1o perfecto para entretenimiento en movimiento.<\/li>\n<li><strong>Marco resistente para una protecci\u00f3n duradera<\/strong><br \/>\nGalaxy Tab A7 Lite cuenta con un marco de metal mejorado que ayuda a proteger contra los contratiempos cotidianos.<\/li>\n<li><strong>Dos meses de diversi\u00f3n en video sin anuncios<\/strong><br \/>\nMantenga a todos los miembros de la familia entretenidos con dos meses de YouTube Premium\u00b9 gratis durante horas y horas de diversi\u00f3n sin anuncios.<\/li>\n<li><strong>Rendimiento que no te defraudar\u00e1<\/strong><br \/>\nViene con alta velocidad y mucho espacio de almacenamiento para m\u00faltiples usuarios.<\/li>\n<li><strong>Un dispositivo de m\u00e1xima potencia<\/strong><br \/>\nDisfruta de una bater\u00eda de larga duraci\u00f3n\u00b2 y mucha energ\u00eda para mantenerte al d\u00eda con el contenido que te encanta y, luego, algo de carga r\u00e1pida para ayudarte a recargar tu energ\u00eda r\u00e1pidamente mientras viajas.<\/li>\n<li><strong>Pon tus dispositivos a trabajar para ti<\/strong><br \/>\nSatisfaga su apetito por el entretenimiento de nuevas formas con la conectividad entre sus dispositivos Galaxy. Una interfaz din\u00e1mica le permite tratar todos sus dispositivos como uno.<\/li>\n<\/ul>\n<\/div>\n<\/div>\n<\/div>\n<\/div>\n<\/div>\n","protected":false},"excerpt":{"rendered":"<p>Conozca el dispositivo que le encantar\u00e1 a toda su familia: Samsung Galaxy Tab A7 Lite, la tableta que est\u00e1 hecha para ser compartida.\u00a0Con su pantalla compacta de 8.7 \u00ab, Galaxy<\/p>\n","protected":false},"featured_media":52472,"comment_status":"open","ping_status":"closed","template":"","meta":{"_acf_changed":false,"_joinchat":[]},"product_brand":[],"product_cat":[1472,408,409,257,410],"product_tag":[],"class_list":{"0":"post-52455","1":"product","2":"type-product","3":"status-publish","4":"has-post-thumbnail","6":"product_cat-ofertas-primavera-tablets","7":"product_cat-celulares-y-tablets","8":"product_cat-tablets-y-ipad","9":"product_cat-samsung-galaxy","10":"product_cat-todas-las-tablets","12":"first","13":"instock","14":"sale","15":"shipping-taxable","16":"purchasable","17":"product-type-variable","18":"has-default-attributes"},"acf":[],"_links":{"self":[{"href":"https:\/\/defabrica.com.mx\/defabrica\/wp-json\/wp\/v2\/product\/52455","targetHints":{"allow":["GET"]}}],"collection":[{"href":"https:\/\/defabrica.com.mx\/defabrica\/wp-json\/wp\/v2\/product"}],"about":[{"href":"https:\/\/defabrica.com.mx\/defabrica\/wp-json\/wp\/v2\/types\/product"}],"replies":[{"embeddable":true,"href":"https:\/\/defabrica.com.mx\/defabrica\/wp-json\/wp\/v2\/comments?post=52455"}],"wp:featuredmedia":[{"embeddable":true,"href":"https:\/\/defabrica.com.mx\/defabrica\/wp-json\/wp\/v2\/media\/52472"}],"wp:attachment":[{"href":"https:\/\/defabrica.com.mx\/defabrica\/wp-json\/wp\/v2\/media?parent=52455"}],"wp:term":[{"taxonomy":"product_brand","embeddable":true,"href":"https:\/\/defabrica.com.mx\/defabrica\/wp-json\/wp\/v2\/product_brand?post=52455"},{"taxonomy":"product_cat","embeddable":true,"href":"https:\/\/defabrica.com.mx\/defabrica\/wp-json\/wp\/v2\/product_cat?post=52455"},{"taxonomy":"product_tag","embeddable":true,"href":"https:\/\/defabrica.com.mx\/defabrica\/wp-json\/wp\/v2\/product_tag?post=52455"}],"curies":[{"name":"wp","href":"https:\/\/api.w.org\/{rel}","templated":true}]}}