{"id":52309,"date":"2021-10-20T19:44:54","date_gmt":"2021-10-21T00:44:54","guid":{"rendered":"https:\/\/defabrica.com.mx\/defabrica\/?post_type=product&#038;p=52309"},"modified":"2025-07-11T13:30:38","modified_gmt":"2025-07-11T19:30:38","slug":"fossil-gen-5e-smartwatch","status":"publish","type":"product","link":"https:\/\/defabrica.com.mx\/defabrica\/producto\/fossil-gen-5e-smartwatch\/","title":{"rendered":"Fossil &#8211; Gen 5e Smartwatch"},"content":{"rendered":"<p>Tecnolog\u00eda para la vida real.\u00a0Este reloj inteligente con pantalla t\u00e1ctil de 42 mm Gen 5E cuenta con una correa de silicona ruborizada, funcionalidad de altavoz, capacidad de almacenamiento de 4GB y tres modos de bater\u00eda inteligente para extender la vida \u00fatil de la bater\u00eda por varios d\u00edas.\u00a0Los relojes inteligentes con tecnolog\u00eda Wear OS de Google son compatibles con tel\u00e9fonos iPhone\u00ae y Android \u2122.\u00a0Wear OS by Google y otras marcas relacionadas son marcas comerciales de Google LLC.\u00a0Las funciones admitidas pueden variar entre plataformas.<\/p>\n<h3><strong>Caracter\u00edsticas<\/strong><\/h3>\n<ul>\n<li><strong>Compatible con tel\u00e9fonos Android \u2122 y iPhone\u00ae<\/strong><br \/>\nUse la aplicaci\u00f3n WearOS by Google en su tel\u00e9fono con Android \u2122 6.0+ (excluyendo la edici\u00f3n Go) o iOS 12.0+<\/li>\n<li><strong>Modo de bater\u00eda de varios d\u00edas y carga r\u00e1pida<\/strong><br \/>\nModo de bater\u00eda extendida de 24 horas + varios d\u00edas ** Var\u00eda seg\u00fan el uso y despu\u00e9s de la instalaci\u00f3n de las actualizaciones **. El cable USB con cargador magn\u00e9tico se ajusta a los anillos del fondo de la caja del reloj y gira 360 grados para facilitar su uso. 50 minutos para alcanzar el 80%.<\/li>\n<li><strong>Personaliza tu reloj inteligente<\/strong><br \/>\nPantalla siempre encendida con miles de esferas de reloj para personalizar su apariencia y ver siempre la hora. Cientos de aplicaciones, desde asistente hasta fitness, pagos, m\u00fasica, redes sociales, noticias, juegos, cron\u00f3metros y m\u00e1s. Con un dise\u00f1o a prueba de nataci\u00f3n, es perfecto para todas tus actividades.<\/li>\n<li><strong>Monitoreo integral<\/strong><br \/>\nRealiza un seguimiento autom\u00e1tico de los objetivos de actividad, los pasos, el sue\u00f1o, la frecuencia card\u00edaca, el nivel de cardio y m\u00e1s. Los modos de actividad con GPS anclado lo mantienen al d\u00eda con su distancia y ruta. Los sensores avanzados proporcionan los datos para alimentar todas sus aplicaciones de salud y fitness.<\/li>\n<li><strong>Reciba llamadas y reciba notificaciones de calendario, SMS, correo electr\u00f3nico y aplicaciones sociales<\/strong><br \/>\nMant\u00e9ngase conectado con notificaciones de llamadas, mensajes de texto, aplicaciones y sincronizaci\u00f3n autom\u00e1tica de hora, zona horaria y calendario. Nunca pierda una llamada: responda y haga llamadas directamente en su reloj cuando su tel\u00e9fono est\u00e9 fuera de su alcance.<\/li>\n<\/ul>\n<p>&nbsp;<\/p>\n<p>&nbsp;<\/p>\n","protected":false},"excerpt":{"rendered":"<p>Tecnolog\u00eda para la vida real.\u00a0Este reloj inteligente con pantalla t\u00e1ctil de 42 mm Gen 5E cuenta con una correa de silicona ruborizada, funcionalidad de altavoz, capacidad de almacenamiento de 4GB<\/p>\n","protected":false},"featured_media":52327,"comment_status":"open","ping_status":"closed","template":"","meta":{"_acf_changed":false,"_joinchat":[]},"product_brand":[],"product_cat":[305,312],"product_tag":[],"class_list":{"0":"post-52309","1":"product","2":"type-product","3":"status-publish","4":"has-post-thumbnail","6":"product_cat-wearables","7":"product_cat-ver-todo-wearables","9":"first","10":"instock","11":"sale","12":"shipping-taxable","13":"purchasable","14":"product-type-variable","15":"has-default-attributes"},"acf":[],"_links":{"self":[{"href":"https:\/\/defabrica.com.mx\/defabrica\/wp-json\/wp\/v2\/product\/52309","targetHints":{"allow":["GET"]}}],"collection":[{"href":"https:\/\/defabrica.com.mx\/defabrica\/wp-json\/wp\/v2\/product"}],"about":[{"href":"https:\/\/defabrica.com.mx\/defabrica\/wp-json\/wp\/v2\/types\/product"}],"replies":[{"embeddable":true,"href":"https:\/\/defabrica.com.mx\/defabrica\/wp-json\/wp\/v2\/comments?post=52309"}],"wp:featuredmedia":[{"embeddable":true,"href":"https:\/\/defabrica.com.mx\/defabrica\/wp-json\/wp\/v2\/media\/52327"}],"wp:attachment":[{"href":"https:\/\/defabrica.com.mx\/defabrica\/wp-json\/wp\/v2\/media?parent=52309"}],"wp:term":[{"taxonomy":"product_brand","embeddable":true,"href":"https:\/\/defabrica.com.mx\/defabrica\/wp-json\/wp\/v2\/product_brand?post=52309"},{"taxonomy":"product_cat","embeddable":true,"href":"https:\/\/defabrica.com.mx\/defabrica\/wp-json\/wp\/v2\/product_cat?post=52309"},{"taxonomy":"product_tag","embeddable":true,"href":"https:\/\/defabrica.com.mx\/defabrica\/wp-json\/wp\/v2\/product_tag?post=52309"}],"curies":[{"name":"wp","href":"https:\/\/api.w.org\/{rel}","templated":true}]}}