{"id":52174,"date":"2021-10-19T17:21:03","date_gmt":"2021-10-19T22:21:03","guid":{"rendered":"https:\/\/defabrica.com.mx\/defabrica\/?post_type=product&#038;p=52174"},"modified":"2025-10-10T11:34:54","modified_gmt":"2025-10-10T17:34:54","slug":"nutribullet-licuadora-en-combo-de-1200v-1-8l-5-vel-diseno-negro-onix","status":"publish","type":"product","link":"https:\/\/defabrica.com.mx\/defabrica\/producto\/nutribullet-licuadora-en-combo-de-1200v-1-8l-5-vel-diseno-negro-onix\/","title":{"rendered":"NutriBullet Licuadora en Combo de 1200V &#8211; 1.8L &#8211; 5 Vel &#8211; Dise\u00f1o Negro Onix"},"content":{"rendered":"<div class=\"embedded-component-container lv product-description\">\n<div>\n<div id=\"shop-product-description-27629623\" class=\"None\" data-version=\"1.3.37\">\n<div class=\"shop-product-description\">\n<section class=\"align-heading-left\" data-reactroot=\"\">\n<div class=\"long-description-container body-copy \">\n<div class=\"html-fragment\">\n<div>\n<div>Crea comidas ricas en nutrientes con esta combinaci\u00f3n de licuadora NutriBullet.\u00a0Los 64 oz.\u00a0La jarra para licuar tritura las pieles duras, pulveriza los tallos y tritura las semillas para brindar bocadillos cremosos, batidos y sopas.\u00a0Esta combinaci\u00f3n de licuadora NutriBullet cuenta con un potente motor de 1200 W que funciona silenciosamente, por lo que puede entablar conversaciones mientras mezcla frutas y verduras.<\/div>\n<\/div>\n<\/div>\n<\/div>\n<\/section>\n<\/div>\n<\/div>\n<\/div>\n<\/div>\n<div><\/div>\n<div>\n<h3><\/h3>\n<h3 class=\"heading-5 v-fw-regular feature-heading\"><strong>Caracter\u00edsticas<\/strong><\/h3>\n<ul>\n<li><strong>Haga grandes lotes con facilidad<\/strong><br \/>\n64 onzas La taza de mezcla de capacidad le permite batir lo suficiente para todos.<\/li>\n<li><strong>5 velocidades<\/strong><br \/>\nOfrezca versatilidad para adaptarse a una variedad de tareas de mezcla.<\/li>\n<li><strong>Pulverice hielo, frutas enteras y semillas en segundos<\/strong><br \/>\nEl motor de 1200 W licua f\u00e1cilmente los ingredientes s\u00f3lidos, creando r\u00e1pidamente pur\u00e9s y jugos con una consistencia suave y uniforme.<\/li>\n<\/ul>\n<\/div>\n","protected":false},"excerpt":{"rendered":"<p>Crea comidas ricas en nutrientes con esta combinaci\u00f3n de licuadora NutriBullet.\u00a0Los 64 oz.\u00a0La jarra para licuar tritura las pieles duras, pulveriza los tallos y tritura las semillas para brindar bocadillos<\/p>\n","protected":false},"featured_media":52181,"comment_status":"open","ping_status":"closed","template":"","meta":{"_acf_changed":false,"_joinchat":[]},"product_brand":[],"product_cat":[1474,336,337,338,952],"product_tag":[],"class_list":{"0":"post-52174","1":"product","2":"type-product","3":"status-publish","4":"has-post-thumbnail","6":"product_cat-ofertas-primavera-electrodomesticos","7":"product_cat-hogar","8":"product_cat-cocina","9":"product_cat-electrodomesticos","10":"product_cat-licuadoras-y-mezcladoras","12":"first","13":"instock","14":"sale","15":"shipping-taxable","16":"purchasable","17":"product-type-simple"},"acf":[],"_links":{"self":[{"href":"https:\/\/defabrica.com.mx\/defabrica\/wp-json\/wp\/v2\/product\/52174","targetHints":{"allow":["GET"]}}],"collection":[{"href":"https:\/\/defabrica.com.mx\/defabrica\/wp-json\/wp\/v2\/product"}],"about":[{"href":"https:\/\/defabrica.com.mx\/defabrica\/wp-json\/wp\/v2\/types\/product"}],"replies":[{"embeddable":true,"href":"https:\/\/defabrica.com.mx\/defabrica\/wp-json\/wp\/v2\/comments?post=52174"}],"wp:featuredmedia":[{"embeddable":true,"href":"https:\/\/defabrica.com.mx\/defabrica\/wp-json\/wp\/v2\/media\/52181"}],"wp:attachment":[{"href":"https:\/\/defabrica.com.mx\/defabrica\/wp-json\/wp\/v2\/media?parent=52174"}],"wp:term":[{"taxonomy":"product_brand","embeddable":true,"href":"https:\/\/defabrica.com.mx\/defabrica\/wp-json\/wp\/v2\/product_brand?post=52174"},{"taxonomy":"product_cat","embeddable":true,"href":"https:\/\/defabrica.com.mx\/defabrica\/wp-json\/wp\/v2\/product_cat?post=52174"},{"taxonomy":"product_tag","embeddable":true,"href":"https:\/\/defabrica.com.mx\/defabrica\/wp-json\/wp\/v2\/product_tag?post=52174"}],"curies":[{"name":"wp","href":"https:\/\/api.w.org\/{rel}","templated":true}]}}