{"id":52152,"date":"2021-10-19T17:04:19","date_gmt":"2021-10-19T22:04:19","guid":{"rendered":"https:\/\/defabrica.com.mx\/defabrica\/?post_type=product&#038;p=52152"},"modified":"2025-10-10T11:34:54","modified_gmt":"2025-10-10T17:34:54","slug":"freidora-de-aire-digital-bella-pro-5-6l-diseno-en-acero-inoxidable","status":"publish","type":"product","link":"https:\/\/defabrica.com.mx\/defabrica\/producto\/freidora-de-aire-digital-bella-pro-5-6l-diseno-en-acero-inoxidable\/","title":{"rendered":"Freidora de Aire Digital Bella Pro &#8211; 5.6L &#8211; Dise\u00f1o en Acero Inoxidable"},"content":{"rendered":"<p>Prepare sus alimentos fritos favoritos con el mismo sabor crujiente y delicioso con el Bella Pro Series de 6 cuartos de gal\u00f3n.\u00a0Freidora de aire digital.\u00a0Ya sea que su comida sea fresca o congelada, puede fre\u00edr alitas de pollo, pechuga de pollo, batatas, rollos de canela, papas fritas frescas y mucho m\u00e1s con solo tocar un bot\u00f3n.\u00a0El caj\u00f3n extra\u00edble con revestimiento antiadherente y la canasta de alimentos se pueden lavar en el lavavajillas y no contienen PFOA, con un asa de tacto fr\u00edo para cocinar f\u00e1cilmente.\u00a0Las posibilidades de cocci\u00f3n son infinitas con un temporizador de cocci\u00f3n extendido de hasta 60 minutos y un amplio rango de temperatura de 170 \u00b0 F a 400 \u00b0 F.<\/p>\n<h3 class=\"heading-5 v-fw-regular feature-heading\"><strong>Caracter\u00edsticas<\/strong><\/h3>\n<ul>\n<li><strong>Capacidad de 6 cuartos<\/strong><br \/>\nLe permite preparar hasta 5 libras. de comida a la vez.<\/li>\n<li><strong>Tecnolog\u00eda de calor circular de alto rendimiento<\/strong><br \/>\nHace circular el calor para que los alimentos se cocinen de forma r\u00e1pida, crujiente y uniforme.<\/li>\n<li><strong>1500W de potencia<\/strong><br \/>\nEl potente sistema de calefacci\u00f3n con acero inoxidable proporciona tiempos de calentamiento y enfriamiento m\u00e1s r\u00e1pidos.<\/li>\n<li><strong>6 programas de cocci\u00f3n predeterminados<\/strong><br \/>\nFre\u00edr al aire, asar, asar, hornear, recalentar o hacer crujientes sus papas fritas con solo presionar un bot\u00f3n.<\/li>\n<li><strong>Pantalla t\u00e1ctil digital intuitiva<\/strong><br \/>\nControle y ajuste f\u00e1cilmente la temperatura (170-400 \u00b0 F) para adaptarse a una variedad de recetas.<\/li>\n<li><strong>Apagado autom\u00e1tico<\/strong><br \/>\nEl temporizador de apagado autom\u00e1tico de 60 minutos permite cocinar sin estr\u00e9s con un tono audible para mayor seguridad.<\/li>\n<li><strong>F\u00e1cil de limpiar<\/strong><br \/>\nLa cesta antiadherente extra\u00edble y la bandeja para verduras se pueden lavar en el lavavajillas.<\/li>\n<li><strong>Acabado de acero inoxidable<\/strong><br \/>\nEl elegante acabado de acero inoxidable agrega estilo a cualquier cocina.<\/li>\n<\/ul>\n<p>&nbsp;<\/p>\n","protected":false},"excerpt":{"rendered":"<p>Prepare sus alimentos fritos favoritos con el mismo sabor crujiente y delicioso con el Bella Pro Series de 6 cuartos de gal\u00f3n.\u00a0Freidora de aire digital.\u00a0Ya sea que su comida sea<\/p>\n","protected":false},"featured_media":52160,"comment_status":"open","ping_status":"closed","template":"","meta":{"_acf_changed":false,"_joinchat":[]},"product_brand":[],"product_cat":[1522,336,337,338,950],"product_tag":[],"class_list":{"0":"post-52152","1":"product","2":"type-product","3":"status-publish","4":"has-post-thumbnail","6":"product_cat-ofertas-hogar","7":"product_cat-hogar","8":"product_cat-cocina","9":"product_cat-electrodomesticos","10":"product_cat-freidoras","12":"first","13":"instock","14":"sale","15":"shipping-taxable","16":"purchasable","17":"product-type-simple"},"acf":[],"_links":{"self":[{"href":"https:\/\/defabrica.com.mx\/defabrica\/wp-json\/wp\/v2\/product\/52152","targetHints":{"allow":["GET"]}}],"collection":[{"href":"https:\/\/defabrica.com.mx\/defabrica\/wp-json\/wp\/v2\/product"}],"about":[{"href":"https:\/\/defabrica.com.mx\/defabrica\/wp-json\/wp\/v2\/types\/product"}],"replies":[{"embeddable":true,"href":"https:\/\/defabrica.com.mx\/defabrica\/wp-json\/wp\/v2\/comments?post=52152"}],"wp:featuredmedia":[{"embeddable":true,"href":"https:\/\/defabrica.com.mx\/defabrica\/wp-json\/wp\/v2\/media\/52160"}],"wp:attachment":[{"href":"https:\/\/defabrica.com.mx\/defabrica\/wp-json\/wp\/v2\/media?parent=52152"}],"wp:term":[{"taxonomy":"product_brand","embeddable":true,"href":"https:\/\/defabrica.com.mx\/defabrica\/wp-json\/wp\/v2\/product_brand?post=52152"},{"taxonomy":"product_cat","embeddable":true,"href":"https:\/\/defabrica.com.mx\/defabrica\/wp-json\/wp\/v2\/product_cat?post=52152"},{"taxonomy":"product_tag","embeddable":true,"href":"https:\/\/defabrica.com.mx\/defabrica\/wp-json\/wp\/v2\/product_tag?post=52152"}],"curies":[{"name":"wp","href":"https:\/\/api.w.org\/{rel}","templated":true}]}}