{"id":52139,"date":"2021-10-19T16:53:56","date_gmt":"2021-10-19T21:53:56","guid":{"rendered":"https:\/\/defabrica.com.mx\/defabrica\/?post_type=product&#038;p=52139"},"modified":"2025-10-10T11:34:54","modified_gmt":"2025-10-10T17:34:54","slug":"bella-pro-series-horno-tostador-freidora-de-aire-digital-con-asador-y-deshidratador-diseno-en-acero-inoxidable","status":"publish","type":"product","link":"https:\/\/defabrica.com.mx\/defabrica\/producto\/bella-pro-series-horno-tostador-freidora-de-aire-digital-con-asador-y-deshidratador-diseno-en-acero-inoxidable\/","title":{"rendered":"Bella Pro Series &#8211; Horno Tostador + Freidora de aire digital con asador y deshidratador &#8211; Dise\u00f1o en acero inoxidable"},"content":{"rendered":"<p>Experimente una cocina vers\u00e1til con el horno tostador de convecci\u00f3n de 4 rebanadas de la serie Bella Pro + freidora de aire con deshidratador y rostizador. De papas fritas, 4 rebanadas de pan y 4 libras de pollo. El potente sistema de calentamiento de 1500 vatios utiliza la tecnolog\u00eda de calor circular de alto rendimiento para hacer circular el calor y obtener resultados r\u00e1pidos, crujientes y de cocci\u00f3n uniforme en todo momento.\u00a010 convenientes opciones de men\u00fa preestablecidas, rango de temperatura ajustable de 90 \u00b0 F a 400 \u00b0 F y temporizador de apagado autom\u00e1tico de 24 horas con tono audible.\u00a0F\u00e1cil limpieza con los accesorios extra\u00edbles aptos para lavavajillas.<\/p>\n<h3 class=\"heading-5 v-fw-regular feature-heading\"><strong>Caracter\u00edsticas<\/strong><\/h3>\n<ul>\n<li><strong>Capacidad extra grande<\/strong><br \/>\nSe adapta a una pizza de 10 pulgadas, 2,2 libras. de papas fritas, 4 rebanadas de pan y 4 libras de pollo.<\/li>\n<li><strong>1500W de potencia<\/strong><br \/>\nLa tecnolog\u00eda de calor circular de alto rendimiento hace circular el calor para obtener alimentos cocinados de manera r\u00e1pida, crujiente y uniforme.<\/li>\n<li><strong>10 electrodom\u00e9sticos en 1<\/strong><br \/>\nFre\u00edr al aire, asar, asar, hornear, recalentar, mantener caliente, pizza, tocino, deshidratar y asar con poco o nada de aceite.<\/li>\n<li><strong>Pantalla t\u00e1ctil digital intuitiva<\/strong><br \/>\nSeleccione entre las 10 opciones de men\u00fa preestablecidas con solo un toque, o controle y ajuste f\u00e1cilmente la temperatura (90-400 \u00b0 F) para adaptarse a una variedad de recetas.<\/li>\n<li><strong>Apagado autom\u00e1tico<\/strong><br \/>\nEl temporizador integrado de 24 horas se apaga autom\u00e1ticamente con un tono audible para mayor seguridad.<\/li>\n<li><strong>F\u00e1cil de limpiar<\/strong><br \/>\nLa bandeja para pizza, las rejillas para fre\u00edr, la bandeja de goteo, el asador y el soporte para asador son aptos para lavavajillas.<\/li>\n<li><strong>Acabado de acero inoxidable<\/strong><br \/>\nEl elegante acabado de acero inoxidable agrega estilo a cualquier cocina.<\/li>\n<\/ul>\n<p>&nbsp;<\/p>\n","protected":false},"excerpt":{"rendered":"<p>Experimente una cocina vers\u00e1til con el horno tostador de convecci\u00f3n de 4 rebanadas de la serie Bella Pro + freidora de aire con deshidratador y rostizador. De papas fritas, 4<\/p>\n","protected":false},"featured_media":52150,"comment_status":"open","ping_status":"closed","template":"","meta":{"_acf_changed":false,"_joinchat":[]},"product_brand":[],"product_cat":[1522,336,337,338,950],"product_tag":[],"class_list":{"0":"post-52139","1":"product","2":"type-product","3":"status-publish","4":"has-post-thumbnail","6":"product_cat-ofertas-hogar","7":"product_cat-hogar","8":"product_cat-cocina","9":"product_cat-electrodomesticos","10":"product_cat-freidoras","12":"first","13":"instock","14":"sale","15":"shipping-taxable","16":"purchasable","17":"product-type-simple"},"acf":[],"_links":{"self":[{"href":"https:\/\/defabrica.com.mx\/defabrica\/wp-json\/wp\/v2\/product\/52139","targetHints":{"allow":["GET"]}}],"collection":[{"href":"https:\/\/defabrica.com.mx\/defabrica\/wp-json\/wp\/v2\/product"}],"about":[{"href":"https:\/\/defabrica.com.mx\/defabrica\/wp-json\/wp\/v2\/types\/product"}],"replies":[{"embeddable":true,"href":"https:\/\/defabrica.com.mx\/defabrica\/wp-json\/wp\/v2\/comments?post=52139"}],"wp:featuredmedia":[{"embeddable":true,"href":"https:\/\/defabrica.com.mx\/defabrica\/wp-json\/wp\/v2\/media\/52150"}],"wp:attachment":[{"href":"https:\/\/defabrica.com.mx\/defabrica\/wp-json\/wp\/v2\/media?parent=52139"}],"wp:term":[{"taxonomy":"product_brand","embeddable":true,"href":"https:\/\/defabrica.com.mx\/defabrica\/wp-json\/wp\/v2\/product_brand?post=52139"},{"taxonomy":"product_cat","embeddable":true,"href":"https:\/\/defabrica.com.mx\/defabrica\/wp-json\/wp\/v2\/product_cat?post=52139"},{"taxonomy":"product_tag","embeddable":true,"href":"https:\/\/defabrica.com.mx\/defabrica\/wp-json\/wp\/v2\/product_tag?post=52139"}],"curies":[{"name":"wp","href":"https:\/\/api.w.org\/{rel}","templated":true}]}}