{"id":52110,"date":"2021-10-19T16:23:59","date_gmt":"2021-10-19T21:23:59","guid":{"rendered":"https:\/\/defabrica.com.mx\/defabrica\/?post_type=product&#038;p=52110"},"modified":"2025-07-11T13:35:24","modified_gmt":"2025-07-11T19:35:24","slug":"freidora-de-aire-digital-bella-pro-7-5l-diseno-en-acero-inoxidable","status":"publish","type":"product","link":"https:\/\/defabrica.com.mx\/defabrica\/producto\/freidora-de-aire-digital-bella-pro-7-5l-diseno-en-acero-inoxidable\/","title":{"rendered":"Freidora de Aire Digital Bella Pro &#8211; 7.5L &#8211; Dise\u00f1o en Acero Inoxidable"},"content":{"rendered":"<div>\n<div>Cocine comidas saludables con este Bella Pro Series de 8 cuartos de gal\u00f3n.\u00a0Freidora de aire digital.\u00a0La pantalla t\u00e1ctil incorporada hace que la selecci\u00f3n de configuraciones sea r\u00e1pida e intuitiva, mientras que la gran capacidad le permite cocinar comidas grandes a la vez.\u00a0Este 8 cuartos de gal\u00f3n.\u00a0La freidora tiene una construcci\u00f3n de acero inoxidable para mayor durabilidad, y la sart\u00e9n y la bandeja son aptas para lavavajillas para una limpieza sencilla.<\/div>\n<\/div>\n<div><\/div>\n<div><\/div>\n<div>\n<h3><\/h3>\n<h3 class=\"heading-5 v-fw-regular feature-heading\"><strong>Caracter\u00edsticas<\/strong><\/h3>\n<ul>\n<li><strong>Capacidad de 8 cuartos<\/strong><br \/>\nLe permite preparar hasta 6.5 libras. de comida a la vez.<\/li>\n<li><strong>Tecnolog\u00eda de calor circular de alto rendimiento<\/strong><br \/>\nHace circular el calor para que los alimentos se cocinen de forma r\u00e1pida, crujiente y uniforme.<\/li>\n<li><strong>1700W de potencia<\/strong><br \/>\nEl potente sistema de calefacci\u00f3n con acero inoxidable proporciona tiempos de calentamiento y enfriamiento m\u00e1s r\u00e1pidos.<\/li>\n<li><strong>9 programas de cocci\u00f3n predeterminados<\/strong><br \/>\nSeleccione papas fritas, camarones, asado, pollo, pescado, bistec, queso derretido o tocino con solo presionar un bot\u00f3n.<\/li>\n<li><strong>Pantalla t\u00e1ctil digital intuitiva<\/strong><br \/>\nControle y ajuste f\u00e1cilmente la temperatura (180-400 \u00b0 F) para adaptarse a una variedad de recetas.<\/li>\n<li><strong>F\u00e1cil de limpiar<\/strong><br \/>\nLa cesta antiadherente extra\u00edble y la bandeja para verduras se pueden lavar en el lavavajillas.<\/li>\n<li><strong>Acabado de acero inoxidable<\/strong><br \/>\nEl elegante acabado de acero inoxidable agrega estilo a cualquier cocina.<\/li>\n<\/ul>\n<\/div>\n","protected":false},"excerpt":{"rendered":"<p>Cocine comidas saludables con este Bella Pro Series de 8 cuartos de gal\u00f3n.\u00a0Freidora de aire digital.\u00a0La pantalla t\u00e1ctil incorporada hace que la selecci\u00f3n de configuraciones sea r\u00e1pida e intuitiva, mientras<\/p>\n","protected":false},"featured_media":52123,"comment_status":"open","ping_status":"closed","template":"","meta":{"_acf_changed":false,"_joinchat":[]},"product_brand":[],"product_cat":[1522,336,337,338,950],"product_tag":[],"class_list":{"0":"post-52110","1":"product","2":"type-product","3":"status-publish","4":"has-post-thumbnail","6":"product_cat-ofertas-hogar","7":"product_cat-hogar","8":"product_cat-cocina","9":"product_cat-electrodomesticos","10":"product_cat-freidoras","12":"first","13":"instock","14":"sale","15":"shipping-taxable","16":"purchasable","17":"product-type-simple"},"acf":[],"_links":{"self":[{"href":"https:\/\/defabrica.com.mx\/defabrica\/wp-json\/wp\/v2\/product\/52110","targetHints":{"allow":["GET"]}}],"collection":[{"href":"https:\/\/defabrica.com.mx\/defabrica\/wp-json\/wp\/v2\/product"}],"about":[{"href":"https:\/\/defabrica.com.mx\/defabrica\/wp-json\/wp\/v2\/types\/product"}],"replies":[{"embeddable":true,"href":"https:\/\/defabrica.com.mx\/defabrica\/wp-json\/wp\/v2\/comments?post=52110"}],"wp:featuredmedia":[{"embeddable":true,"href":"https:\/\/defabrica.com.mx\/defabrica\/wp-json\/wp\/v2\/media\/52123"}],"wp:attachment":[{"href":"https:\/\/defabrica.com.mx\/defabrica\/wp-json\/wp\/v2\/media?parent=52110"}],"wp:term":[{"taxonomy":"product_brand","embeddable":true,"href":"https:\/\/defabrica.com.mx\/defabrica\/wp-json\/wp\/v2\/product_brand?post=52110"},{"taxonomy":"product_cat","embeddable":true,"href":"https:\/\/defabrica.com.mx\/defabrica\/wp-json\/wp\/v2\/product_cat?post=52110"},{"taxonomy":"product_tag","embeddable":true,"href":"https:\/\/defabrica.com.mx\/defabrica\/wp-json\/wp\/v2\/product_tag?post=52110"}],"curies":[{"name":"wp","href":"https:\/\/api.w.org\/{rel}","templated":true}]}}