{"id":51780,"date":"2021-10-18T22:42:08","date_gmt":"2021-10-19T03:42:08","guid":{"rendered":"https:\/\/defabrica.com.mx\/defabrica\/?post_type=product&#038;p=51780"},"modified":"2023-01-14T13:21:45","modified_gmt":"2023-01-14T19:21:45","slug":"sony-2021-50-clase-bravia-xr-x90j-serie-led-4k-uhd-smart-google-tv","status":"publish","type":"product","link":"https:\/\/defabrica.com.mx\/defabrica\/producto\/sony-2021-50-clase-bravia-xr-x90j-serie-led-4k-uhd-smart-google-tv\/","title":{"rendered":"Sony (2021) &#8211; 50&#8243; Clase BRAVIA XR X90J Serie LED 4K UHD Smart Google TV"},"content":{"rendered":"<div class=\"embedded-component-container lv product-description\">\n<div>\n<div id=\"shop-product-description-4914288\" class=\"None\" data-version=\"1.3.37\">\n<div class=\"shop-product-description\">\n<section class=\"align-heading-left\" data-reactroot=\"\">\n<div class=\"long-description-container body-copy \">\n<div class=\"html-fragment\">\n<div>\n<div>\n<p>Todo lo que ves se vuelve m\u00e1s detallado y envolvente con 4K HDR realista, impulsado por el nuevo Cognitive Processor XR \u2122.\u00a0Sienta la intensidad del sol y experimente todas las estrellas del cielo nocturno con Full Array LED y XR Contrast Booster 5. Con una calidad de imagen excepcional, un dise\u00f1o de bisel empotrado y HDMI 2.1 para juegos de pr\u00f3xima generaci\u00f3n, el televisor LED X90J 4K HDR est\u00e1 listo para todo.<\/p>\n<p>&nbsp;<\/p>\n<\/div>\n<\/div>\n<\/div>\n<\/div>\n<\/section>\n<\/div>\n<\/div>\n<\/div>\n<\/div>\n<h3><strong>Caracter\u00edsticas<\/strong><\/h3>\n<ul>\n<li><strong>Procesador cognitivo XR<\/strong><br \/>\nRevolucionaria tecnolog\u00eda de procesamiento de TV que comprende c\u00f3mo los humanos ven y oyen ofreciendo un contraste intenso y colores naturales. Miles de elementos individuales en pantalla se procesan y remasterizan en un abrir y cerrar de ojos, aportando un realismo asombroso a su contenido.<\/li>\n<li><strong>LED FULL ARRAY Y REFUERZO DE CONTRASTE XR 5<\/strong><br \/>\nAl controlar con precisi\u00f3n el brillo en secciones de la pantalla de forma independiente, Full Array LED resalta la profundidad y los detalles de la vida real con negros profundos y un contraste impresionante<\/li>\n<li><strong>XR TRILUMINOS PRO\u2122 Color<\/strong><br \/>\nRedescubra todo lo que ve con miles de millones de colores precisos y vea una calidad de imagen impresionante que es natural y hermosa para el ojo humano.<\/li>\n<li><strong>GOOGLE TV<\/strong><br \/>\nExplore sin problemas m\u00e1s de 700,000 pel\u00edculas y episodios de TV de todos sus servicios de transmisi\u00f3n favoritos, todo en un solo lugar. Vea contenido de Netflix, Amazon Prime Video, Disney +, Paramount +, YouTube, la aplicaci\u00f3n Apple TV, Peacock, HBO Max y muchos m\u00e1s. La b\u00fasqueda es f\u00e1cil, solo preg\u00fantele a Google.<\/li>\n<li><strong>UPSCALING XR 4K<\/strong><br \/>\nDisfrute de todo su contenido HD con una resoluci\u00f3n cercana a 4K y recupere la textura y los detalles perdidos con el procesamiento inteligente de TV<\/li>\n<li><strong>CLARIDAD DE MOVIMIENTO XR<\/strong><br \/>\nProcesamiento de movimiento inteligente para deportes de movimiento r\u00e1pido y sin im\u00e1genes borrosas y pel\u00edculas llenas de acci\u00f3n. El procesador cognitivo XR \u2122 con XR Motion Clarity \u2122 realiza un an\u00e1lisis cruzado y controla con precisi\u00f3n la acci\u00f3n en cada escena para garantizar que la calidad de las im\u00e1genes se mantenga fluida, brillante y clara.<\/li>\n<li><strong>Smart TV que se adapta bien a los dem\u00e1s<\/strong><br \/>\nCon el Asistente de Google integrado, use su voz para controlar la TV y los dispositivos inteligentes. Funciona con dispositivos habilitados para Amazon Alexa para controlar su televisor. Transmita contenido desde sus dispositivos Apple usando Airplay 2, para configurar, personalizar y controlar su hogar inteligente usando HomeKit.<\/li>\n<li><strong>Servicio de contenido exclusivo BRAVIA CORE \u2122<\/strong><br \/>\nLleva la experiencia cinematogr\u00e1fica a casa. Disfrute de la transmisi\u00f3n de pel\u00edculas de alta calidad incluidas con BRAVIA CORE \u2122, exclusivamente en determinados televisores Sony<\/li>\n<li><strong>MULTI-AUDIO AC\u00daSTICO<\/strong><br \/>\nDos tweeters de posicionamiento de sonido a los lados del televisor elevan el escenario de sonido permitiendo que el sonido siga la acci\u00f3n para una experiencia verdaderamente inmersiva<\/li>\n<li><strong>COMPATIBLE CON MONTAJE DE PARED ULTRA-SLIM<\/strong><br \/>\nCuelgue su televisor como una obra de arte con el soporte de montaje en pared ultradelgado SU-WL855 opcional que est\u00e1 especialmente dise\u00f1ado para determinados televisores LED y OLED BRAVIA \u2122 de Sony<\/li>\n<li><strong>Perfecto para PlayStation 5<\/strong><br \/>\nAproveche al m\u00e1ximo sus juegos con los televisores BRAVIA XR que cuentan con funciones exclusivas para la consola PS5 junto con 4K \/ 120fps como se especifica en HDMI 2.1 y retraso de entrada de tan solo 8.5ms. *<\/li>\n<li>* El tiempo de retraso de entrada medido a trav\u00e9s de la entrada HDMI del juego 4K \/ 120fps, puede diferir seg\u00fan el entorno de uso en tiempo real o las condiciones espec\u00edficas. Se requiere un t\u00edtulo de juego que admita 4K \/ 120fps.<\/li>\n<\/ul>\n<div class=\"embedded-component-container lv product-features\"><\/div>\n","protected":false},"excerpt":{"rendered":"<p>Todo lo que ves se vuelve m\u00e1s detallado y envolvente con 4K HDR realista, impulsado por el nuevo Cognitive Processor XR \u2122.\u00a0Sienta la intensidad del sol y experimente todas las<\/p>\n","protected":false},"featured_media":51800,"comment_status":"open","ping_status":"closed","template":"","meta":{"_acf_changed":false,"_joinchat":[]},"product_brand":[],"product_cat":[336,937],"product_tag":[],"class_list":{"0":"post-51780","1":"product","2":"type-product","3":"status-publish","4":"has-post-thumbnail","6":"product_cat-hogar","7":"product_cat-pantallas","9":"first","10":"instock","11":"sale","12":"shipping-taxable","13":"purchasable","14":"product-type-simple"},"acf":[],"_links":{"self":[{"href":"https:\/\/defabrica.com.mx\/defabrica\/wp-json\/wp\/v2\/product\/51780","targetHints":{"allow":["GET"]}}],"collection":[{"href":"https:\/\/defabrica.com.mx\/defabrica\/wp-json\/wp\/v2\/product"}],"about":[{"href":"https:\/\/defabrica.com.mx\/defabrica\/wp-json\/wp\/v2\/types\/product"}],"replies":[{"embeddable":true,"href":"https:\/\/defabrica.com.mx\/defabrica\/wp-json\/wp\/v2\/comments?post=51780"}],"wp:featuredmedia":[{"embeddable":true,"href":"https:\/\/defabrica.com.mx\/defabrica\/wp-json\/wp\/v2\/media\/51800"}],"wp:attachment":[{"href":"https:\/\/defabrica.com.mx\/defabrica\/wp-json\/wp\/v2\/media?parent=51780"}],"wp:term":[{"taxonomy":"product_brand","embeddable":true,"href":"https:\/\/defabrica.com.mx\/defabrica\/wp-json\/wp\/v2\/product_brand?post=51780"},{"taxonomy":"product_cat","embeddable":true,"href":"https:\/\/defabrica.com.mx\/defabrica\/wp-json\/wp\/v2\/product_cat?post=51780"},{"taxonomy":"product_tag","embeddable":true,"href":"https:\/\/defabrica.com.mx\/defabrica\/wp-json\/wp\/v2\/product_tag?post=51780"}],"curies":[{"name":"wp","href":"https:\/\/api.w.org\/{rel}","templated":true}]}}