{"id":51764,"date":"2021-10-18T22:31:10","date_gmt":"2021-10-19T03:31:10","guid":{"rendered":"https:\/\/defabrica.com.mx\/defabrica\/?post_type=product&#038;p=51764"},"modified":"2025-10-10T11:34:54","modified_gmt":"2025-10-10T17:34:54","slug":"sony-2021-55-clase-x85j-serie-led-4k-uhd-smart-google-tv","status":"publish","type":"product","link":"https:\/\/defabrica.com.mx\/defabrica\/producto\/sony-2021-55-clase-x85j-serie-led-4k-uhd-smart-google-tv\/","title":{"rendered":"Sony (2021) &#8211; 55&#8243; Clase X85J Serie LED 4K UHD Smart Google TV"},"content":{"rendered":"<div class=\"embedded-component-container lv product-description\">\n<div>\n<div id=\"shop-product-description-46761229\" class=\"None\" data-version=\"1.3.37\">\n<div class=\"shop-product-description\">\n<section class=\"align-heading-left\" data-reactroot=\"\">\n<div class=\"long-description-container body-copy \">\n<div class=\"html-fragment\">\n<div>\n<div>\n<p>Inteligente, potente y hermoso, el X85J est\u00e1 dise\u00f1ado para todo su contenido favorito.\u00a0Con la tecnolog\u00eda del procesador X1 4K HDR, las im\u00e1genes 4K HDR superbrillantes cobran vida con colores vivos y un contraste realista.\u00a0Con tecnolog\u00eda Motionflow mejorada, Google TV y HDMI 2.1 para juegos de pr\u00f3xima generaci\u00f3n, todos disponibles en una amplia gama de tama\u00f1os, su contenido favorito acaba de encontrar un nuevo hogar.<\/p>\n<p>&nbsp;<\/p>\n<\/div>\n<\/div>\n<\/div>\n<\/div>\n<\/section>\n<\/div>\n<\/div>\n<\/div>\n<\/div>\n<h3><strong>Caracter\u00edsticas<\/strong><\/h3>\n<ul>\n<li><strong>Procesador 4K HDR X1 \u2122<\/strong><br \/>\nPotente procesamiento de TV que ofrece una imagen suave y clara, llena de colores ricos y contraste detallado<\/li>\n<li><strong>TRILUMINOS PRO\u2122 Color<\/strong><br \/>\nReproduce m\u00e1s colores que un televisor convencional, lo que da como resultado una calidad de imagen natural y precisa, y m\u00e1s cercana que nunca a la vida real.<\/li>\n<li><strong>GOOGLE TV<\/strong><br \/>\nExplore sin problemas m\u00e1s de 700,000 pel\u00edculas y episodios de TV de todos sus servicios de transmisi\u00f3n favoritos, todo en un solo lugar. Vea contenido de Netflix, Amazon Prime Video, Disney +, Paramount +, YouTube, la aplicaci\u00f3n Apple TV, Peacock, HBO Max y muchos m\u00e1s. La b\u00fasqueda es f\u00e1cil, solo preg\u00fantele a Google.<\/li>\n<li><strong>HDMI 2.1 para un televisor para juegos de pr\u00f3xima generaci\u00f3n<\/strong><br \/>\nAproveche al m\u00e1ximo los juegos de pr\u00f3xima generaci\u00f3n con televisores compatibles con BRAVIA XR HDMI 2.1 con 4K \/ 120Hz y BRAVIA Game Mode para una mayor velocidad de cuadros y un menor retraso de entrada<\/li>\n<li><strong>4K X-REALITY PRO<\/strong><br \/>\nNuestra base de datos 4K \u00fanica mejora todo el contenido HD que le gusta a una resoluci\u00f3n cercana a 4K, lo que le devuelve detalles y texturas del mundo real.<\/li>\n<li><strong>MOTIONFLOW XR \u2122<\/strong><br \/>\nEl movimiento en pantalla se mantiene suave y claro, lo que permite que las secuencias de movimiento r\u00e1pido en deportes, pel\u00edculas de acci\u00f3n y juegos se vean con una claridad realista<\/li>\n<li><strong>Smart TV que se adapta bien a los dem\u00e1s<\/strong><br \/>\nCon el Asistente de Google integrado, use su voz para controlar la TV y los dispositivos inteligentes. Funciona con dispositivos habilitados para Amazon Alexa para controlar su televisor. Transmita contenido desde sus dispositivos Apple usando Airplay 2, para configurar, personalizar y controlar su hogar inteligente usando HomeKit.<\/li>\n<li><strong>Entretenimiento mejorado con HDR y Dolby Vision<\/strong><br \/>\nDisfrute de contenido cinematogr\u00e1fico envolvente y atractivo como el creador concibi\u00f3 con Dolby Vision<\/li>\n<li><strong>COMPATIBLE CON MONTAJE DE PARED ULTRA-SLIM<\/strong><br \/>\nCuelgue su televisor como una obra de arte con el soporte de montaje en pared ultradelgado SU-WL855 opcional que est\u00e1 especialmente dise\u00f1ado para determinados televisores LED y OLED BRAVIA \u2122 de Sony<\/li>\n<\/ul>\n","protected":false},"excerpt":{"rendered":"<p>Inteligente, potente y hermoso, el X85J est\u00e1 dise\u00f1ado para todo su contenido favorito.\u00a0Con la tecnolog\u00eda del procesador X1 4K HDR, las im\u00e1genes 4K HDR superbrillantes cobran vida con colores vivos<\/p>\n","protected":false},"featured_media":51768,"comment_status":"open","ping_status":"closed","template":"","meta":{"_acf_changed":false,"_joinchat":[]},"product_brand":[],"product_cat":[336,937],"product_tag":[],"class_list":{"0":"post-51764","1":"product","2":"type-product","3":"status-publish","4":"has-post-thumbnail","6":"product_cat-hogar","7":"product_cat-pantallas","9":"first","10":"instock","11":"sale","12":"shipping-taxable","13":"purchasable","14":"product-type-simple"},"acf":[],"_links":{"self":[{"href":"https:\/\/defabrica.com.mx\/defabrica\/wp-json\/wp\/v2\/product\/51764","targetHints":{"allow":["GET"]}}],"collection":[{"href":"https:\/\/defabrica.com.mx\/defabrica\/wp-json\/wp\/v2\/product"}],"about":[{"href":"https:\/\/defabrica.com.mx\/defabrica\/wp-json\/wp\/v2\/types\/product"}],"replies":[{"embeddable":true,"href":"https:\/\/defabrica.com.mx\/defabrica\/wp-json\/wp\/v2\/comments?post=51764"}],"wp:featuredmedia":[{"embeddable":true,"href":"https:\/\/defabrica.com.mx\/defabrica\/wp-json\/wp\/v2\/media\/51768"}],"wp:attachment":[{"href":"https:\/\/defabrica.com.mx\/defabrica\/wp-json\/wp\/v2\/media?parent=51764"}],"wp:term":[{"taxonomy":"product_brand","embeddable":true,"href":"https:\/\/defabrica.com.mx\/defabrica\/wp-json\/wp\/v2\/product_brand?post=51764"},{"taxonomy":"product_cat","embeddable":true,"href":"https:\/\/defabrica.com.mx\/defabrica\/wp-json\/wp\/v2\/product_cat?post=51764"},{"taxonomy":"product_tag","embeddable":true,"href":"https:\/\/defabrica.com.mx\/defabrica\/wp-json\/wp\/v2\/product_tag?post=51764"}],"curies":[{"name":"wp","href":"https:\/\/api.w.org\/{rel}","templated":true}]}}