{"id":51541,"date":"2021-10-17T21:27:36","date_gmt":"2021-10-18T02:27:36","guid":{"rendered":"https:\/\/defabrica.com.mx\/defabrica\/?post_type=product&#038;p=51541"},"modified":"2022-12-07T12:39:00","modified_gmt":"2022-12-07T18:39:00","slug":"tcl-75-clase-5-serie-qled-4k-uhd-smart-roku-tv","status":"publish","type":"product","link":"https:\/\/defabrica.com.mx\/defabrica\/producto\/tcl-75-clase-5-serie-qled-4k-uhd-smart-roku-tv\/","title":{"rendered":"TCL &#8211; 75\u201d Clase 5 Serie QLED 4K UHD Smart Roku TV"},"content":{"rendered":"<div class=\"embedded-component-container lv product-description\">\n<div>\n<div id=\"shop-product-description-79262406\" class=\"None\" data-version=\"1.3.37\">\n<div class=\"shop-product-description\">\n<section class=\"align-heading-left\" data-reactroot=\"\">\n<div class=\"long-description-container body-copy \">\n<div class=\"html-fragment\">\n<div>\n<div>\n<p>El televisor QLED de la serie 5 de TCL combina im\u00e1genes premium y entretenimiento sin fin para una experiencia estelar de cine en casa.\u00a0La tecnolog\u00eda Quantum Dot y el HDR Pro Pack con Dolby Vision se combinan para obtener un mayor brillo y contraste, as\u00ed como una paleta completa de colores intensos.\u00a0La tecnolog\u00eda Contrast Control Zone de TCL optimiza la imagen en las zonas individuales para producir un contraste sorprendente entre las \u00e1reas claras y oscuras.\u00a0El motor AiPQ de los modelos de la serie 5 utiliza algoritmos de aprendizaje autom\u00e1tico para optimizar el color, el contraste y la claridad para una experiencia 4K HDR inigualable.\u00a0Easy Voice Control te permite controlar tu entretenimiento usando solo tu voz.\u00a0Estar\u00e1s listo para jugar con el modo de juego autom\u00e1tico, que ajusta la configuraci\u00f3n de la imagen para una experiencia de juego de respuesta r\u00e1pida optimizada.\u00a0Adem\u00e1s, el sistema operativo Roku brinda acceso sin inconvenientes a su decodificador de cable, reproductor de Blu-ray, consola de juegos,\u00a0y otros dispositivos sin tener que pasar por entradas o men\u00fas complicados.\u00a0El control remoto s\u00faper simple, con aproximadamente la mitad del n\u00famero de botones de un control remoto de TV tradicional, le permite controlar su entretenimiento favorito.<\/p>\n<p>&nbsp;<\/p>\n<\/div>\n<\/div>\n<\/div>\n<\/div>\n<\/section>\n<\/div>\n<\/div>\n<\/div>\n<\/div>\n<h3><strong>Caracter\u00edsticas<\/strong><\/h3>\n<ul>\n<li><strong>QLED<\/strong><br \/>\nLa tecnolog\u00eda de puntos cu\u00e1nticos ofrece un mejor brillo y un volumen de color m\u00e1s amplio para una imagen excepcionalmente v\u00edvida.<\/li>\n<li><strong>Zonas de control de contraste<\/strong><br \/>\nEl contraste se optimiza en 80 zonas para ofrecer blancos m\u00e1s brillantes y negros m\u00e1s profundos.<\/li>\n<li><strong>Paquete HDR Pro<\/strong><br \/>\nLos formatos HDR, incluidos Dolby Vision, HDR10 y HLG, ofrecen un contraste sorprendente para blancos m\u00e1s brillantes y negros m\u00e1s oscuros.<\/li>\n<li><strong>Modo de juego autom\u00e1tico<\/strong><br \/>\nAjuste autom\u00e1tico para una experiencia de juego optimizada de respuesta r\u00e1pida.<\/li>\n<li><strong>Motor AiPQ<\/strong><br \/>\nEl motor AiPQ de TCL optimiza el color, el contraste y la claridad con tres algoritmos de calidad de imagen principales: Smart HDR para colores vibrantes, Smart 4K Upscaling para una claridad n\u00edtida y Smart Contrast para una profundidad espectacular.<\/li>\n<li><strong>Plataforma de Smart TV del a\u00f1o<\/strong><br \/>\nLa plataforma Roku Smart TV brinda acceso a miles de canales de transmisi\u00f3n<\/li>\n<li><strong>F\u00e1cil control por voz<\/strong><br \/>\nEncuentre t\u00edtulos de pel\u00edculas, inicie o cambie canales, incluso cambie entradas, usando solo su voz. Disponible a trav\u00e9s de la aplicaci\u00f3n m\u00f3vil Roku, control remoto habilitado por voz y dispositivos de asistente de voz de terceros compatibles, incluidos Siri, Alexa y Hey Google.<\/li>\n<li><strong>Dise\u00f1o de vista completa<\/strong><br \/>\nDisfrute de un dise\u00f1o de vidrio de borde a borde para una experiencia visual contempor\u00e1nea.<\/li>\n<li><strong>4 entradas HDMI (1 eARC)<\/strong><br \/>\nConecte todos sus dispositivos favoritos a trav\u00e9s de las cuatro entradas HDMI que incluye 1 eARC para sincronizar f\u00e1cilmente fuentes de audio y video y ofrecer un sonido de mejor calidad.<\/li>\n<li><strong>Mantenimiento de cable<\/strong><br \/>\nUn sistema de administraci\u00f3n de cables integrado hace que la configuraci\u00f3n de su televisor sea limpia y ordenada.<\/li>\n<li><strong>Movimiento natural 240<\/strong><br \/>\nOfrece una claridad excepcionalmente suave durante escenas de acci\u00f3n r\u00e1pida.<\/li>\n<li><strong>Puerto Ethernet y WiFi de doble banda 802.11ac<\/strong><br \/>\nObtenga acceso r\u00e1pido y f\u00e1cil a su contenido favorito con la conexi\u00f3n WiFi de doble banda o con\u00e9ctelo al puerto Ethernet.<\/li>\n<li><strong>Dise\u00f1o premium<\/strong><br \/>\nUn acabado oscuro, un perfil delgado y patas met\u00e1licas angulares le dan estilo y sofisticaci\u00f3n a su sistema de cine en casa.<\/li>\n<li><strong>Mira, escucha y comparte con Apple Airplay<\/strong><br \/>\nComparta videos, fotos y m\u00fasica desde su dispositivo Apple usando AirPlay.<\/li>\n<\/ul>\n<div class=\"embedded-component-container lv product-features\"><\/div>\n","protected":false},"excerpt":{"rendered":"<p>El televisor QLED de la serie 5 de TCL combina im\u00e1genes premium y entretenimiento sin fin para una experiencia estelar de cine en casa.\u00a0La tecnolog\u00eda Quantum Dot y el HDR<\/p>\n","protected":false},"featured_media":51542,"comment_status":"open","ping_status":"closed","template":"","meta":{"_acf_changed":false,"_joinchat":[]},"product_brand":[],"product_cat":[336,937],"product_tag":[],"class_list":{"0":"post-51541","1":"product","2":"type-product","3":"status-publish","4":"has-post-thumbnail","6":"product_cat-hogar","7":"product_cat-pantallas","9":"first","10":"instock","11":"sale","12":"shipping-taxable","13":"purchasable","14":"product-type-simple"},"acf":[],"_links":{"self":[{"href":"https:\/\/defabrica.com.mx\/defabrica\/wp-json\/wp\/v2\/product\/51541","targetHints":{"allow":["GET"]}}],"collection":[{"href":"https:\/\/defabrica.com.mx\/defabrica\/wp-json\/wp\/v2\/product"}],"about":[{"href":"https:\/\/defabrica.com.mx\/defabrica\/wp-json\/wp\/v2\/types\/product"}],"replies":[{"embeddable":true,"href":"https:\/\/defabrica.com.mx\/defabrica\/wp-json\/wp\/v2\/comments?post=51541"}],"wp:featuredmedia":[{"embeddable":true,"href":"https:\/\/defabrica.com.mx\/defabrica\/wp-json\/wp\/v2\/media\/51542"}],"wp:attachment":[{"href":"https:\/\/defabrica.com.mx\/defabrica\/wp-json\/wp\/v2\/media?parent=51541"}],"wp:term":[{"taxonomy":"product_brand","embeddable":true,"href":"https:\/\/defabrica.com.mx\/defabrica\/wp-json\/wp\/v2\/product_brand?post=51541"},{"taxonomy":"product_cat","embeddable":true,"href":"https:\/\/defabrica.com.mx\/defabrica\/wp-json\/wp\/v2\/product_cat?post=51541"},{"taxonomy":"product_tag","embeddable":true,"href":"https:\/\/defabrica.com.mx\/defabrica\/wp-json\/wp\/v2\/product_tag?post=51541"}],"curies":[{"name":"wp","href":"https:\/\/api.w.org\/{rel}","templated":true}]}}