{"id":51431,"date":"2021-10-16T20:06:47","date_gmt":"2021-10-17T01:06:47","guid":{"rendered":"https:\/\/defabrica.com.mx\/defabrica\/?post_type=product&#038;p=51431"},"modified":"2025-10-10T11:34:54","modified_gmt":"2025-10-10T17:34:54","slug":"tcl-2021-55-clase-6-serie-mini-led-qled-4k-uhd-smart-google-tv","status":"publish","type":"product","link":"https:\/\/defabrica.com.mx\/defabrica\/producto\/tcl-2021-55-clase-6-serie-mini-led-qled-4k-uhd-smart-google-tv\/","title":{"rendered":"TCL (2021) 55&#8243; Clase 6-Serie Mini-LED QLED 4K UHD Smart Google TV"},"content":{"rendered":"<div class=\"embedded-component-container lv product-description\">\n<div>\n<div id=\"shop-product-description-29521490\" class=\"None\" data-version=\"1.3.37\">\n<div class=\"shop-product-description\">\n<section class=\"align-heading-left\" data-reactroot=\"\">\n<div class=\"long-description-container body-copy \">\n<div class=\"html-fragment\">\n<div>\n<div>\n<p>La serie 6 de TCL combina la asombrosa tecnolog\u00eda 4K HDR y Mini-LED en un atrevido dise\u00f1o de metal pulido para una experiencia de TV superior.\u00a0La tecnolog\u00eda Quantum Dot y el HDR Pro Pack con Dolby Vision se combinan para obtener un mayor brillo y contraste, as\u00ed como una paleta completa de colores intensos.\u00a0La tecnolog\u00eda Contrast Control Zone de TCL optimiza la imagen en las zonas individuales para producir un contraste sorprendente entre las \u00e1reas claras y oscuras.\u00a0El motor AiPQ de los modelos de la serie 6 utiliza algoritmos de aprendizaje autom\u00e1tico para mejorar de forma inteligente el color, el contraste y la claridad, mientras disfruta de una experiencia 4K HDR inigualable.\u00a0Obtenga una ventaja competitiva con el primer televisor del mundo que cuenta con el modo de juego certificado por THX combinado con la frecuencia de actualizaci\u00f3n variable y el modo de juego autom\u00e1tico para una experiencia de juego m\u00e1s fluida y optimizada.\u00a0Adem\u00e1s, Google TV re\u00fane pel\u00edculas, programas,\u00a0TV en vivo y m\u00e1s de todas tus aplicaciones y suscripciones y las organiza solo para ti.\u00a0Descubra qu\u00e9 mirar a continuaci\u00f3n con recomendaciones basadas en sus favoritos actuales y lo que le interesa.\u00a0Disfrute de un f\u00e1cil control y entretenimiento en el hogar, sin mover un dedo.\u00a0Enciende el gran juego.\u00a0Apagar las luces.\u00a0Mira qui\u00e9n est\u00e1 en la puerta principal.\u00a0Todo sin tener que preguntar \u00ab\u00bfd\u00f3nde est\u00e1 el control remoto?\u00bb\u00a0Esa es la magia del control de voz manos libres.<\/p>\n<p>&nbsp;<\/p>\n<\/div>\n<\/div>\n<\/div>\n<\/div>\n<\/section>\n<\/div>\n<\/div>\n<\/div>\n<\/div>\n<h3><strong>Caracter\u00edsticas<\/strong><\/h3>\n<ul>\n<li><strong>Superior 4K Ultra HD<\/strong><br \/>\nLa claridad de la imagen se combina con el contraste, el color y los detalles de Dolby Vision HDR (alto rango din\u00e1mico) para obtener la imagen m\u00e1s realista.<\/li>\n<li><strong>Tecnolog\u00eda Mini-LED<\/strong><br \/>\nContraste, brillo y uniformidad sin concesiones para una visualizaci\u00f3n incre\u00edble en cualquier entorno. La tecnolog\u00eda de retroiluminaci\u00f3n Mini-LED brinda un control excepcionalmente poderoso y preciso de \u00e1reas de la imagen brillantemente brillantes y profundamente oscuras, brindando una profundidad y dimensi\u00f3n incomparables.<\/li>\n<li><strong>QLED<\/strong><br \/>\nLa tecnolog\u00eda de puntos cu\u00e1nticos ofrece m\u00e1s de mil millones de colores con mayor precisi\u00f3n, mejor brillo y un volumen de color m\u00e1s amplio, que coincide con el formato utilizado por la mayor\u00eda de las pantallas de cine y los creadores de contenido de Hollywood. Esto proporciona un rendimiento de imagen excepcionalmente v\u00edvido y realista.<\/li>\n<li><strong>Zonas de control de contraste<\/strong><br \/>\nEl contraste se optimiza en hasta 240 zonas localizadas para lograr una distinci\u00f3n sorprendente entre las \u00e1reas claras y oscuras de la imagen para obtener el m\u00e1ximo detalle, profundidad y dimensi\u00f3n.<\/li>\n<li><strong>Control de voz manos libres<\/strong><br \/>\nF\u00e1cil control y entretenimiento del hogar, sin mover un dedo. Enciende el gran juego. Apagar las luces. Mira qui\u00e9n est\u00e1 en la puerta principal. Todo sin tener que preguntar \u00ab\u00bfd\u00f3nde est\u00e1 el control remoto?\u00bb Esa es la magia del control de voz manos libres. Solo di \u00abOk Google\u00bb para comenzar.<\/li>\n<li><strong>Lo que quieres ver, todo en un solo lugar<\/strong><br \/>\nElija entre m\u00e1s de 700,000 pel\u00edculas y programas de entre sus aplicaciones favoritas, organizadas de manera inteligente solo para usted. Sintonice programas en vivo, seleccione listas de seguimiento y obtenga recomendaciones basadas en lo que ha visto y lo que le interesa.<\/li>\n<li><strong>Paquete HDR Pro con Dolby Vision<\/strong><br \/>\nDisfrute de una experiencia verdaderamente cinematogr\u00e1fica en casa con un brillo sorprendente, un contraste incre\u00edble y un color incre\u00edblemente realista con soporte para Dolby Vision, HDR10, HDR10 + y HLG.<\/li>\n<li><strong>Miles de aplicaciones de transmisi\u00f3n<\/strong><br \/>\nDisfruta de miles de pel\u00edculas y programas disponibles para transmitir, incluidos deportes, noticias, m\u00fasica, ni\u00f1os y familia, comida, ciencia y tecnolog\u00eda, fitness, idiomas extranjeros y mucho m\u00e1s con el sistema operativo Google TV.<\/li>\n<li><strong>Chromecast integrado<\/strong><br \/>\nTransmita f\u00e1cilmente pel\u00edculas, programas, fotos y m\u00e1s desde su dispositivo Android o iOS a su TCL Google TV.<\/li>\n<li><strong>Easy Voice Control funciona con Alexa<\/strong><br \/>\nEncuentre t\u00edtulos de pel\u00edculas, ajuste el volumen, vea c\u00e1maras inteligentes o controle otros dispositivos dom\u00e9sticos inteligentes habilitados para Alexa, usando solo su voz.<\/li>\n<li><strong>Motor AiPQ<\/strong><br \/>\nEl motor AiPQ utiliza el aprendizaje autom\u00e1tico para mejorar de manera inteligente el color, el contraste y la claridad, mientras observa una experiencia 4K HDR inigualable con tres algoritmos de calidad de imagen principales: Smart HDR para colores vibrantes, Smart 4K Upscaling para una claridad n\u00edtida y Smart Contrast para dram\u00e1ticos profundidad.<\/li>\n<li><strong>Modo de juego con certificaci\u00f3n THX<\/strong><br \/>\nObtenga una ventaja competitiva con la experiencia de visualizaci\u00f3n m\u00e1s \u00f3ptima para juegos en pantalla grande; nunca te pierdas la acci\u00f3n debido a la imagen borrosa, el tiempo de respuesta o el retraso de entrada, y disfruta del juego como lo pretendieron los creadores.<\/li>\n<li><strong>Frecuencia de actualizaci\u00f3n variable (VRR)<\/strong><br \/>\nLa frecuencia de actualizaci\u00f3n din\u00e1mica se ajusta a su contenido para producir una jugabilidad m\u00e1s fluida y fluida como la pretend\u00edan los creadores de videojuegos.<\/li>\n<li><strong>Modo de juego autom\u00e1tico<\/strong><br \/>\nListo. Colocar. \u00a1Juego! Cuando se detecta una consola de juegos compatible, el modo de juego se activar\u00e1 autom\u00e1ticamente para obtener la acci\u00f3n m\u00e1s fluida, la latencia m\u00e1s baja y la mejor configuraci\u00f3n de imagen para los juegos.<\/li>\n<li><strong>Vista completa<\/strong><br \/>\nDisfrute de un dise\u00f1o de vidrio limpio y contempor\u00e1neo de borde a borde que se integra a la perfecci\u00f3n en su experiencia visual.<\/li>\n<li><strong>Movimiento natural 480<\/strong><br \/>\nOfrece una claridad excepcionalmente suave durante escenas de acci\u00f3n r\u00e1pida.<\/li>\n<li><strong>4 entradas HDMI (1 eARC)<\/strong><br \/>\nConecte todos sus dispositivos favoritos a trav\u00e9s de las cuatro entradas HDMI que incluye 1 eARC para sincronizar f\u00e1cilmente fuentes de audio y video y ofrecer un sonido de mejor calidad.<\/li>\n<li><strong>WiFi 6 y puerto Ethernet<\/strong><br \/>\nObtenga acceso r\u00e1pido y f\u00e1cil a su contenido favorito con la conexi\u00f3n WiFi 6 de doble banda o con\u00e9ctelo al puerto Ethernet.<\/li>\n<li><strong>Mando a distancia f\u00e1cil de usar<\/strong><br \/>\nEl control remoto s\u00faper simple, con aproximadamente la mitad del n\u00famero de botones de un control remoto de TV tradicional, te permite controlar tu entretenimiento favorito.<\/li>\n<li><strong>Mantenimiento de cable<\/strong><br \/>\nUn sistema de administraci\u00f3n de cables integrado hace que la configuraci\u00f3n de su televisor sea ordenada y ordenada.<\/li>\n<li><strong>Cortar el cable de forma f\u00e1cil<\/strong><br \/>\nLos cortadores de cable pueden acceder a contenido HD por aire con el sintonizador de TV digital avanzado. La TV en vivo tambi\u00e9n se mezcla en sus recomendaciones, basadas en equipos, programas y sus canales favoritos.<\/li>\n<li><strong>Dise\u00f1o premium<\/strong><br \/>\nUn acabado oscuro, un perfil delgado y patas met\u00e1licas angulares le dan estilo y sofisticaci\u00f3n a su sistema de cine en casa.<\/li>\n<li><strong>Aplicaci\u00f3n gratuita de Google TV<\/strong><br \/>\nEncuentre y disfrute f\u00e1cilmente el entretenimiento que ama mientras viaja. Encuentre qu\u00e9 mirar a continuaci\u00f3n, explore los \u00faltimos lanzamientos o agregue pel\u00edculas y programas a su lista de observaci\u00f3n, todo desde su dispositivo Android.<\/li>\n<li><strong>Lista de seguimiento<\/strong><br \/>\nAgregue programas y pel\u00edculas interesantes a su lista de observaci\u00f3n para realizar un seguimiento de sus nuevos descubrimientos en todos los dispositivos y verlos m\u00e1s tarde.<\/li>\n<\/ul>\n<div class=\"embedded-component-container lv product-features\"><\/div>\n","protected":false},"excerpt":{"rendered":"<p>La serie 6 de TCL combina la asombrosa tecnolog\u00eda 4K HDR y Mini-LED en un atrevido dise\u00f1o de metal pulido para una experiencia de TV superior.\u00a0La tecnolog\u00eda Quantum Dot y<\/p>\n","protected":false},"featured_media":51442,"comment_status":"open","ping_status":"closed","template":"","meta":{"_acf_changed":false,"_joinchat":[]},"product_brand":[],"product_cat":[1522,336,937],"product_tag":[],"class_list":{"0":"post-51431","1":"product","2":"type-product","3":"status-publish","4":"has-post-thumbnail","6":"product_cat-ofertas-hogar","7":"product_cat-hogar","8":"product_cat-pantallas","10":"first","11":"instock","12":"sale","13":"shipping-taxable","14":"purchasable","15":"product-type-simple"},"acf":[],"_links":{"self":[{"href":"https:\/\/defabrica.com.mx\/defabrica\/wp-json\/wp\/v2\/product\/51431","targetHints":{"allow":["GET"]}}],"collection":[{"href":"https:\/\/defabrica.com.mx\/defabrica\/wp-json\/wp\/v2\/product"}],"about":[{"href":"https:\/\/defabrica.com.mx\/defabrica\/wp-json\/wp\/v2\/types\/product"}],"replies":[{"embeddable":true,"href":"https:\/\/defabrica.com.mx\/defabrica\/wp-json\/wp\/v2\/comments?post=51431"}],"wp:featuredmedia":[{"embeddable":true,"href":"https:\/\/defabrica.com.mx\/defabrica\/wp-json\/wp\/v2\/media\/51442"}],"wp:attachment":[{"href":"https:\/\/defabrica.com.mx\/defabrica\/wp-json\/wp\/v2\/media?parent=51431"}],"wp:term":[{"taxonomy":"product_brand","embeddable":true,"href":"https:\/\/defabrica.com.mx\/defabrica\/wp-json\/wp\/v2\/product_brand?post=51431"},{"taxonomy":"product_cat","embeddable":true,"href":"https:\/\/defabrica.com.mx\/defabrica\/wp-json\/wp\/v2\/product_cat?post=51431"},{"taxonomy":"product_tag","embeddable":true,"href":"https:\/\/defabrica.com.mx\/defabrica\/wp-json\/wp\/v2\/product_tag?post=51431"}],"curies":[{"name":"wp","href":"https:\/\/api.w.org\/{rel}","templated":true}]}}