{"id":51273,"date":"2021-10-16T18:36:07","date_gmt":"2021-10-16T23:36:07","guid":{"rendered":"https:\/\/defabrica.com.mx\/defabrica\/?post_type=product&#038;p=51273"},"modified":"2022-12-07T12:34:29","modified_gmt":"2022-12-07T18:34:29","slug":"tcl-65-clase-4-serie-led-4k-uhd-hdr-smart-android-tv","status":"publish","type":"product","link":"https:\/\/defabrica.com.mx\/defabrica\/producto\/tcl-65-clase-4-serie-led-4k-uhd-hdr-smart-android-tv\/","title":{"rendered":"TCL &#8211; 65&#8243; Clase 4 &#8211; Serie LED 4K UHD HDR Smart Android TV"},"content":{"rendered":"<div class=\"embedded-component-container lv product-description\">\n<div>\n<div id=\"shop-product-description-6227951\" class=\"None\" data-version=\"1.3.37\">\n<div class=\"shop-product-description\">\n<section class=\"align-heading-left\" data-reactroot=\"\">\n<div class=\"long-description-container body-copy \">\n<div class=\"html-fragment\">\n<div>\n<div>\n<p>El televisor Android 4-Series 4K TCL ofrece una impresionante calidad de imagen Ultra HD con cuatro veces la resoluci\u00f3n de Full HD para una mayor claridad y detalle, as\u00ed como entretenimiento sin fin con miles de aplicaciones de transmisi\u00f3n.\u00a0Vea sus favoritos de entretenimiento en un solo lugar, con acceso continuo a m\u00e1s de 700,000 pel\u00edculas y episodios de TV, su decodificador de cable, consola de juegos y otros dispositivos, todo desde una pantalla de inicio r\u00e1pida y sencilla.\u00a0Disfrute del entretenimiento, obtenga respuestas y controle los dispositivos de su hogar con el Asistente de Google integrado.\u00a0Adem\u00e1s, con Chromecast integrado, puede transmitir f\u00e1cilmente pel\u00edculas, programas y fotos desde su dispositivo Android o iOS a su TCL Android TV.\u00a0Conecte todos sus dispositivos favoritos con las m\u00faltiples entradas HDMI.\u00a0Los cortadores de cable pueden acceder gratis.<\/p>\n<p>&nbsp;<\/p>\n<\/div>\n<\/div>\n<\/div>\n<\/div>\n<\/section>\n<\/div>\n<\/div>\n<\/div>\n<\/div>\n<h3><strong>Caracter\u00edsticas<\/strong><\/h3>\n<ul>\n<li><strong>4K Ultra HD (resoluci\u00f3n de 2160p)<\/strong><br \/>\nDisfruta de impresionantes pel\u00edculas y programas de TV en 4K a 4 veces la resoluci\u00f3n de Full HD y mejora tu contenido actual a una calidad de imagen de nivel Ultra HD.<\/li>\n<li><strong>Alto rango din\u00e1mico<\/strong><br \/>\nHDR ofrece colores brillantes y precisos para una experiencia de visualizaci\u00f3n realista.<\/li>\n<li><strong>Asistente de Google integrado<\/strong><br \/>\nBusque pel\u00edculas y programas en miles de aplicaciones disponibles, obtenga recomendaciones de entretenimiento, acceda a los controles de reproducci\u00f3n de medios, cambie la temperatura, aten\u00fae las luces y mucho m\u00e1s.<\/li>\n<li><strong>Chromecast integrado<\/strong><br \/>\nTransmita f\u00e1cilmente pel\u00edculas, programas y fotos desde su dispositivo Android o iOS a su TCL Android TV.<\/li>\n<li><strong>Miles de aplicaciones de transmisi\u00f3n<\/strong><br \/>\nTransmita m\u00e1s de 700,000 pel\u00edculas y programas, deportes y noticias en vivo, o su m\u00fasica favorita desde Google Play, YouTube y sus aplicaciones favoritas.<\/li>\n<li><strong>Control remoto por voz<\/strong><br \/>\nEl control remoto f\u00e1cil de usar tambi\u00e9n cuenta con b\u00fasqueda y control por voz, lo que le permite encontrar t\u00edtulos de pel\u00edculas, iniciar o cambiar aplicaciones y m\u00e1s. Simplemente presione el bot\u00f3n en el control remoto por voz y diga un comando.<\/li>\n<li><strong>Puerto Ethernet y WiFi de doble banda 802.11ac<\/strong><br \/>\nObtenga acceso r\u00e1pido y f\u00e1cil a su contenido favorito con la conexi\u00f3n WiFi de doble banda o con\u00e9ctelo al puerto Ethernet.<\/li>\n<li><strong>Conectividad inal\u00e1mbrica Bluetooth\u00ae<\/strong><br \/>\nAmpl\u00ede sus opciones de entretenimiento transmitiendo m\u00fasica de forma inal\u00e1mbrica a su tel\u00e9fono, auriculares o una barra de sonido con Bluetooth.<\/li>\n<li><strong>\u00cdndice de movimiento claro 120<\/strong><br \/>\nMuestra escenas de acci\u00f3n y deportes en c\u00e1mara r\u00e1pida con claridad y suavidad.<\/li>\n<li>Los servicios y el contenido basados \u200b\u200ben la web requieren un servicio de Internet de alta velocidad. Algunos servicios pueden requerir una suscripci\u00f3n.<\/li>\n<li>Chromecast funciona con un iPhone, iPad, tel\u00e9fono o tableta Android, MacBook o computadora port\u00e1til con Windows o Chromebook compatibles.<\/li>\n<\/ul>\n<div class=\"embedded-component-container lv product-features\"><\/div>\n","protected":false},"excerpt":{"rendered":"<p>El televisor Android 4-Series 4K TCL ofrece una impresionante calidad de imagen Ultra HD con cuatro veces la resoluci\u00f3n de Full HD para una mayor claridad y detalle, as\u00ed como<\/p>\n","protected":false},"featured_media":51299,"comment_status":"open","ping_status":"closed","template":"","meta":{"_acf_changed":false,"_joinchat":[]},"product_brand":[],"product_cat":[1522,336,937],"product_tag":[],"class_list":{"0":"post-51273","1":"product","2":"type-product","3":"status-publish","4":"has-post-thumbnail","6":"product_cat-ofertas-hogar","7":"product_cat-hogar","8":"product_cat-pantallas","10":"first","11":"instock","12":"sale","13":"shipping-taxable","14":"purchasable","15":"product-type-simple"},"acf":[],"_links":{"self":[{"href":"https:\/\/defabrica.com.mx\/defabrica\/wp-json\/wp\/v2\/product\/51273","targetHints":{"allow":["GET"]}}],"collection":[{"href":"https:\/\/defabrica.com.mx\/defabrica\/wp-json\/wp\/v2\/product"}],"about":[{"href":"https:\/\/defabrica.com.mx\/defabrica\/wp-json\/wp\/v2\/types\/product"}],"replies":[{"embeddable":true,"href":"https:\/\/defabrica.com.mx\/defabrica\/wp-json\/wp\/v2\/comments?post=51273"}],"wp:featuredmedia":[{"embeddable":true,"href":"https:\/\/defabrica.com.mx\/defabrica\/wp-json\/wp\/v2\/media\/51299"}],"wp:attachment":[{"href":"https:\/\/defabrica.com.mx\/defabrica\/wp-json\/wp\/v2\/media?parent=51273"}],"wp:term":[{"taxonomy":"product_brand","embeddable":true,"href":"https:\/\/defabrica.com.mx\/defabrica\/wp-json\/wp\/v2\/product_brand?post=51273"},{"taxonomy":"product_cat","embeddable":true,"href":"https:\/\/defabrica.com.mx\/defabrica\/wp-json\/wp\/v2\/product_cat?post=51273"},{"taxonomy":"product_tag","embeddable":true,"href":"https:\/\/defabrica.com.mx\/defabrica\/wp-json\/wp\/v2\/product_tag?post=51273"}],"curies":[{"name":"wp","href":"https:\/\/api.w.org\/{rel}","templated":true}]}}