{"id":51255,"date":"2021-10-16T18:25:36","date_gmt":"2021-10-16T23:25:36","guid":{"rendered":"https:\/\/defabrica.com.mx\/defabrica\/?post_type=product&#038;p=51255"},"modified":"2022-12-07T12:33:57","modified_gmt":"2022-12-07T18:33:57","slug":"tcl-55-clase-4-serie-4k-uhd-smart-roku-tv","status":"publish","type":"product","link":"https:\/\/defabrica.com.mx\/defabrica\/producto\/tcl-55-clase-4-serie-4k-uhd-smart-roku-tv\/","title":{"rendered":"TCL \u2013 55\u201d Clase 4 Serie 4K UHD Smart Roku TV"},"content":{"rendered":"<div class=\"embedded-component-container lv product-description\">\n<div>\n<div id=\"shop-product-description-70100016\" class=\"None\" data-version=\"1.3.37\">\n<div class=\"shop-product-description\">\n<section class=\"align-heading-left\" data-reactroot=\"\">\n<div class=\"long-description-container body-copy \">\n<div class=\"html-fragment\">\n<div>\n<div>\n<p>El televisor Roku de la serie 4 ofrece una impresionante calidad de imagen 4K con cuatro veces la resoluci\u00f3n de Full HD para una mayor claridad y detalle, as\u00ed como entretenimiento sin fin con miles de canales de transmisi\u00f3n.\u00a0La tecnolog\u00eda de alto rango din\u00e1mico (HDR) ofrece colores brillantes y precisos para una experiencia de visualizaci\u00f3n realista.\u00a0Adem\u00e1s, sus programas, pel\u00edculas y eventos deportivos favoritos en HD se actualizan a una resoluci\u00f3n cercana a Ultra HD con 4K Upscaling.\u00a0La pantalla de inicio simple y personalizada permite un acceso sin problemas a miles de canales de transmisi\u00f3n, adem\u00e1s de su decodificador de cable, reproductor de Blu-ray, consola de juegos y otros dispositivos sin tener que hojear entradas o men\u00fas complicados.\u00a0El control remoto s\u00faper simple, con aproximadamente la mitad del n\u00famero de botones de un control remoto de TV tradicional, le permite controlar su entretenimiento favorito.<\/p>\n<p>&nbsp;<\/p>\n<\/div>\n<\/div>\n<\/div>\n<\/div>\n<\/section>\n<\/div>\n<\/div>\n<\/div>\n<\/div>\n<h3><strong>Caracter\u00edsticas<\/strong><\/h3>\n<ul>\n<li><strong>Impresionante 4K UHD con alto rango din\u00e1mico<\/strong><br \/>\nLa asombrosa resoluci\u00f3n 4K UHD con HDR ofrece mayor claridad y detalle para todo su contenido favorito.<\/li>\n<li><strong>Miles de canales de transmisi\u00f3n<\/strong><br \/>\nDisfrute de m\u00e1s de 500,000 pel\u00edculas y episodios de TV disponibles para transmitir, adem\u00e1s de deportes, noticias, m\u00fasica, ni\u00f1os y familia, comida, ciencia y tecnolog\u00eda, fitness, idiomas extranjeros y mucho m\u00e1s.<\/li>\n<li><strong>F\u00e1cil control por voz<\/strong><br \/>\nEncuentre t\u00edtulos de pel\u00edculas, inicie o cambie canales, incluso cambie de entrada, usando su voz. La funci\u00f3n de controles de voz est\u00e1 disponible a trav\u00e9s de la aplicaci\u00f3n m\u00f3vil Roku y tambi\u00e9n funciona con Siri, Alexa y Hey Google.<\/li>\n<li><strong>Pantalla de inicio sencilla y personalizada<\/strong><br \/>\nLa pantalla de inicio simple y personalizada le brinda f\u00e1cil acceso a miles de canales de transmisi\u00f3n, televisi\u00f3n por cable, consolas de juegos y otros dispositivos. Ya no es necesario hojear entradas o men\u00fas complicados: todos sus favoritos est\u00e1n al alcance de su mano.<\/li>\n<li><strong>Sintonizador digital avanzado con gu\u00eda de canales de TV en vivo<\/strong><br \/>\nNavegue y disfrute f\u00e1cilmente de m\u00e1s de 100 canales en vivo con noticias, deportes, cocina, entretenimiento de estilo de vida y m\u00e1s. Agregue una antena HDTV para ver los canales de su red local y los canales de transmisi\u00f3n gratuita, todo en un solo lugar.<\/li>\n<li><strong>Mando a distancia f\u00e1cil de usar<\/strong><br \/>\nEl control remoto s\u00faper simple, con aproximadamente la mitad del n\u00famero de botones de un control remoto de TV tradicional, le permite controlar su entretenimiento favorito.<\/li>\n<li><strong>Puerto Ethernet y WiFi de doble banda 802.11ac<\/strong><br \/>\nObtenga acceso r\u00e1pido y f\u00e1cil a su contenido favorito con la conexi\u00f3n WiFi de doble banda o con\u00e9ctelo al puerto Ethernet.<\/li>\n<li><strong>4 entradas HDMI (1 ARC)<\/strong><br \/>\nConecte todos sus dispositivos favoritos a trav\u00e9s de las cuatro entradas HDMI que incluyen 1 HDMI ARC para sincronizar f\u00e1cilmente las fuentes de audio y video y brindar un sonido de mejor calidad.<\/li>\n<li><strong>Dise\u00f1o premium<\/strong><br \/>\nUn acabado en negro y un pedestal cu\u00e1druple dan estilo y sofisticaci\u00f3n a su sistema de cine en casa.<\/li>\n<li><strong>Aplicaci\u00f3n remota gratuita de Roku<\/strong><br \/>\nTransforme su tel\u00e9fono inteligente o tableta en un control remoto Roku con todas las funciones con control de voz, la capacidad de navegar o agregar nuevos canales e incluso disfrutar del audio de la TV en los auriculares.<\/li>\n<li><strong>Mira, escucha y comparte con Apple Airplay<\/strong><br \/>\nComparta videos, fotos y m\u00fasica desde su dispositivo Apple usando AirPlay.<\/li>\n<\/ul>\n<div class=\"embedded-component-container lv product-features\"><\/div>\n","protected":false},"excerpt":{"rendered":"<p>El televisor Roku de la serie 4 ofrece una impresionante calidad de imagen 4K con cuatro veces la resoluci\u00f3n de Full HD para una mayor claridad y detalle, as\u00ed como<\/p>\n","protected":false},"featured_media":51261,"comment_status":"open","ping_status":"closed","template":"","meta":{"_acf_changed":false,"_joinchat":[]},"product_brand":[],"product_cat":[336,937],"product_tag":[],"class_list":{"0":"post-51255","1":"product","2":"type-product","3":"status-publish","4":"has-post-thumbnail","6":"product_cat-hogar","7":"product_cat-pantallas","9":"first","10":"instock","11":"sale","12":"shipping-taxable","13":"purchasable","14":"product-type-simple"},"acf":[],"_links":{"self":[{"href":"https:\/\/defabrica.com.mx\/defabrica\/wp-json\/wp\/v2\/product\/51255","targetHints":{"allow":["GET"]}}],"collection":[{"href":"https:\/\/defabrica.com.mx\/defabrica\/wp-json\/wp\/v2\/product"}],"about":[{"href":"https:\/\/defabrica.com.mx\/defabrica\/wp-json\/wp\/v2\/types\/product"}],"replies":[{"embeddable":true,"href":"https:\/\/defabrica.com.mx\/defabrica\/wp-json\/wp\/v2\/comments?post=51255"}],"wp:featuredmedia":[{"embeddable":true,"href":"https:\/\/defabrica.com.mx\/defabrica\/wp-json\/wp\/v2\/media\/51261"}],"wp:attachment":[{"href":"https:\/\/defabrica.com.mx\/defabrica\/wp-json\/wp\/v2\/media?parent=51255"}],"wp:term":[{"taxonomy":"product_brand","embeddable":true,"href":"https:\/\/defabrica.com.mx\/defabrica\/wp-json\/wp\/v2\/product_brand?post=51255"},{"taxonomy":"product_cat","embeddable":true,"href":"https:\/\/defabrica.com.mx\/defabrica\/wp-json\/wp\/v2\/product_cat?post=51255"},{"taxonomy":"product_tag","embeddable":true,"href":"https:\/\/defabrica.com.mx\/defabrica\/wp-json\/wp\/v2\/product_tag?post=51255"}],"curies":[{"name":"wp","href":"https:\/\/api.w.org\/{rel}","templated":true}]}}