{"id":51192,"date":"2021-10-16T17:43:27","date_gmt":"2021-10-16T22:43:27","guid":{"rendered":"https:\/\/defabrica.com.mx\/defabrica\/?post_type=product&#038;p=51192"},"modified":"2022-12-07T12:31:07","modified_gmt":"2022-12-07T18:31:07","slug":"tcl-32-clase-3-serie-hd-smart-android-tv","status":"publish","type":"product","link":"https:\/\/defabrica.com.mx\/defabrica\/producto\/tcl-32-clase-3-serie-hd-smart-android-tv\/","title":{"rendered":"TCL &#8211; 32&#8243; Clase 3 &#8211; Serie HD Smart Android TV"},"content":{"rendered":"<div>\n<div>Transmita sus pel\u00edculas y programas de TV favoritos con este televisor Android TCL 3-Series de 720p.\u00a0El sintonizador brinda acceso a canales gratuitos, mientras que el Chromecast integrado le permite reflejar el contenido audiovisual de sus dispositivos Android e iOS.\u00a0Este Android TV negro TCL 3-Series cuenta con Google Assistant para control por voz y un dise\u00f1o ultradelgado para una apariencia elegante.<\/div>\n<\/div>\n<div><\/div>\n<div><\/div>\n<div>\n<h3 class=\"heading-5 v-fw-regular feature-heading\"><strong>Caracter\u00edsticas<\/strong><\/h3>\n<ul>\n<li><strong>B\u00fasqueda r\u00e1pida y sencilla<\/strong><br \/>\nLlame al Asistente para buscar en la biblioteca completa de contenido para encontrar nuevas recomendaciones de entretenimiento. O busque en miles de aplicaciones disponibles para encontrar exactamente lo que est\u00e1 buscando.<\/li>\n<li><strong>Dise\u00f1o premium<\/strong><br \/>\nUn acabado en negro y un pedestal cu\u00e1druple dan estilo y sofisticaci\u00f3n a su sistema de cine en casa.<\/li>\n<li><strong>Wi-Fi de banda \u00fanica<\/strong><br \/>\nObtenga acceso r\u00e1pido y f\u00e1cil a su contenido favorito con la conexi\u00f3n Wi-Fi de banda \u00fanica.<\/li>\n<li><strong>Conectividad inal\u00e1mbrica bluetooth<\/strong><br \/>\nAmpl\u00ede sus opciones de entretenimiento transmitiendo m\u00fasica de forma inal\u00e1mbrica a su tel\u00e9fono, auriculares o una barra de sonido con Bluetooth.<\/li>\n<li><strong>Compatible con cortadores de cable<\/strong><br \/>\nLos cortadores de cable pueden acceder a contenido HD gratuito por aire con el sintonizador incorporado o ver televisi\u00f3n en vivo desde servicios populares de reemplazo de cable como YouTube TV, Sling, Hulu, Disney + y m\u00e1s.<\/li>\n<li><strong>HD (resoluci\u00f3n de 720p)<\/strong><br \/>\nVea c\u00f3mo sus pel\u00edculas y programas favoritos cobran vida con una claridad, color y contraste extraordinarios.<\/li>\n<li><strong>Smart TV con acceso a servicios de transmisi\u00f3n para innumerables opciones de entretenimiento<\/strong><br \/>\nTransmita programas, pel\u00edculas, juegos y m\u00e1s con el Wi-Fi incorporado y las aplicaciones integradas del televisor.<\/li>\n<li><strong>Asistente de Google integrado<\/strong><br \/>\nDisfrute del entretenimiento, obtenga respuestas y controle los dispositivos de su hogar usando su voz.<\/li>\n<li><strong>Control remoto por voz<\/strong><br \/>\nCuenta con b\u00fasqueda y control por voz, lo que le permite encontrar t\u00edtulos de pel\u00edculas, iniciar o cambiar aplicaciones, y m\u00e1s. Simplemente presione el bot\u00f3n en el control remoto por voz y diga un comando.<\/li>\n<li><strong>Chromecast integrado<\/strong><br \/>\nTransmita f\u00e1cilmente pel\u00edculas, programas y fotos desde su dispositivo Android o iOS a su TCL Android TV.<\/li>\n<li><strong>Los servicios y el contenido basados \u200b\u200ben la web requieren un servicio de Internet de alta velocidad. Algunos servicios pueden requerir una suscripci\u00f3n.<\/strong><\/li>\n<\/ul>\n<\/div>\n<p>&nbsp;<\/p>\n<p>&nbsp;<\/p>\n","protected":false},"excerpt":{"rendered":"<p>Transmita sus pel\u00edculas y programas de TV favoritos con este televisor Android TCL 3-Series de 720p.\u00a0El sintonizador brinda acceso a canales gratuitos, mientras que el Chromecast integrado le permite reflejar<\/p>\n","protected":false},"featured_media":51200,"comment_status":"open","ping_status":"closed","template":"","meta":{"_acf_changed":false,"_joinchat":[]},"product_brand":[],"product_cat":[336,937],"product_tag":[],"class_list":{"0":"post-51192","1":"product","2":"type-product","3":"status-publish","4":"has-post-thumbnail","6":"product_cat-hogar","7":"product_cat-pantallas","9":"first","10":"instock","11":"sale","12":"shipping-taxable","13":"purchasable","14":"product-type-simple"},"acf":[],"_links":{"self":[{"href":"https:\/\/defabrica.com.mx\/defabrica\/wp-json\/wp\/v2\/product\/51192","targetHints":{"allow":["GET"]}}],"collection":[{"href":"https:\/\/defabrica.com.mx\/defabrica\/wp-json\/wp\/v2\/product"}],"about":[{"href":"https:\/\/defabrica.com.mx\/defabrica\/wp-json\/wp\/v2\/types\/product"}],"replies":[{"embeddable":true,"href":"https:\/\/defabrica.com.mx\/defabrica\/wp-json\/wp\/v2\/comments?post=51192"}],"wp:featuredmedia":[{"embeddable":true,"href":"https:\/\/defabrica.com.mx\/defabrica\/wp-json\/wp\/v2\/media\/51200"}],"wp:attachment":[{"href":"https:\/\/defabrica.com.mx\/defabrica\/wp-json\/wp\/v2\/media?parent=51192"}],"wp:term":[{"taxonomy":"product_brand","embeddable":true,"href":"https:\/\/defabrica.com.mx\/defabrica\/wp-json\/wp\/v2\/product_brand?post=51192"},{"taxonomy":"product_cat","embeddable":true,"href":"https:\/\/defabrica.com.mx\/defabrica\/wp-json\/wp\/v2\/product_cat?post=51192"},{"taxonomy":"product_tag","embeddable":true,"href":"https:\/\/defabrica.com.mx\/defabrica\/wp-json\/wp\/v2\/product_tag?post=51192"}],"curies":[{"name":"wp","href":"https:\/\/api.w.org\/{rel}","templated":true}]}}