{"id":50989,"date":"2021-10-14T15:57:10","date_gmt":"2021-10-14T20:57:10","guid":{"rendered":"https:\/\/defabrica.com.mx\/defabrica\/?post_type=product&#038;p=50989"},"modified":"2022-11-30T13:52:01","modified_gmt":"2022-11-30T19:52:01","slug":"nuevo-apple-ipad-mini-2021","status":"publish","type":"product","link":"https:\/\/defabrica.com.mx\/defabrica\/producto\/nuevo-apple-ipad-mini-2021\/","title":{"rendered":"\u00a1Nuevo! Apple &#8211; iPad mini 2021"},"content":{"rendered":"<div class=\"rf-dcm-keyfeatures-heading\">\n<div class=\"dd-l-plate\">\n<h3 class=\"dd-features-header dd-util-compact-small-10 dd-push-bottom-large-25 dd-push-bottom-small-25\"><strong>Una mirada m\u00e1s cercana al iPad mini.<\/strong><\/h3>\n<p>&nbsp;<\/p>\n<\/div>\n<\/div>\n<div class=\"rf-dcm-keyfeatures-wrapper\">\n<div class=\"row\">\n<div class=\"column large-8 small-12\">\n<div>\n<div class=\"dd-card dd-ipad-mini-202109-display\">\n<div class=\"dd-card-info\"><span class=\"dd-callout-gray\">Dise\u00f1o de pantalla completa<\/span>\u00a0con una impresionante\u00a0<span class=\"dd-callout-gray\">pantalla Liquid Retina de 8.3 pulgadas<\/span>\u00a0con colores amplios, True Tone y 500 nits de brillo.<\/div>\n<div><\/div>\n<\/div>\n<div><\/div>\n<\/div>\n<\/div>\n<\/div>\n<div><span class=\"dd-callout-gray\">Touch ID<\/span>\u00a0integrado en el bot\u00f3n superior para una autenticaci\u00f3n r\u00e1pida, f\u00e1cil y segura.<\/div>\n<div><\/div>\n<\/div>\n<div><\/div>\n<div>Disfrute de un rendimiento incre\u00edble y la duraci\u00f3n de la bater\u00eda durante todo el d\u00eda con el\u00a0<span class=\"dd-callout-gray\">chip A15 Bionic<\/span>\u00a0.\u00a0<sup>4<\/sup><\/div>\n<div><\/div>\n<div><\/div>\n<div>Utilice la\u00a0<span class=\"dd-callout-gray\">c\u00e1mara frontal ultra ancha de 12MP con Center Stage<\/span>\u00a0para realizar videollamadas m\u00e1s naturales.<\/div>\n<div><\/div>\n<div><\/div>\n<div><span class=\"dd-callout-gray\">Se conecta magn\u00e9ticamente, se carga de forma inal\u00e1mbrica<\/span>\u00a0.\u00a0Escribe, dibuja y toma notas con el\u00a0<span class=\"dd-callout-gray\">Apple Pencil<\/span><\/div>\n<div><span class=\"dd-callout-gray\"> (segunda generaci\u00f3n)<\/span>\u00a0.\u00a0<sup>2<\/sup><\/div>\n<div><\/div>\n<div><\/div>\n<div><\/div>\n<div>Experimente\u00a0<span class=\"dd-callout-gray\">velocidades ultrarr\u00e1pidas en modelos celulares 5G<\/span>\u00a0.\u00a0<sup>3<\/sup><\/div>\n","protected":false},"excerpt":{"rendered":"<p>Una mirada m\u00e1s cercana al iPad mini. &nbsp; Dise\u00f1o de pantalla completa\u00a0con una impresionante\u00a0pantalla Liquid Retina de 8.3 pulgadas\u00a0con colores amplios, True Tone y 500 nits de brillo. Touch ID\u00a0integrado<\/p>\n","protected":false},"featured_media":51000,"comment_status":"open","ping_status":"closed","template":"","meta":{"_acf_changed":false,"_joinchat":[]},"product_brand":[],"product_cat":[408,409,256,410],"product_tag":[],"class_list":{"0":"post-50989","1":"product","2":"type-product","3":"status-publish","4":"has-post-thumbnail","6":"product_cat-celulares-y-tablets","7":"product_cat-tablets-y-ipad","8":"product_cat-ipad","9":"product_cat-todas-las-tablets","11":"first","12":"instock","13":"sale","14":"shipping-taxable","15":"purchasable","16":"product-type-variable","17":"has-default-attributes"},"acf":[],"_links":{"self":[{"href":"https:\/\/defabrica.com.mx\/defabrica\/wp-json\/wp\/v2\/product\/50989","targetHints":{"allow":["GET"]}}],"collection":[{"href":"https:\/\/defabrica.com.mx\/defabrica\/wp-json\/wp\/v2\/product"}],"about":[{"href":"https:\/\/defabrica.com.mx\/defabrica\/wp-json\/wp\/v2\/types\/product"}],"replies":[{"embeddable":true,"href":"https:\/\/defabrica.com.mx\/defabrica\/wp-json\/wp\/v2\/comments?post=50989"}],"wp:featuredmedia":[{"embeddable":true,"href":"https:\/\/defabrica.com.mx\/defabrica\/wp-json\/wp\/v2\/media\/51000"}],"wp:attachment":[{"href":"https:\/\/defabrica.com.mx\/defabrica\/wp-json\/wp\/v2\/media?parent=50989"}],"wp:term":[{"taxonomy":"product_brand","embeddable":true,"href":"https:\/\/defabrica.com.mx\/defabrica\/wp-json\/wp\/v2\/product_brand?post=50989"},{"taxonomy":"product_cat","embeddable":true,"href":"https:\/\/defabrica.com.mx\/defabrica\/wp-json\/wp\/v2\/product_cat?post=50989"},{"taxonomy":"product_tag","embeddable":true,"href":"https:\/\/defabrica.com.mx\/defabrica\/wp-json\/wp\/v2\/product_tag?post=50989"}],"curies":[{"name":"wp","href":"https:\/\/api.w.org\/{rel}","templated":true}]}}