{"id":50973,"date":"2021-10-14T13:14:29","date_gmt":"2021-10-14T18:14:29","guid":{"rendered":"https:\/\/defabrica.com.mx\/defabrica\/?post_type=product&#038;p=50973"},"modified":"2022-12-07T11:57:15","modified_gmt":"2022-12-07T17:57:15","slug":"samsung-32-class-the-frame-series-full-hd-smart-tv","status":"publish","type":"product","link":"https:\/\/defabrica.com.mx\/defabrica\/producto\/samsung-32-class-the-frame-series-full-hd-smart-tv\/","title":{"rendered":"Samsung &#8211; 32&#8243; Class The Frame Series Full HD Smart TV"},"content":{"rendered":"<div class=\"product-description\">\n<p>Disfrute de una experiencia de visualizaci\u00f3n cinematogr\u00e1fica con este televisor inteligente Samsung Life Style Full HD de 32 pulgadas.\u00a0El control por voz a trav\u00e9s de Bixby, Alexa y Google Assistant permite un funcionamiento manos libres sin problemas, mientras que el sistema de altavoces de 20 W ofrece un sonido potente.\u00a0Este televisor inteligente Samsung Life Style Full HD tiene conectividad Wi-Fi para transmitir contenido en l\u00ednea sin problemas, y la tecnolog\u00eda Bluetooth le permite conectar dispositivos de forma inal\u00e1mbrica.<\/p>\n<p>&nbsp;<\/p>\n<\/div>\n<h3><strong>Caracter\u00edsticas<\/strong><\/h3>\n<ul>\n<li><strong>Modo de arte<\/strong><br \/>\nThe Frame se transforma en una hermosa obra de arte cuando no est\u00e1s viendo la televisi\u00f3n.<\/li>\n<li><strong>Tienda de arte<\/strong><br \/>\nCompre piezas individuales o suscr\u00edbase a una biblioteca cada vez mayor de obras de artistas establecidos y emergentes\u00b9.<\/li>\n<li><strong>Volumen de color 100% con Quantum Dot<\/strong><br \/>\nLos puntos cu\u00e1nticos producen m\u00e1s de mil millones de tonos de color que se mantienen fieles a la realidad incluso en escenas brillantes\u00b2.<\/li>\n<li><strong>Marco personalizable<\/strong><br \/>\nEste procesador extremadamente potente utiliza la tecnolog\u00eda AI para liberar toda la potencia de 4K.<\/li>\n<li><strong>Full HD (resoluci\u00f3n de 1080p)<\/strong><br \/>\nVea c\u00f3mo sus pel\u00edculas y programas favoritos cobran vida con una claridad, color y contraste extraordinarios.<\/li>\n<li><strong>Vea contenido de alto rango din\u00e1mico (HDR) en su televisor<\/strong><br \/>\nCon un televisor compatible con HDR, puede disfrutar de pel\u00edculas y programas de TV HDR, adem\u00e1s de todo su contenido actual.<\/li>\n<li><strong>Smart TV con acceso a servicios de transmisi\u00f3n para innumerables opciones de entretenimiento<\/strong><br \/>\nTransmita programas, pel\u00edculas, juegos y m\u00e1s con el Wi-Fi incorporado y las aplicaciones integradas del televisor.<\/li>\n<li><strong>Administre la experiencia de visualizaci\u00f3n para sus hijos<\/strong><br \/>\nEl V-chip incorporado le permite bloquear contenido seg\u00fan las calificaciones de los programas y verificar las calificaciones de los programas desconocidos.<\/li>\n<li>Los servicios y el contenido basados \u200b\u200ben la web requieren un servicio de Internet de alta velocidad. Algunos servicios pueden requerir una suscripci\u00f3n.<\/li>\n<li>\u00b9Las tarifas se aplican al servicio de suscripci\u00f3n.<\/li>\n<li>\u00b2Los televisores QLED pueden producir un volumen de color del 100% en el espacio de color DCI-P3, el formato de la mayor\u00eda de las pantallas de cine y pel\u00edculas HDR para televisores.<\/li>\n<\/ul>\n<div class=\"product-description-banners-lv\">\n<div class=\"product-description-banner\" data-track=\"description-html-asset:Welcome to the Samsung Virtual Showroom.\"><\/div>\n<\/div>\n","protected":false},"excerpt":{"rendered":"<p>Disfrute de una experiencia de visualizaci\u00f3n cinematogr\u00e1fica con este televisor inteligente Samsung Life Style Full HD de 32 pulgadas.\u00a0El control por voz a trav\u00e9s de Bixby, Alexa y Google Assistant<\/p>\n","protected":false},"featured_media":50974,"comment_status":"open","ping_status":"closed","template":"","meta":{"_acf_changed":false,"_joinchat":[]},"product_brand":[],"product_cat":[336,937],"product_tag":[],"class_list":{"0":"post-50973","1":"product","2":"type-product","3":"status-publish","4":"has-post-thumbnail","6":"product_cat-hogar","7":"product_cat-pantallas","9":"first","10":"instock","11":"sale","12":"shipping-taxable","13":"purchasable","14":"product-type-simple"},"acf":[],"_links":{"self":[{"href":"https:\/\/defabrica.com.mx\/defabrica\/wp-json\/wp\/v2\/product\/50973","targetHints":{"allow":["GET"]}}],"collection":[{"href":"https:\/\/defabrica.com.mx\/defabrica\/wp-json\/wp\/v2\/product"}],"about":[{"href":"https:\/\/defabrica.com.mx\/defabrica\/wp-json\/wp\/v2\/types\/product"}],"replies":[{"embeddable":true,"href":"https:\/\/defabrica.com.mx\/defabrica\/wp-json\/wp\/v2\/comments?post=50973"}],"wp:featuredmedia":[{"embeddable":true,"href":"https:\/\/defabrica.com.mx\/defabrica\/wp-json\/wp\/v2\/media\/50974"}],"wp:attachment":[{"href":"https:\/\/defabrica.com.mx\/defabrica\/wp-json\/wp\/v2\/media?parent=50973"}],"wp:term":[{"taxonomy":"product_brand","embeddable":true,"href":"https:\/\/defabrica.com.mx\/defabrica\/wp-json\/wp\/v2\/product_brand?post=50973"},{"taxonomy":"product_cat","embeddable":true,"href":"https:\/\/defabrica.com.mx\/defabrica\/wp-json\/wp\/v2\/product_cat?post=50973"},{"taxonomy":"product_tag","embeddable":true,"href":"https:\/\/defabrica.com.mx\/defabrica\/wp-json\/wp\/v2\/product_tag?post=50973"}],"curies":[{"name":"wp","href":"https:\/\/api.w.org\/{rel}","templated":true}]}}