{"id":50935,"date":"2021-10-14T10:45:18","date_gmt":"2021-10-14T15:45:18","guid":{"rendered":"https:\/\/defabrica.com.mx\/defabrica\/?post_type=product&#038;p=50935"},"modified":"2022-12-07T12:29:53","modified_gmt":"2022-12-07T18:29:53","slug":"lg-2021-75-clase-up8070-series-led-4k-uhd-smart-webos-tv","status":"publish","type":"product","link":"https:\/\/defabrica.com.mx\/defabrica\/producto\/lg-2021-75-clase-up8070-series-led-4k-uhd-smart-webos-tv\/","title":{"rendered":"LG (2021) &#8211; 75\u201d Clase UP8070 Series LED 4K UHD Smart webOS TV"},"content":{"rendered":"<div class=\"embedded-component-container lv product-description\">\n<div>\n<div id=\"shop-product-description-83599222\" class=\"None\" data-version=\"1.3.37\">\n<div class=\"shop-product-description\">\n<section class=\"align-heading-left\" data-reactroot=\"\">\n<div class=\"long-description-container body-copy \">\n<div class=\"html-fragment\">\n<div>\n<div>\n<p>Lo que quieres, todo en un paquete 4K ultradelgado.\u00a0Es una pantalla de cine de ultra alta definici\u00f3n respaldada por nuestro potente procesador para mejorar el color, el contraste, los detalles y el sonido.\u00a0Es una enorme biblioteca de contenido al alcance de su mano.\u00a0Es el control de todos sus dispositivos dom\u00e9sticos inteligentes compatibles con ThinQ AI y Magic Remote.<\/p>\n<p>&nbsp;<\/p>\n<\/div>\n<\/div>\n<\/div>\n<\/div>\n<\/section>\n<\/div>\n<\/div>\n<\/div>\n<\/div>\n<h3><strong>Caracter\u00edsticas<\/strong><\/h3>\n<ul>\n<li><strong>Claridad 4K en todo momento<\/strong><br \/>\nLas ricas pantallas 4K de los televisores LG UHD brindan una calidad que puede ver en cada escena. Disfrute de colores brillantes, alto contraste y detalles impecables.<\/li>\n<li><strong>Procesador de cuatro n\u00facleos 4K<\/strong><br \/>\nPinta im\u00e1genes, acci\u00f3n y color con la mejor luz posible desde la fuente hasta la pantalla.<\/li>\n<li><strong>webOS + LG ThinQ AI con Magic Remote<\/strong><br \/>\nControle su sistema de cine en casa inteligente con facilidad. ThinQ AI y Magic Remote permiten una navegaci\u00f3n simple y comandos de voz intuitivos, mientras que la plataforma webOS admite una enorme biblioteca de contenido con muchas de las aplicaciones de transmisi\u00f3n m\u00e1s populares.<\/li>\n<li><strong>TruMotion 120 (60 Hz nativos)<\/strong><br \/>\nLa tecnolog\u00eda TruMotion 120 reduce el desenfoque para agudizar los detalles con hasta 120 fotogramas por segundo, lo que brinda a las secuencias de acci\u00f3n de movimiento r\u00e1pido y a los deportes ultrarr\u00e1pidos una apariencia suave y limpia.<\/li>\n<li><strong>4K Ultra HD (resoluci\u00f3n de 2160p)<\/strong><br \/>\nDisfruta de impresionantes pel\u00edculas y programas de TV en 4K a 4 veces la resoluci\u00f3n de Full HD y mejora tu contenido actual a una calidad de imagen de nivel Ultra HD.<\/li>\n<li><strong>Perfil m\u00e1s delgado. Mayor experiencia.<\/strong><br \/>\nUn bisel elegante que centra la atenci\u00f3n en su contenido. Los televisores LG UHD est\u00e1n dise\u00f1ados para tener un perfil delgado con un marco liviano que es perfecto tanto para montar en una pared como para exhibir en un soporte.<\/li>\n<li><strong>Canales LG. M\u00e1s opciones de entretenimiento. Gratis.<\/strong><br \/>\n\u00bfAmante del cine? Fan\u00e1tico de los deportes? \u00bfAdicto a las noticias? Lo que sea que te guste ver, LG Channels lo tiene. Disfrute de acceso gratuito a m\u00e1s de 300 canales de transmisi\u00f3n IP, integrados con canales por aire y una gu\u00eda de canales f\u00e1cil de navegar.<\/li>\n<li><strong>Funciona con Hey Google y Alexa<\/strong><br \/>\nPersonalice y controle su hogar inteligente con facilidad. Los televisores LG UHD funcionan con \u00abHey Google\u00bb, Amazon Alexa, Apple Play2 y Apple Homekit, lo que hace que sea muy f\u00e1cil transmitir su contenido favorito, encontrar el pron\u00f3stico del tiempo m\u00e1s reciente y mucho m\u00e1s.<\/li>\n<li><strong>Modo de sonido de TV Compartir<\/strong><br \/>\nAhora se puede escuchar un sonido de vanguardia cuando conecta las barras de sonido LG seleccionadas. La potencia de nuestros procesadores avanzados y la inteligencia artificial le brindan un sonido potente que sigue funcionando incluso cuando conecta una barra de sonido LG para ayudar a dar forma a una experiencia verdaderamente cinematogr\u00e1fica.<\/li>\n<li><strong>Jugabilidad m\u00e1s fluida y envolvente.<\/strong><br \/>\nNo pierdas el ritmo. Game Optimizer almacena autom\u00e1ticamente todas las configuraciones de su juego en un solo lugar y las ajusta para obtener gr\u00e1ficos optimizados. Mientras tanto, HGIG lanza a los jugadores directamente a la acci\u00f3n, y el modo de baja latencia autom\u00e1tica optimiza autom\u00e1ticamente la configuraci\u00f3n para reducir el retraso.<\/li>\n<li><strong>Los servicios y el contenido basados \u200b\u200ben la web requieren un servicio de Internet de alta velocidad. Algunos servicios pueden requerir una suscripci\u00f3n.<\/strong><\/li>\n<\/ul>\n<div class=\"embedded-component-container lv product-features\"><\/div>\n","protected":false},"excerpt":{"rendered":"<p>Lo que quieres, todo en un paquete 4K ultradelgado.\u00a0Es una pantalla de cine de ultra alta definici\u00f3n respaldada por nuestro potente procesador para mejorar el color, el contraste, los detalles<\/p>\n","protected":false},"featured_media":50936,"comment_status":"open","ping_status":"closed","template":"","meta":{"_acf_changed":false,"_joinchat":[]},"product_brand":[],"product_cat":[336,937],"product_tag":[],"class_list":{"0":"post-50935","1":"product","2":"type-product","3":"status-publish","4":"has-post-thumbnail","6":"product_cat-hogar","7":"product_cat-pantallas","9":"first","10":"instock","11":"sale","12":"shipping-taxable","13":"purchasable","14":"product-type-simple"},"acf":[],"_links":{"self":[{"href":"https:\/\/defabrica.com.mx\/defabrica\/wp-json\/wp\/v2\/product\/50935","targetHints":{"allow":["GET"]}}],"collection":[{"href":"https:\/\/defabrica.com.mx\/defabrica\/wp-json\/wp\/v2\/product"}],"about":[{"href":"https:\/\/defabrica.com.mx\/defabrica\/wp-json\/wp\/v2\/types\/product"}],"replies":[{"embeddable":true,"href":"https:\/\/defabrica.com.mx\/defabrica\/wp-json\/wp\/v2\/comments?post=50935"}],"wp:featuredmedia":[{"embeddable":true,"href":"https:\/\/defabrica.com.mx\/defabrica\/wp-json\/wp\/v2\/media\/50936"}],"wp:attachment":[{"href":"https:\/\/defabrica.com.mx\/defabrica\/wp-json\/wp\/v2\/media?parent=50935"}],"wp:term":[{"taxonomy":"product_brand","embeddable":true,"href":"https:\/\/defabrica.com.mx\/defabrica\/wp-json\/wp\/v2\/product_brand?post=50935"},{"taxonomy":"product_cat","embeddable":true,"href":"https:\/\/defabrica.com.mx\/defabrica\/wp-json\/wp\/v2\/product_cat?post=50935"},{"taxonomy":"product_tag","embeddable":true,"href":"https:\/\/defabrica.com.mx\/defabrica\/wp-json\/wp\/v2\/product_tag?post=50935"}],"curies":[{"name":"wp","href":"https:\/\/api.w.org\/{rel}","templated":true}]}}