{"id":50917,"date":"2021-10-14T10:29:47","date_gmt":"2021-10-14T15:29:47","guid":{"rendered":"https:\/\/defabrica.com.mx\/defabrica\/?post_type=product&#038;p=50917"},"modified":"2025-10-10T11:34:54","modified_gmt":"2025-10-10T17:34:54","slug":"lg-2021-75-clase-up7070-series-led-4k-uhd-smart-webos-tv","status":"publish","type":"product","link":"https:\/\/defabrica.com.mx\/defabrica\/producto\/lg-2021-75-clase-up7070-series-led-4k-uhd-smart-webos-tv\/","title":{"rendered":"\u00abLG (2021) &#8211; 75&#8243;\u00bb Clase UP7070 Series LED 4K UHD Smart webOS TV \u00ab"},"content":{"rendered":"<div class=\"embedded-component-container lv product-description\">\n<div>\n<div id=\"shop-product-description-96915008\" class=\"None\" data-version=\"1.3.37\">\n<div class=\"shop-product-description\">\n<section class=\"align-heading-left\" data-reactroot=\"\">\n<div class=\"long-description-container body-copy \">\n<div class=\"html-fragment\">\n<div>\n<div>\n<p>LG UHD incluye m\u00e1s de lo que desea en un solo televisor inteligente.\u00a0Es ultra alta definici\u00f3n en una pantalla 4K para cuatro veces la resoluci\u00f3n de Full HD.\u00a0Un potente procesador mejora el color, el contraste y la claridad.<\/p>\n<p>&nbsp;<\/p>\n<\/div>\n<\/div>\n<\/div>\n<\/div>\n<\/section>\n<\/div>\n<\/div>\n<\/div>\n<\/div>\n<h3><strong>Caracter\u00edsticas<\/strong><\/h3>\n<ul>\n<li><strong>Procesador de cuatro n\u00facleos 4K<\/strong><br \/>\nEl procesador de cuatro n\u00facleos 4K de LG utiliza el escalado 4K * para brindarle una experiencia de visualizaci\u00f3n fluida y n\u00edtida con contraste, color y negros mejorados.<\/li>\n<li><strong>webOS 6.0<\/strong><br \/>\nLa nueva plataforma webOS 6.0 de LG admite aplicaciones de transmisi\u00f3n populares como Netflix, Hulu, Disney +, Apple TV +, Prime Video y LG Channels, lo que significa que siempre tendr\u00e1 una enorme biblioteca de su contenido favorito al alcance de la mano.<\/li>\n<li><strong>Canales LG<\/strong><br \/>\nDisfrute de acceso gratuito a m\u00e1s de 300 canales de transmisi\u00f3n IP, integrados con canales por aire y una gu\u00eda de canales f\u00e1cil de navegar.<\/li>\n<li><strong>Funciona con Hey Google y Amazon Alexa<\/strong><br \/>\nPersonalice y controle su hogar inteligente con facilidad. Los televisores LG UHD funcionan con \u00abHey Google\u00bb, Amazon Alexa, Apple Play2 y Apple Homekit, lo que hace que sea muy f\u00e1cil transmitir su contenido favorito, encontrar el pron\u00f3stico del tiempo m\u00e1s reciente y mucho m\u00e1s.<\/li>\n<li><strong>4K Ultra HD (resoluci\u00f3n de 2160p)<\/strong><br \/>\nDisfruta de impresionantes pel\u00edculas y programas de TV en 4K a 4 veces la resoluci\u00f3n de Full HD y mejora tu contenido actual a una calidad de imagen de nivel Ultra HD.<\/li>\n<li><strong>Modo cineasta<\/strong><br \/>\nLos cin\u00e9filos pueden ver exactamente lo que los directores imaginaron. Filmmaker Mode \u2122 es un escenario que respeta el oficio. Traduce la visi\u00f3n cinematogr\u00e1fica de un director a su televisor con configuraciones autom\u00e1ticas de imagen y procesador y brinda verdadera autenticidad.<\/li>\n<li><strong>Optimizador de juegos<\/strong><br \/>\nJuega tus juegos favoritos con gr\u00e1ficos optimizados. Game Optimizer te brinda un acceso m\u00e1s f\u00e1cil a todas las configuraciones de tu juego, ajustando autom\u00e1ticamente la imagen para gr\u00e1ficos optimizados sin importar el juego.<\/li>\n<li><strong>Panel de inicio<\/strong><br \/>\nObtenga todas sus recomendaciones de contenido y actualizaciones de hogares conectados en un solo lugar con el Panel de inicio. La nueva pantalla de inicio le permite monitorear y controlar sus dispositivos conectados al mismo tiempo que le brinda recomendaciones de contenido e incluso el clima basado en la ubicaci\u00f3n.<\/li>\n<li><strong>TruMotion 120 (60 Hz nativos)<\/strong><br \/>\nLa tecnolog\u00eda TruMotion 120 reduce el desenfoque para agudizar los detalles con hasta 120 fotogramas por segundo, lo que brinda a las secuencias de acci\u00f3n de movimiento r\u00e1pido y a los deportes ultrarr\u00e1pidos una apariencia suave y limpia.<\/li>\n<li>* La calidad de imagen del contenido mejorado variar\u00e1 seg\u00fan la resoluci\u00f3n de la fuente.<\/li>\n<\/ul>\n<div class=\"embedded-component-container lv product-features\"><\/div>\n","protected":false},"excerpt":{"rendered":"<p>LG UHD incluye m\u00e1s de lo que desea en un solo televisor inteligente.\u00a0Es ultra alta definici\u00f3n en una pantalla 4K para cuatro veces la resoluci\u00f3n de Full HD.\u00a0Un potente procesador<\/p>\n","protected":false},"featured_media":50918,"comment_status":"open","ping_status":"closed","template":"","meta":{"_acf_changed":false,"_joinchat":[]},"product_brand":[],"product_cat":[336,937],"product_tag":[],"class_list":{"0":"post-50917","1":"product","2":"type-product","3":"status-publish","4":"has-post-thumbnail","6":"product_cat-hogar","7":"product_cat-pantallas","9":"first","10":"instock","11":"sale","12":"shipping-taxable","13":"purchasable","14":"product-type-simple"},"acf":[],"_links":{"self":[{"href":"https:\/\/defabrica.com.mx\/defabrica\/wp-json\/wp\/v2\/product\/50917","targetHints":{"allow":["GET"]}}],"collection":[{"href":"https:\/\/defabrica.com.mx\/defabrica\/wp-json\/wp\/v2\/product"}],"about":[{"href":"https:\/\/defabrica.com.mx\/defabrica\/wp-json\/wp\/v2\/types\/product"}],"replies":[{"embeddable":true,"href":"https:\/\/defabrica.com.mx\/defabrica\/wp-json\/wp\/v2\/comments?post=50917"}],"wp:featuredmedia":[{"embeddable":true,"href":"https:\/\/defabrica.com.mx\/defabrica\/wp-json\/wp\/v2\/media\/50918"}],"wp:attachment":[{"href":"https:\/\/defabrica.com.mx\/defabrica\/wp-json\/wp\/v2\/media?parent=50917"}],"wp:term":[{"taxonomy":"product_brand","embeddable":true,"href":"https:\/\/defabrica.com.mx\/defabrica\/wp-json\/wp\/v2\/product_brand?post=50917"},{"taxonomy":"product_cat","embeddable":true,"href":"https:\/\/defabrica.com.mx\/defabrica\/wp-json\/wp\/v2\/product_cat?post=50917"},{"taxonomy":"product_tag","embeddable":true,"href":"https:\/\/defabrica.com.mx\/defabrica\/wp-json\/wp\/v2\/product_tag?post=50917"}],"curies":[{"name":"wp","href":"https:\/\/api.w.org\/{rel}","templated":true}]}}