{"id":50849,"date":"2021-10-13T19:52:13","date_gmt":"2021-10-14T00:52:13","guid":{"rendered":"https:\/\/defabrica.com.mx\/defabrica\/?post_type=product&#038;p=50849"},"modified":"2022-12-07T12:19:16","modified_gmt":"2022-12-07T18:19:16","slug":"samsung-2021-70-clase-q60a-serie-qled-4k-uhd-smart-tv","status":"publish","type":"product","link":"https:\/\/defabrica.com.mx\/defabrica\/producto\/samsung-2021-70-clase-q60a-serie-qled-4k-uhd-smart-tv\/","title":{"rendered":"Samsung (2021) &#8211;  70&#8243; Clase Q60A Serie QLED 4K UHD Smart TV"},"content":{"rendered":"<div class=\"embedded-component-container lv product-description\">\n<div>\n<div id=\"shop-product-description-11157943\" class=\"None\" data-version=\"1.3.37\">\n<div class=\"shop-product-description\">\n<section class=\"align-heading-left\" data-reactroot=\"\">\n<div class=\"long-description-container body-copy \">\n<div class=\"html-fragment\">\n<div>\n<div>\n<p>Ingrese a un mundo saturado de color y afilado con una claridad refrescante, todo ello posible gracias al poder de la tecnolog\u00eda Quantum Dot<\/p>\n<p>&nbsp;<\/p>\n<\/div>\n<\/div>\n<\/div>\n<\/div>\n<\/section>\n<\/div>\n<\/div>\n<\/div>\n<\/div>\n<h3><strong>Caracter\u00edsticas<\/strong><\/h3>\n<ul>\n<li><strong>Procesador Quantum 4K Lite<\/strong><br \/>\nOptimice el contenido para QLED con un procesador ultrarr\u00e1pido que transforma lo que ve en un sorprendente 4K.<\/li>\n<li><strong>Volumen de color 100% con Quantum Dot<\/strong><br \/>\nObtenga mil millones de colores brillantes que se mantienen fieles incluso en escenas brillantes.\u00b9<\/li>\n<li><strong>HDR cu\u00e1ntico<\/strong><br \/>\nRevele una gama m\u00e1s amplia de color, brillo y contraste para una imagen n\u00edtida que va m\u00e1s all\u00e1 de lo que es posible en HDTV.<\/li>\n<li><strong>Smart TV con varios asistentes de voz<\/strong><br \/>\nVaya m\u00e1s all\u00e1 de Smart TV con aplicaciones de pr\u00f3xima generaci\u00f3n, servicios de transmisi\u00f3n, controles avanzados, asistentes de voz y m\u00e1s.<\/li>\n<li><strong>LED doble<\/strong><br \/>\nAdopte todos los detalles audaces que ofrece la retroiluminaci\u00f3n LED c\u00e1lida y fr\u00eda dedicada que mejora el contraste de forma din\u00e1mica.<\/li>\n<li><strong>60 Hz<\/strong><br \/>\nNo se pierda el ritmo con las tasas de retraso bajas y el desenfoque minimizado incluso en las escenas m\u00e1s r\u00e1pidas, lo que hace que estos televisores sean perfectos tanto para juegos como para experiencias cinematogr\u00e1ficas.<\/li>\n<li><strong>Motion Xcelerator<\/strong><br \/>\nLas pel\u00edculas, los deportes y los juegos llenos de acci\u00f3n son fluidos y n\u00edtidos con un desenfoque de movimiento minimizado.<\/li>\n<li><strong>AirSlim<\/strong><br \/>\nElegante y delgado, con detalles minimalistas para mejorar su espacio.<\/li>\n<li><strong>Super Ultrawide GameView y barra de juegos<\/strong><br \/>\nAmpl\u00ede su vista con la flexibilidad de cambiar entre m\u00faltiples relaciones de aspecto de 21: 9 a 32: 9 y ajuste la posici\u00f3n de la pantalla al nivel de sus ojos para una experiencia mejor y m\u00e1s grande\u00b2.<\/li>\n<li><strong>Mejora de 4K UHD<\/strong><br \/>\nTransforma instant\u00e1neamente todo lo que ves a 4K.<\/li>\n<li><strong>Gu\u00eda universal<\/strong><br \/>\nEncuentre f\u00e1cilmente sus pel\u00edculas y programas de TV favoritos en un solo lugar, con una sencilla gu\u00eda en pantalla que le brinda recomendaciones personalizadas para explorar contenido nuevo.<\/li>\n<li>\u00b9Los televisores QLED pueden producir un volumen de color del 100% en el espacio de color DCI-P3, el formato de la mayor\u00eda de las pantallas de cine y pel\u00edculas HDR para televisi\u00f3n.<\/li>\n<li>\u00b2Super Ultrawide GameView solo es compatible con juegos de PC.<\/li>\n<li>\u00b2Super Ultrawide GameView solo est\u00e1 disponible para juegos compatibles con ultra wide.<\/li>\n<li>\u00b2 Es posible que algunos t\u00edtulos de juegos no admitan la funci\u00f3n o est\u00e9n limitados a utilizar esta funci\u00f3n. Es posible que se requiera un cambio de resoluci\u00f3n de pantalla desde un dispositivo externo.<\/li>\n<\/ul>\n<div class=\"embedded-component-container lv product-features\"><\/div>\n","protected":false},"excerpt":{"rendered":"<p>Ingrese a un mundo saturado de color y afilado con una claridad refrescante, todo ello posible gracias al poder de la tecnolog\u00eda Quantum Dot &nbsp; Caracter\u00edsticas Procesador Quantum 4K Lite<\/p>\n","protected":false},"featured_media":73027,"comment_status":"open","ping_status":"closed","template":"","meta":{"_acf_changed":false,"_joinchat":[]},"product_brand":[],"product_cat":[336,937],"product_tag":[],"class_list":{"0":"post-50849","1":"product","2":"type-product","3":"status-publish","4":"has-post-thumbnail","6":"product_cat-hogar","7":"product_cat-pantallas","9":"first","10":"instock","11":"sale","12":"shipping-taxable","13":"purchasable","14":"product-type-simple"},"acf":[],"_links":{"self":[{"href":"https:\/\/defabrica.com.mx\/defabrica\/wp-json\/wp\/v2\/product\/50849","targetHints":{"allow":["GET"]}}],"collection":[{"href":"https:\/\/defabrica.com.mx\/defabrica\/wp-json\/wp\/v2\/product"}],"about":[{"href":"https:\/\/defabrica.com.mx\/defabrica\/wp-json\/wp\/v2\/types\/product"}],"replies":[{"embeddable":true,"href":"https:\/\/defabrica.com.mx\/defabrica\/wp-json\/wp\/v2\/comments?post=50849"}],"wp:featuredmedia":[{"embeddable":true,"href":"https:\/\/defabrica.com.mx\/defabrica\/wp-json\/wp\/v2\/media\/73027"}],"wp:attachment":[{"href":"https:\/\/defabrica.com.mx\/defabrica\/wp-json\/wp\/v2\/media?parent=50849"}],"wp:term":[{"taxonomy":"product_brand","embeddable":true,"href":"https:\/\/defabrica.com.mx\/defabrica\/wp-json\/wp\/v2\/product_brand?post=50849"},{"taxonomy":"product_cat","embeddable":true,"href":"https:\/\/defabrica.com.mx\/defabrica\/wp-json\/wp\/v2\/product_cat?post=50849"},{"taxonomy":"product_tag","embeddable":true,"href":"https:\/\/defabrica.com.mx\/defabrica\/wp-json\/wp\/v2\/product_tag?post=50849"}],"curies":[{"name":"wp","href":"https:\/\/api.w.org\/{rel}","templated":true}]}}