{"id":50732,"date":"2021-10-13T18:09:15","date_gmt":"2021-10-13T23:09:15","guid":{"rendered":"https:\/\/defabrica.com.mx\/defabrica\/?post_type=product&#038;p=50732"},"modified":"2022-12-07T12:08:10","modified_gmt":"2022-12-07T18:08:10","slug":"samsung-2021-70-clase-tu6985-4k-crystal-uhd-smart-tv","status":"publish","type":"product","link":"https:\/\/defabrica.com.mx\/defabrica\/producto\/samsung-2021-70-clase-tu6985-4k-crystal-uhd-smart-tv\/","title":{"rendered":"Samsung (2021) &#8211; 70\u201d Clase TU6985 4K Crystal UHD Smart TV"},"content":{"rendered":"<div class=\"embedded-component-container lv product-description\">\n<div>\n<div id=\"shop-product-description-77550139\" class=\"None\" data-version=\"1.3.37\">\n<div class=\"shop-product-description\">\n<section class=\"align-heading-left\" data-reactroot=\"\">\n<div class=\"long-description-container body-copy \">\n<div class=\"html-fragment\">\n<div>\n<div>Obtenga capacidades inteligentes mejoradas con el TU6985.\u00a0Crystal Processor 4K escala autom\u00e1ticamente sus pel\u00edculas, programas de TV y eventos deportivos favoritos a 4K.\u00a0Smart TV con tecnolog\u00eda Tizen le permite encontrar contenido y navegar por los servicios de transmisi\u00f3n f\u00e1cilmente.\u00a0PurColor afina los colores mientras HDR aumenta a millones de tonos de color que van m\u00e1s all\u00e1 de lo que puede ofrecer HDTV.<\/div>\n<\/div>\n<\/div>\n<\/div>\n<\/section>\n<\/div>\n<\/div>\n<\/div>\n<\/div>\n<div class=\"embedded-component-container lv product-features\"><\/div>\n<div><\/div>\n<div>\n<h3><\/h3>\n<h3><\/h3>\n<h3 class=\"heading-5 v-fw-regular feature-heading\"><strong>Caracter\u00edsticas<\/strong><\/h3>\n<ul>\n<li><strong>Procesador de cristal 4K<\/strong><br \/>\nOptimizaci\u00f3n inteligente y ultrarr\u00e1pida de contenido 4K.<\/li>\n<li><strong>HDR<\/strong><br \/>\nRevela tonos de color que van m\u00e1s all\u00e1 de la televisi\u00f3n de alta definici\u00f3n.<\/li>\n<li><strong>Iluminaci\u00f3n directa<\/strong><br \/>\nLas filas de LED ajustan el contraste entre negros y blancos.<\/li>\n<li><strong>PurColor<\/strong><br \/>\nMillones de tonos de color revelan una imagen vibrante y realista que HDTV no puede crear.<\/li>\n<li><strong>60 Hz<\/strong><br \/>\nNo se pierda el ritmo con las tasas de retraso bajas y el desenfoque minimizado incluso en las escenas m\u00e1s r\u00e1pidas, lo que hace que estos televisores sean perfectos tanto para juegos como para experiencias cinematogr\u00e1ficas.<\/li>\n<li><strong>Smart TV con tecnolog\u00eda Tizen<\/strong><br \/>\nAcceda a sus aplicaciones y servicios de transmisi\u00f3n favoritos directamente desde su televisor.<\/li>\n<\/ul>\n<\/div>\n","protected":false},"excerpt":{"rendered":"<p>Obtenga capacidades inteligentes mejoradas con el TU6985.\u00a0Crystal Processor 4K escala autom\u00e1ticamente sus pel\u00edculas, programas de TV y eventos deportivos favoritos a 4K.\u00a0Smart TV con tecnolog\u00eda Tizen le permite encontrar contenido<\/p>\n","protected":false},"featured_media":50740,"comment_status":"open","ping_status":"closed","template":"","meta":{"_acf_changed":false,"_joinchat":[]},"product_brand":[],"product_cat":[336,937],"product_tag":[],"class_list":{"0":"post-50732","1":"product","2":"type-product","3":"status-publish","4":"has-post-thumbnail","6":"product_cat-hogar","7":"product_cat-pantallas","9":"first","10":"instock","11":"sale","12":"shipping-taxable","13":"purchasable","14":"product-type-simple"},"acf":[],"_links":{"self":[{"href":"https:\/\/defabrica.com.mx\/defabrica\/wp-json\/wp\/v2\/product\/50732","targetHints":{"allow":["GET"]}}],"collection":[{"href":"https:\/\/defabrica.com.mx\/defabrica\/wp-json\/wp\/v2\/product"}],"about":[{"href":"https:\/\/defabrica.com.mx\/defabrica\/wp-json\/wp\/v2\/types\/product"}],"replies":[{"embeddable":true,"href":"https:\/\/defabrica.com.mx\/defabrica\/wp-json\/wp\/v2\/comments?post=50732"}],"wp:featuredmedia":[{"embeddable":true,"href":"https:\/\/defabrica.com.mx\/defabrica\/wp-json\/wp\/v2\/media\/50740"}],"wp:attachment":[{"href":"https:\/\/defabrica.com.mx\/defabrica\/wp-json\/wp\/v2\/media?parent=50732"}],"wp:term":[{"taxonomy":"product_brand","embeddable":true,"href":"https:\/\/defabrica.com.mx\/defabrica\/wp-json\/wp\/v2\/product_brand?post=50732"},{"taxonomy":"product_cat","embeddable":true,"href":"https:\/\/defabrica.com.mx\/defabrica\/wp-json\/wp\/v2\/product_cat?post=50732"},{"taxonomy":"product_tag","embeddable":true,"href":"https:\/\/defabrica.com.mx\/defabrica\/wp-json\/wp\/v2\/product_tag?post=50732"}],"curies":[{"name":"wp","href":"https:\/\/api.w.org\/{rel}","templated":true}]}}