{"id":50731,"date":"2021-10-13T18:42:45","date_gmt":"2021-10-13T23:42:45","guid":{"rendered":"https:\/\/defabrica.com.mx\/defabrica\/?post_type=product&#038;p=50731"},"modified":"2022-12-07T12:24:10","modified_gmt":"2022-12-07T18:24:10","slug":"lg-2021-50-inteligencia-artificial-clase-nanocell-75-series-led-4k-uhd-smart-webos-tv","status":"publish","type":"product","link":"https:\/\/defabrica.com.mx\/defabrica\/producto\/lg-2021-50-inteligencia-artificial-clase-nanocell-75-series-led-4k-uhd-smart-webos-tv\/","title":{"rendered":"LG (2021) &#8211; 50 Inteligencia Artificial Clase NanoCell 75 Series LED 4K UHD Smart webOS TV"},"content":{"rendered":"<div class=\"embedded-component-container lv product-description\">\n<div>\n<div id=\"shop-product-description-16400541\" class=\"None\" data-version=\"1.3.37\">\n<div class=\"shop-product-description\">\n<section class=\"align-heading-left\" data-reactroot=\"\">\n<div class=\"long-description-container body-copy \">\n<div class=\"html-fragment\">\n<div>\n<div>Mejora las pel\u00edculas y los deportes con NanoCell.\u00a0Colorea tu mundo con una imagen realista, enriquecida con mil millones de colores intensos *.\u00a0Es una experiencia impulsada por las funciones para el hogar conectado y el procesador avanzado de LG.<\/div>\n<\/div>\n<\/div>\n<div>\n<h3><\/h3>\n<h3 class=\"heading-5 v-fw-regular feature-heading\"><strong>Caracter\u00edsticas<\/strong><\/h3>\n<div class=\"feature-body-container\">\n<div class=\"icons-container\">\n<div class=\"specificationIcons\">\n<ul>\n<li><strong>LG ThinQ AI<\/strong><br \/>\nControle sus productos inteligentes LG y otros dispositivos inteligentes directamente desde su televisor con el Panel de inicio o con el control de voz Magic Remote. ThinQ AI m\u00e1s el Asistente de Google y Alexa integrados le permiten controlar todo su hogar conectado.<\/li>\n<li><strong>HDR activo (HDR10, HLG)<\/strong><br \/>\nActive HDR admite una amplia gama de formatos para el ajuste autom\u00e1tico de la imagen escena por escena, incluidos HDR10 y HLG.<\/li>\n<li><strong>Modo de sonido de TV Compartir<\/strong><br \/>\nAhora se puede escuchar un sonido de vanguardia cuando conecta las barras de sonido LG seleccionadas. La potencia de los procesadores avanzados de LG y la inteligencia artificial le brindan un sonido potente que sigue funcionando incluso cuando conecta una barra de sonido LG para ayudar a dar forma a una experiencia verdaderamente cinematogr\u00e1fica.<\/li>\n<li><strong>Explorador m\u00e1gico<\/strong><br \/>\nEl Magic Explorer de LG te permite buscar r\u00e1pidamente la informaci\u00f3n que necesitas sin tener que alejarte de lo que est\u00e1s viendo. Busque gu\u00edas, contenido web y m\u00e1s, todo mientras permanece pegado al televisor.<\/li>\n<li><strong>Modo FilmMaker<\/strong><br \/>\nLos cin\u00e9filos pueden ver exactamente lo que los directores imaginaron. Filmmaker Mode \u2122 es un escenario que respeta el oficio. Traduce la visi\u00f3n cinematogr\u00e1fica de un director a su televisor con configuraciones autom\u00e1ticas de imagen y procesador y brinda verdadera autenticidad.<\/li>\n<li><strong>Asistente de Google y Alexa integrados<\/strong><br \/>\nNo es necesario un dispositivo adicional, solo pida a su televisor m\u00fasica, clima, noticias y m\u00e1s. Adem\u00e1s, controle c\u00f3modamente su hogar conectado y sus dispositivos inteligentes.<\/li>\n<li><strong>Magic Remote<\/strong><br \/>\nPasa m\u00e1s tiempo mirando con el nuevo Magic Remote. Con apuntar, hacer clic y desplazarse, control de voz y atajos de botones para proveedores de contenido, encontrar\u00e1 su contenido m\u00e1s r\u00e1pido que nunca.<\/li>\n<\/ul>\n<\/div>\n<\/div>\n<div class=\"header-container header-lv\">\n<h3><\/h3>\n<h3 class=\"heading-5 v-fw-regular\"><strong>Qu\u00e9 est\u00e1 incluido<\/strong><\/h3>\n<ul class=\" bold\">\n<li class=\"bold v-fw-medium body-copy\">50NANO75UPA<\/li>\n<li class=\"bold v-fw-medium body-copy\">Magic Remote<\/li>\n<li class=\"bold v-fw-medium body-copy\">Pilas del mando a distancia (2)<\/li>\n<li class=\"bold v-fw-medium body-copy\">Cable de energ\u00eda<\/li>\n<li class=\"bold v-fw-medium body-copy\">Gu\u00eda de inicio r\u00e1pido<\/li>\n<\/ul>\n<\/div>\n<div class=\"list-container list-lv\"><\/div>\n<\/div>\n<\/div>\n<\/div>\n<\/section>\n<\/div>\n<\/div>\n<\/div>\n<\/div>\n","protected":false},"excerpt":{"rendered":"<p>Mejora las pel\u00edculas y los deportes con NanoCell.\u00a0Colorea tu mundo con una imagen realista, enriquecida con mil millones de colores intensos *.\u00a0Es una experiencia impulsada por las funciones para el<\/p>\n","protected":false},"featured_media":50612,"comment_status":"open","ping_status":"closed","template":"","meta":{"_acf_changed":false,"_joinchat":[]},"product_brand":[],"product_cat":[336,937],"product_tag":[],"class_list":{"0":"post-50731","1":"product","2":"type-product","3":"status-publish","4":"has-post-thumbnail","6":"product_cat-hogar","7":"product_cat-pantallas","9":"first","10":"instock","11":"sale","12":"shipping-taxable","13":"purchasable","14":"product-type-simple"},"acf":[],"_links":{"self":[{"href":"https:\/\/defabrica.com.mx\/defabrica\/wp-json\/wp\/v2\/product\/50731","targetHints":{"allow":["GET"]}}],"collection":[{"href":"https:\/\/defabrica.com.mx\/defabrica\/wp-json\/wp\/v2\/product"}],"about":[{"href":"https:\/\/defabrica.com.mx\/defabrica\/wp-json\/wp\/v2\/types\/product"}],"replies":[{"embeddable":true,"href":"https:\/\/defabrica.com.mx\/defabrica\/wp-json\/wp\/v2\/comments?post=50731"}],"wp:featuredmedia":[{"embeddable":true,"href":"https:\/\/defabrica.com.mx\/defabrica\/wp-json\/wp\/v2\/media\/50612"}],"wp:attachment":[{"href":"https:\/\/defabrica.com.mx\/defabrica\/wp-json\/wp\/v2\/media?parent=50731"}],"wp:term":[{"taxonomy":"product_brand","embeddable":true,"href":"https:\/\/defabrica.com.mx\/defabrica\/wp-json\/wp\/v2\/product_brand?post=50731"},{"taxonomy":"product_cat","embeddable":true,"href":"https:\/\/defabrica.com.mx\/defabrica\/wp-json\/wp\/v2\/product_cat?post=50731"},{"taxonomy":"product_tag","embeddable":true,"href":"https:\/\/defabrica.com.mx\/defabrica\/wp-json\/wp\/v2\/product_tag?post=50731"}],"curies":[{"name":"wp","href":"https:\/\/api.w.org\/{rel}","templated":true}]}}