{"id":50582,"date":"2021-10-13T15:24:04","date_gmt":"2021-10-13T20:24:04","guid":{"rendered":"https:\/\/defabrica.com.mx\/defabrica\/?post_type=product&#038;p=50582"},"modified":"2023-01-14T12:06:22","modified_gmt":"2023-01-14T18:06:22","slug":"samsung-55-tu8300-curva-led-4k-uhd-smart-tv","status":"publish","type":"product","link":"https:\/\/defabrica.com.mx\/defabrica\/producto\/samsung-55-tu8300-curva-led-4k-uhd-smart-tv\/","title":{"rendered":"Samsung &#8211; 55&#8243; TU8300 Curva LED 4K UHD Smart TV"},"content":{"rendered":"<div class=\"product-description\">Smart TV curvo 4K UHD de 55 \u00abTU8300 de Samsung<\/div>\n<div class=\"product-description-banner\" data-track=\"description-html-asset:Welcome to the Samsung Virtual Showroom.\"><\/div>\n<div data-track=\"description-html-asset:Welcome to the Samsung Virtual Showroom.\"><\/div>\n<div data-track=\"description-html-asset:Welcome to the Samsung Virtual Showroom.\">\n<h3><\/h3>\n<h3><\/h3>\n<h3 class=\"heading-5 v-fw-regular feature-heading\"><strong>Caracter\u00edsticas<\/strong><\/h3>\n<ul>\n<li><strong>4K UHD<\/strong><br \/>\nVea lo que se ha estado perdiendo en una imagen clara y n\u00edtida que es 4 veces la resoluci\u00f3n de Full HD.<\/li>\n<li><strong>Procesador 4K UHD<\/strong><br \/>\nUn potente procesador optimiza el rendimiento de su televisor con calidad de imagen 4K.<\/li>\n<li><strong>HDR<\/strong><br \/>\nVea tonos de color que revelan m\u00e1s detalles de los que puede ofrecer HDTV.<\/li>\n<li><strong>Smart TV con gu\u00eda universal<\/strong><br \/>\nNuestra sencilla gu\u00eda en pantalla es una manera f\u00e1cil de encontrar contenido de transmisi\u00f3n y programas de TV en vivo.<\/li>\n<li><strong>Potenciador autom\u00e1tico de profundidad<\/strong><br \/>\nExperimente una sensaci\u00f3n de profundidad envolvente en una pantalla curva con contraste optimizado en varias zonas de la imagen.<\/li>\n<\/ul>\n<\/div>\n<p>&nbsp;<\/p>\n<p>&nbsp;<\/p>\n","protected":false},"excerpt":{"rendered":"<p>Smart TV curvo 4K UHD de 55 \u00abTU8300 de Samsung Caracter\u00edsticas 4K UHD Vea lo que se ha estado perdiendo en una imagen clara y n\u00edtida que es 4 veces<\/p>\n","protected":false},"featured_media":50588,"comment_status":"open","ping_status":"closed","template":"","meta":{"_acf_changed":false,"_joinchat":[]},"product_brand":[],"product_cat":[336,937],"product_tag":[],"class_list":{"0":"post-50582","1":"product","2":"type-product","3":"status-publish","4":"has-post-thumbnail","6":"product_cat-hogar","7":"product_cat-pantallas","9":"first","10":"instock","11":"sale","12":"shipping-taxable","13":"purchasable","14":"product-type-simple"},"acf":[],"_links":{"self":[{"href":"https:\/\/defabrica.com.mx\/defabrica\/wp-json\/wp\/v2\/product\/50582","targetHints":{"allow":["GET"]}}],"collection":[{"href":"https:\/\/defabrica.com.mx\/defabrica\/wp-json\/wp\/v2\/product"}],"about":[{"href":"https:\/\/defabrica.com.mx\/defabrica\/wp-json\/wp\/v2\/types\/product"}],"replies":[{"embeddable":true,"href":"https:\/\/defabrica.com.mx\/defabrica\/wp-json\/wp\/v2\/comments?post=50582"}],"wp:featuredmedia":[{"embeddable":true,"href":"https:\/\/defabrica.com.mx\/defabrica\/wp-json\/wp\/v2\/media\/50588"}],"wp:attachment":[{"href":"https:\/\/defabrica.com.mx\/defabrica\/wp-json\/wp\/v2\/media?parent=50582"}],"wp:term":[{"taxonomy":"product_brand","embeddable":true,"href":"https:\/\/defabrica.com.mx\/defabrica\/wp-json\/wp\/v2\/product_brand?post=50582"},{"taxonomy":"product_cat","embeddable":true,"href":"https:\/\/defabrica.com.mx\/defabrica\/wp-json\/wp\/v2\/product_cat?post=50582"},{"taxonomy":"product_tag","embeddable":true,"href":"https:\/\/defabrica.com.mx\/defabrica\/wp-json\/wp\/v2\/product_tag?post=50582"}],"curies":[{"name":"wp","href":"https:\/\/api.w.org\/{rel}","templated":true}]}}