{"id":50142,"date":"2021-10-11T18:28:54","date_gmt":"2021-10-11T23:28:54","guid":{"rendered":"https:\/\/defabrica.com.mx\/defabrica\/?post_type=product&#038;p=50142"},"modified":"2022-12-07T12:20:16","modified_gmt":"2022-12-07T18:20:16","slug":"lg-2021-32-clase-led-hd-smart-webos-tv","status":"publish","type":"product","link":"https:\/\/defabrica.com.mx\/defabrica\/producto\/lg-2021-32-clase-led-hd-smart-webos-tv\/","title":{"rendered":"LG (2021) &#8211; 32 Clase LED HD Smart webOS TV"},"content":{"rendered":"<div class=\"embedded-component-container lv product-description\">\n<div>\n<div id=\"shop-product-description-19221825\" class=\"None\" data-version=\"1.3.37\">\n<div class=\"shop-product-description\">\n<section class=\"align-heading-left\" data-reactroot=\"\">\n<div class=\"long-description-container body-copy \">\n<div class=\"html-fragment\">\n<div>\n<div>El mejor televisor HD de LG.\u00a0Vea detalles, color y claridad en sus escenas.\u00a0El procesador optimiza la calidad de la imagen.\u00a0Y las funciones inteligentes funcionan con su hogar conectado.<\/div>\n<\/div>\n<\/div>\n<\/div>\n<\/section>\n<\/div>\n<\/div>\n<\/div>\n<\/div>\n<div class=\"embedded-component-container lv product-features\"><\/div>\n<div>\n<h3><\/h3>\n<h3 class=\"heading-5 v-fw-regular feature-heading\"><strong>Caracter\u00edsticas<\/strong><\/h3>\n<ul>\n<li><strong>Procesador de cuatro n\u00facleos<\/strong><br \/>\nEl procesador de cuatro n\u00facleos pinta im\u00e1genes, acci\u00f3n y color con la mejor luz posible desde la fuente hasta la pantalla.<\/li>\n<li><strong>HDR activo (HDR10, HLG)<\/strong><br \/>\nActive HDR admite una amplia gama de formatos para el ajuste de imagen escena por escena, incluidos HDR10 y HLG.<\/li>\n<li><strong>webOS<\/strong><br \/>\nF\u00e1cil acceso al entretenimiento. La plataforma webOS favorita de los fan\u00e1ticos de LG ofrece simplicidad de transmisi\u00f3n.<\/li>\n<li><strong>Canales LG<\/strong><br \/>\nLos canales LG brindan acceso gratuito a m\u00e1s de 300 canales de transmisi\u00f3n IP que ofrecen pel\u00edculas, programas, noticias de \u00faltima hora, deportes, comedia y m\u00e1s, integrados junto con los canales inal\u00e1mbricos y la gu\u00eda de canales.<\/li>\n<li><strong>\u00abFunciona con\u00bb Asistente de Google<\/strong><br \/>\nControle su televisor desde otros dispositivos. Si tiene altavoces Google Home o el Asistente de Google integrado en otros dispositivos, puede controlar su televisor LG HD desde cualquier habitaci\u00f3n de la casa: cambie el volumen, seleccione modos y m\u00e1s.<\/li>\n<\/ul>\n<\/div>\n<p>&nbsp;<\/p>\n<div class=\"header-container header-lv\">\n<h3 class=\"heading-5 v-fw-regular\"><strong>Qu\u00e9 est\u00e1 incluido<\/strong><\/h3>\n<ul>\n<li class=\"bold v-fw-medium body-copy\">32LM577BPUA<\/li>\n<li class=\"bold v-fw-medium body-copy\">Mando a distancia con pilas<\/li>\n<\/ul>\n<p>&nbsp;<\/p>\n<\/div>\n","protected":false},"excerpt":{"rendered":"<p>El mejor televisor HD de LG.\u00a0Vea detalles, color y claridad en sus escenas.\u00a0El procesador optimiza la calidad de la imagen.\u00a0Y las funciones inteligentes funcionan con su hogar conectado. Caracter\u00edsticas Procesador<\/p>\n","protected":false},"featured_media":50144,"comment_status":"open","ping_status":"closed","template":"","meta":{"_acf_changed":false,"_joinchat":[]},"product_brand":[],"product_cat":[1522,336,937],"product_tag":[],"class_list":{"0":"post-50142","1":"product","2":"type-product","3":"status-publish","4":"has-post-thumbnail","6":"product_cat-ofertas-hogar","7":"product_cat-hogar","8":"product_cat-pantallas","10":"first","11":"instock","12":"sale","13":"shipping-taxable","14":"purchasable","15":"product-type-simple"},"acf":[],"_links":{"self":[{"href":"https:\/\/defabrica.com.mx\/defabrica\/wp-json\/wp\/v2\/product\/50142","targetHints":{"allow":["GET"]}}],"collection":[{"href":"https:\/\/defabrica.com.mx\/defabrica\/wp-json\/wp\/v2\/product"}],"about":[{"href":"https:\/\/defabrica.com.mx\/defabrica\/wp-json\/wp\/v2\/types\/product"}],"replies":[{"embeddable":true,"href":"https:\/\/defabrica.com.mx\/defabrica\/wp-json\/wp\/v2\/comments?post=50142"}],"wp:featuredmedia":[{"embeddable":true,"href":"https:\/\/defabrica.com.mx\/defabrica\/wp-json\/wp\/v2\/media\/50144"}],"wp:attachment":[{"href":"https:\/\/defabrica.com.mx\/defabrica\/wp-json\/wp\/v2\/media?parent=50142"}],"wp:term":[{"taxonomy":"product_brand","embeddable":true,"href":"https:\/\/defabrica.com.mx\/defabrica\/wp-json\/wp\/v2\/product_brand?post=50142"},{"taxonomy":"product_cat","embeddable":true,"href":"https:\/\/defabrica.com.mx\/defabrica\/wp-json\/wp\/v2\/product_cat?post=50142"},{"taxonomy":"product_tag","embeddable":true,"href":"https:\/\/defabrica.com.mx\/defabrica\/wp-json\/wp\/v2\/product_tag?post=50142"}],"curies":[{"name":"wp","href":"https:\/\/api.w.org\/{rel}","templated":true}]}}