{"id":50139,"date":"2021-10-11T17:36:41","date_gmt":"2021-10-11T22:36:41","guid":{"rendered":"https:\/\/defabrica.com.mx\/defabrica\/?post_type=product&#038;p=50139"},"modified":"2022-12-07T12:19:49","modified_gmt":"2022-12-07T18:19:49","slug":"lg-24-clase-led-hd-smart-webos-tv","status":"publish","type":"product","link":"https:\/\/defabrica.com.mx\/defabrica\/producto\/lg-24-clase-led-hd-smart-webos-tv\/","title":{"rendered":"LG &#8211; 24 Clase LED HD Smart webOS TV"},"content":{"rendered":"<p>Experimente los medios de 720p con este televisor inteligente LED LG de 24 pulgadas.\u00a0El amplio \u00e1ngulo de visi\u00f3n ofrece una imagen clara desde m\u00faltiples posiciones y el dise\u00f1o de montaje en pared ahorra espacio.\u00a0Este televisor inteligente LED LG de 24 pulgadas con certificaci\u00f3n UL cuenta con dos altavoces integrados de 5 W para un audio n\u00edtido, mientras que la entrada HDMI admite muchos dispositivos para una conectividad vers\u00e1til.<\/p>\n<p>&nbsp;<\/p>\n<h3 class=\"heading-5 v-fw-regular feature-heading\"><strong>Caracter\u00edsticas<\/strong><\/h3>\n<ul>\n<li><strong>Pantalla de 23,6 \u00ab<\/strong><br \/>\nUn buen tama\u00f1o para un dormitorio o dormitorio.<\/li>\n<li><strong>Resoluci\u00f3n de 720p para im\u00e1genes HD de calidad<\/strong><br \/>\nVea programas de televisi\u00f3n y DVD en alta definici\u00f3n.<\/li>\n<li><strong>Smart TV con acceso a servicios de transmisi\u00f3n para innumerables opciones de entretenimiento<\/strong><br \/>\nTransmita programas, pel\u00edculas, juegos y m\u00e1s con las aplicaciones integradas del televisor.<\/li>\n<li><strong>Plataforma inteligente webOS<\/strong><br \/>\nwebOS re\u00fane aplicaciones populares de transmisi\u00f3n de video, como Netflix, y le brinda acceso a m\u00e1s de 70 canales premium gratuitos de Internet a trav\u00e9s de la aplicaci\u00f3n LG Channel Plus.<\/li>\n<li><strong>Los televisores LED funcionan bien en todas las condiciones de iluminaci\u00f3n<\/strong><br \/>\nTambi\u00e9n ofrecen negros profundos similares al plasma y colores intensos.<\/li>\n<li><strong>Sonido de TV avanzado<\/strong><br \/>\nDos altavoces de 5W.<\/li>\n<li><strong>1 entrada HDMI para la mejor conexi\u00f3n de cine en casa<\/strong><br \/>\nHDMI de alta velocidad ofrece imagen y sonido envolvente digital en un cable conveniente. Cable HDMI no incluido.<\/li>\n<li><strong>Disfruta de la imagen desde m\u00faltiples \u00e1ngulos<\/strong><br \/>\nLos \u00e1ngulos de visi\u00f3n horizontal y vertical de 178 \u00b0 brindan una imagen clara para los espectadores sentados cerca del costado de la pantalla.<\/li>\n<li>Los servicios y el contenido basados \u200b\u200ben la web requieren un servicio de Internet de alta velocidad. Algunos servicios pueden requerir una suscripci\u00f3n.<\/li>\n<\/ul>\n<p>&nbsp;<\/p>\n<div class=\"header-container header-lv\">\n<h3 class=\"heading-5 v-fw-regular\"><strong>Qu\u00e9 est\u00e1 incluido<\/strong><\/h3>\n<ul>\n<li class=\"bold v-fw-medium body-copy\">LG 24LM520S-WU<\/li>\n<li class=\"bold v-fw-medium body-copy\">Control remoto<\/li>\n<li class=\"bold v-fw-medium body-copy\">Adaptador de corriente<\/li>\n<li class=\"bold v-fw-medium body-copy\">Pararse<\/li>\n<\/ul>\n<p>&nbsp;<\/p>\n<\/div>\n","protected":false},"excerpt":{"rendered":"<p>Experimente los medios de 720p con este televisor inteligente LED LG de 24 pulgadas.\u00a0El amplio \u00e1ngulo de visi\u00f3n ofrece una imagen clara desde m\u00faltiples posiciones y el dise\u00f1o de montaje<\/p>\n","protected":false},"featured_media":73380,"comment_status":"open","ping_status":"closed","template":"","meta":{"_acf_changed":false,"_joinchat":[]},"product_brand":[],"product_cat":[336,937],"product_tag":[],"class_list":{"0":"post-50139","1":"product","2":"type-product","3":"status-publish","4":"has-post-thumbnail","6":"product_cat-hogar","7":"product_cat-pantallas","9":"first","10":"instock","11":"sale","12":"shipping-taxable","13":"purchasable","14":"product-type-simple"},"acf":[],"_links":{"self":[{"href":"https:\/\/defabrica.com.mx\/defabrica\/wp-json\/wp\/v2\/product\/50139","targetHints":{"allow":["GET"]}}],"collection":[{"href":"https:\/\/defabrica.com.mx\/defabrica\/wp-json\/wp\/v2\/product"}],"about":[{"href":"https:\/\/defabrica.com.mx\/defabrica\/wp-json\/wp\/v2\/types\/product"}],"replies":[{"embeddable":true,"href":"https:\/\/defabrica.com.mx\/defabrica\/wp-json\/wp\/v2\/comments?post=50139"}],"wp:featuredmedia":[{"embeddable":true,"href":"https:\/\/defabrica.com.mx\/defabrica\/wp-json\/wp\/v2\/media\/73380"}],"wp:attachment":[{"href":"https:\/\/defabrica.com.mx\/defabrica\/wp-json\/wp\/v2\/media?parent=50139"}],"wp:term":[{"taxonomy":"product_brand","embeddable":true,"href":"https:\/\/defabrica.com.mx\/defabrica\/wp-json\/wp\/v2\/product_brand?post=50139"},{"taxonomy":"product_cat","embeddable":true,"href":"https:\/\/defabrica.com.mx\/defabrica\/wp-json\/wp\/v2\/product_cat?post=50139"},{"taxonomy":"product_tag","embeddable":true,"href":"https:\/\/defabrica.com.mx\/defabrica\/wp-json\/wp\/v2\/product_tag?post=50139"}],"curies":[{"name":"wp","href":"https:\/\/api.w.org\/{rel}","templated":true}]}}