{"id":49693,"date":"2021-10-08T02:57:21","date_gmt":"2021-10-08T07:57:21","guid":{"rendered":"https:\/\/defabrica.com.mx\/defabrica\/?post_type=product&#038;p=49693"},"modified":"2022-12-06T15:49:23","modified_gmt":"2022-12-06T21:49:23","slug":"microsoft-surface-pro-7-12-3-touch-screen-intel-core-i5-8gb-ram-128gb-ssd-diseno-platinum","status":"publish","type":"product","link":"https:\/\/defabrica.com.mx\/defabrica\/producto\/microsoft-surface-pro-7-12-3-touch-screen-intel-core-i5-8gb-ram-128gb-ssd-diseno-platinum\/","title":{"rendered":"Microsoft &#8211; Surface Pro 7 &#8211; 12.3&#8243; Touch Screen &#8211; Intel Core i5 &#8211; 8GB RAM &#8211; 128GB SSD &#8211; Dise\u00f1o Platinum"},"content":{"rendered":"<div>\n<div>\n<p>En su escritorio, en el sof\u00e1 o en el patio, Surface Pro 7 se adapta a su forma de trabajar con la versatilidad de una computadora port\u00e1til a una tableta.\u00a0Y ahora, ofrece m\u00e1s potencia que nunca, con un procesador Intel\u00ae Core \u2122 de clase port\u00e1til, bater\u00eda para todo el d\u00eda\u00b9, encendido instant\u00e1neo y gr\u00e1ficos mejorados, adem\u00e1s de m\u00e1s conexiones multitarea, incluidos puertos USB-C\u00ae y USB-A.<\/p>\n<p>&nbsp;<\/p>\n<\/div>\n<\/div>\n<h3><strong>Caracter\u00edsticas<\/strong><\/h3>\n<ul>\n<li><strong>Actualizaci\u00f3n gratuita a Windows 11<\/strong><\/li>\n<li><strong>Con\u00e9ctate, crea, ponte c\u00f3modo<\/strong><br \/>\nIndependientemente del aspecto de su oficina, ya sea un escritorio, un sof\u00e1 o una mesa de comedor, Surface Pro 7 es su compa\u00f1ero ultraligero e infinitamente adaptable, ahora con un procesamiento m\u00e1s r\u00e1pido y m\u00e1s conexiones, adem\u00e1s de una bater\u00eda que dura todo el d\u00eda.<\/li>\n<li><strong>As\u00ed que rel\u00e1jese, abra el soporte y sea creativo en la pantalla con Surface Pen. *<\/strong><\/li>\n<li><strong>M\u00e1s poderoso en todos los sentidos<\/strong><br \/>\nPersiga su sue\u00f1o y sea realmente productivo con la potencia de la computadora port\u00e1til mega-multitarea, la bater\u00eda para todo el d\u00eda \u00b9 y una gran cantidad de memoria y almacenamiento.<\/li>\n<li><strong>Impulsado por un procesador Intel\u00ae Core \u2122 de d\u00e9cima generaci\u00f3n<\/strong><br \/>\nSurface Pro 7 sigue tu ritmo, con velocidad multitarea, entretenimiento asombroso, rendimiento Wi-Fi incre\u00edble y bater\u00eda de larga duraci\u00f3n.<\/li>\n<li><strong>Vuelva al trabajo en el momento en que llegue la inspiraci\u00f3n<\/strong><br \/>\nCon la carga r\u00e1pida, la bater\u00eda para todo el d\u00eda\u00b9 y el encendido instant\u00e1neo, puede volver al trabajo ahora, esta noche o ma\u00f1ana. Surface Pro 7 est\u00e1 listo para llevar sus ideas al siguiente nivel cuando lo est\u00e9.<\/li>\n<li><strong>C\u00e1maras integradas que muestran tu mejor lado<\/strong><br \/>\nLas c\u00e1maras web de video HD de 1080p son perfectas para todas sus llamadas, reuniones, encuentros virtuales y m\u00e1s.<\/li>\n<li><strong>Con\u00e9ctate y mant\u00e9n el ritmo que quieras<\/strong><br \/>\nLas videollamadas y las reuniones cobran vida con audio y video espectaculares con micr\u00f3fonos de estudio de campo lejano, sonido Dolby\u00ae Audio \u2122 y c\u00e1maras HD que se ajustan autom\u00e1ticamente a las condiciones de iluminaci\u00f3n interior y exterior.<\/li>\n<li><strong>Una pantalla brillante<\/strong><br \/>\nLa pantalla PixelSense \u2122 de alta resoluci\u00f3n de 12,3 \u201dcon pantalla t\u00e1ctil se ajusta autom\u00e1ticamente a las condiciones de iluminaci\u00f3n.<\/li>\n<li><strong>Haga una declaraci\u00f3n con accesorios exclusivos<\/strong><br \/>\nPersonaliza tu Surface Pro 7 con los accesorios Surface Pro que conoces. Elija entre platino o negro mate.<\/li>\n<li><strong>Convi\u00e9rtalo en un port\u00e1til completo con nuestra Funda con teclado Signature, * L\u00e1piz para Surface * y Surface Arc Mouse *, todo en colores intensos que puede mezclar o combinar.<\/strong><\/li>\n<li><strong>Ser escuchado alto y claro<\/strong><br \/>\nYa sea en conferencias telef\u00f3nicas o mediante dictado de voz en aplicaciones de Office * con micr\u00f3fonos de estudio duales de campo lejano mejorados. Adem\u00e1s, disfrute de audio n\u00edtido y claro para m\u00fasica, podcasts y pel\u00edculas con sonido Dolby\u00ae Audio \u2122.<\/li>\n<li><strong>Haga m\u00e1s con Windows que conoce<\/strong><br \/>\nSurface Pro 7 viene con Windows 10 Home, para que pueda volverse productivo de inmediato y disfrutar de funciones familiares como el inicio de sesi\u00f3n de Windows Hello sin contrase\u00f1a. Cree su mejor trabajo con Office 365 * en Windows.<\/li>\n<li><strong>Adem\u00e1s, mantenga las fotos, los archivos y los videos seguros en la nube, y acceda a ellos a trav\u00e9s de sus dispositivos, con OneDrive integrado.<\/strong><\/li>\n<li>\u00b9 El dispositivo viene con Windows 10 y una actualizaci\u00f3n gratuita de Windows 11 o puede estar precargado con Windows 11. La actualizaci\u00f3n de Windows 11 se entregar\u00e1 a los dispositivos que califiquen a partir de finales de 2021 y en 2022. El tiempo variar\u00e1 seg\u00fan el dispositivo. Ciertas funciones requieren hardware espec\u00edfico (consulte aka.ms\/windows11-spec)<\/li>\n<li>* Se vende por separado.<\/li>\n<li>Duraci\u00f3n de la bater\u00eda Surface Pro 7: hasta 10,5 horas de duraci\u00f3n de la bater\u00eda seg\u00fan el uso t\u00edpico del dispositivo Surface. Pruebas realizadas por Microsoft en septiembre de 2019 con software de preproducci\u00f3n y un dispositivo Intel\u00ae Core \u2122 i5 de 256 GB y 8 GB de RAM en preproducci\u00f3n.<\/li>\n<li>Las pruebas consistieron en la descarga total de la bater\u00eda con una combinaci\u00f3n de uso activo y modo de espera moderno. La parte de uso activo consiste en (1) una prueba de navegaci\u00f3n web que accede a 8 sitios web populares a trav\u00e9s de m\u00faltiples pesta\u00f1as abiertas, (2) una prueba de productividad utilizando Microsoft Word, PowerPoint, Excel y Outlook,<\/li>\n<li>y (3) una parte del tiempo con el dispositivo en uso con aplicaciones inactivas. Todas las configuraciones eran predeterminadas, excepto que el brillo de la pantalla se estableci\u00f3 en 150 nits con el brillo autom\u00e1tico desactivado. Wi-Fi estaba conectado a una red. La duraci\u00f3n de la bater\u00eda var\u00eda significativamente con la configuraci\u00f3n, el uso y otros factores.<\/li>\n<li>\u00b2 El peso no incluye la Funda con teclado para Surface Pro ni la Funda con teclado Signature para Surface Pro.<\/li>\n<li>\u00b3 El software del sistema utiliza un espacio de almacenamiento significativo. El almacenamiento disponible est\u00e1 sujeto a cambios seg\u00fan las actualizaciones de software del sistema y el uso de aplicaciones. 1 GB = mil millones de bytes. 1 TB = 1000 GB. Consulta Surface.com\/Storage para obtener m\u00e1s detalles.<\/li>\n<li>\u2074Los colores disponibles para los accesorios, la funda con teclado (se vende por separado) y Surface Pro 7 pueden variar seg\u00fan el mercado y la configuraci\u00f3n.<\/li>\n<li>\u2075Requiere suscripci\u00f3n a Office 365.<\/li>\n<\/ul>\n<h3><\/h3>\n<div><\/div>\n","protected":false},"excerpt":{"rendered":"<p>En su escritorio, en el sof\u00e1 o en el patio, Surface Pro 7 se adapta a su forma de trabajar con la versatilidad de una computadora port\u00e1til a una tableta.\u00a0Y<\/p>\n","protected":false},"featured_media":65728,"comment_status":"open","ping_status":"closed","template":"","meta":{"_acf_changed":false,"_joinchat":[]},"product_brand":[],"product_cat":[240,241,258],"product_tag":[],"class_list":{"0":"post-49693","1":"product","2":"type-product","3":"status-publish","4":"has-post-thumbnail","6":"product_cat-computadoras","7":"product_cat-laptops","8":"product_cat-microsoft-surface","10":"first","11":"instock","12":"sale","13":"shipping-taxable","14":"purchasable","15":"product-type-simple"},"acf":[],"_links":{"self":[{"href":"https:\/\/defabrica.com.mx\/defabrica\/wp-json\/wp\/v2\/product\/49693","targetHints":{"allow":["GET"]}}],"collection":[{"href":"https:\/\/defabrica.com.mx\/defabrica\/wp-json\/wp\/v2\/product"}],"about":[{"href":"https:\/\/defabrica.com.mx\/defabrica\/wp-json\/wp\/v2\/types\/product"}],"replies":[{"embeddable":true,"href":"https:\/\/defabrica.com.mx\/defabrica\/wp-json\/wp\/v2\/comments?post=49693"}],"wp:featuredmedia":[{"embeddable":true,"href":"https:\/\/defabrica.com.mx\/defabrica\/wp-json\/wp\/v2\/media\/65728"}],"wp:attachment":[{"href":"https:\/\/defabrica.com.mx\/defabrica\/wp-json\/wp\/v2\/media?parent=49693"}],"wp:term":[{"taxonomy":"product_brand","embeddable":true,"href":"https:\/\/defabrica.com.mx\/defabrica\/wp-json\/wp\/v2\/product_brand?post=49693"},{"taxonomy":"product_cat","embeddable":true,"href":"https:\/\/defabrica.com.mx\/defabrica\/wp-json\/wp\/v2\/product_cat?post=49693"},{"taxonomy":"product_tag","embeddable":true,"href":"https:\/\/defabrica.com.mx\/defabrica\/wp-json\/wp\/v2\/product_tag?post=49693"}],"curies":[{"name":"wp","href":"https:\/\/api.w.org\/{rel}","templated":true}]}}