{"id":49538,"date":"2021-10-07T01:40:08","date_gmt":"2021-10-07T06:40:08","guid":{"rendered":"https:\/\/defabrica.com.mx\/defabrica\/?post_type=product&#038;p=49538"},"modified":"2022-12-06T16:00:41","modified_gmt":"2022-12-06T22:00:41","slug":"acer-predator-triton-300-se-14-144hz-laptop-intel-11th-gen-i7-nvidia-geforce-rtx-3050ti-16gb-ddr4-512gb-ssd","status":"publish","type":"product","link":"https:\/\/defabrica.com.mx\/defabrica\/producto\/acer-predator-triton-300-se-14-144hz-laptop-intel-11th-gen-i7-nvidia-geforce-rtx-3050ti-16gb-ddr4-512gb-ssd\/","title":{"rendered":"Acer &#8211; Predator Triton 300 SE 14&#8243; 144Hz Laptop \u2013 Intel 11th Gen i7 \u2013 NVIDIA GeForce RTX 3050Ti &#8211; 16GB DDR4 \u2013 512GB SSD"},"content":{"rendered":"<div class=\"embedded-component-container lv product-description\">\n<div>\n<div id=\"shop-product-description-76148750\" class=\"None\" data-version=\"1.3.37\">\n<div class=\"shop-product-description\">\n<section class=\"align-heading-left\" data-reactroot=\"\">\n<div class=\"long-description-container body-copy \">\n<div class=\"html-fragment\">\n<div>\n<div>\n<p>Elegante y con estilo y con mucho \u00abjuego\u00bb para hacer frente a cualquier tarea, el Predator Triton 300 SE ofrece el tipo de potencia y rendimiento en movimiento que exigen los estilos de vida de alta energ\u00eda de hoy.\u00a0Forjado en &#8216;Sparkly Silver&#8217;, el Predator Triton 300 SE le brinda toda la fuerza de una computadora port\u00e1til para juegos con una apariencia que significa negocios alrededor de cualquier mesa de conferencias.\u00a0R\u00e1pida, realista y con tecnolog\u00eda mejorada por IA, esta bestia de una m\u00e1quina cuenta con una CPU overclockable que garantiza una transmisi\u00f3n \u00e9pica, edici\u00f3n de fotos y capacidades de renderizado 3D, mientras que su poderosa GPU revoluciona la experiencia de juego inmersiva a trav\u00e9s de altas velocidades de cuadro que generan un realismo incre\u00edble.\u00a0El Predator Triton 300 SE inspira envidia y trae en tiempo real,\u00a0Representaciones de calidad cinematogr\u00e1fica que seguramente impulsar\u00e1n la productividad, \u00a1gracias a los gr\u00e1ficos NVIDIA\u00ae GeForce RTX \u2122 3050Ti y al procesador Intel\u00ae Core i7 de 11a generaci\u00f3n en el interior!\u00a0Disfruta de un juego fluido con frecuencias de actualizaci\u00f3n de hasta 144Hz en la pantalla IPS FHD de 14.0 \u00ab, mientras que un teclado retroiluminado RGB de 3 zonas y un audio estelar completan una experiencia de juego insuperable. Todo esto en un dise\u00f1o s\u00faper dulce que mide tan solo 0,70 \u00a1pulgadas!<\/p>\n<p>&nbsp;<\/p>\n<\/div>\n<\/div>\n<\/div>\n<\/div>\n<\/section>\n<\/div>\n<\/div>\n<\/div>\n<\/div>\n<h3><strong>Caracter\u00edsticas<\/strong><\/h3>\n<ul>\n<li><strong>Actualizaci\u00f3n gratuita a Windows 11\u00b9 (si est\u00e1 disponible, consulte a continuaci\u00f3n)<\/strong><\/li>\n<li><strong>Sistema operativo Windows 11<\/strong><br \/>\nWindows 11 tiene todo el poder y la seguridad de Windows 10 con un aspecto renovado y redise\u00f1ado. Tambi\u00e9n viene con nuevas herramientas, sonidos y aplicaciones. Cada detalle ha sido considerado. Todo se combina para brindarle una experiencia refrescante en su PC.<\/li>\n<li><strong>Lleva tu juego contigo<\/strong><br \/>\nDelgado para la victoria: con solo 0,7 pulgadas, el Predator Triton 300 SE de metal, f\u00e1cil de transportar, est\u00e1 listo para viajar y para un mont\u00f3n de caos. La pantalla de marco estrecho y la duraci\u00f3n de la bater\u00eda de hasta 9 horas te brindan mucho para disfrutar mientras conduces a tus enemigos frente a ti.<\/li>\n<li><strong>Juego en cualquier lugar<\/strong><br \/>\nLos nuevos procesadores Intel\u00ae Core \u2122 de la serie H de 11a generaci\u00f3n para juegos ultraport\u00e1tiles est\u00e1n hechos para empujar marcos y facilitar los viajes. Ahora, con un Turbo de 5.0 GHz con hasta 4 n\u00facleos y 8 subprocesos, obtienes todo el rendimiento que necesitas y la libertad de jugar en cualquier lugar.<\/li>\n<li><strong>RTX. Esta encendido.<\/strong><br \/>\nLa nueva GPU NVIDIA\u00ae GeForce RTX \u2122 3050Ti para computadora port\u00e1til est\u00e1 impulsada por la galardonada arquitectura Ampere, RTX de segunda generaci\u00f3n de NVIDIA, con nuevos n\u00facleos de trazado de rayos, n\u00facleos de tensor y multiprocesadores de transmisi\u00f3n para obtener los gr\u00e1ficos de trazado de rayos m\u00e1s realistas y la inteligencia artificial de vanguardia. caracter\u00edsticas.<\/li>\n<li><strong>Teclado RGB retroiluminado de 3 zonas<\/strong><br \/>\nPersonalice su iluminaci\u00f3n en el teclado RGB retroiluminado de 3 zonas o ap\u00e1guelo por completo; independientemente, es agradable escribir con las teclas de tama\u00f1o completo. Los comandos est\u00e1n a solo un toque de distancia, ya sea que desee un aumento de overclocking con un solo clic.<\/li>\n<li><strong>Una velocidad: r\u00e1pida<\/strong><br \/>\nCuando decide cargar un juego o sentarse a disfrutar de su \u00faltima serie, la pantalla de alta velocidad mantiene todo fluido y sin problemas. Disfruta de un juego fluido a una frecuencia de actualizaci\u00f3n de 144Hz para la mejor experiencia de juego de un extremo a otro. La pantalla de juegos definitiva para jugadores entusiastas.<\/li>\n<li><strong>Solo enfr\u00edalo<\/strong><br \/>\nHemos optimizado nuestro enfriamiento con la tecnolog\u00eda de ventilador AeroBlade 3D de 5.a generaci\u00f3n y el flujo de v\u00f3rtice que gu\u00eda el viento para aumentar el flujo de aire y refinar todo el sistema desde la entrada hasta el escape, lo que le permite maximizar su rendimiento, sin importar la tarea.<\/li>\n<li><strong>Mantente conectado<\/strong><br \/>\nCon Killer \u2122 Wi-Fi 6 AX1650i y Control Center 2.0, tiene todas las herramientas que necesita para eliminar la competencia en l\u00ednea. Y cuando no gobierne sobre la red, utilice los numerosos puertos: Thunderbolt \u2122 4, USB 3.2 Gen 2 y HDMI 2.1 de alto est\u00e1ndar.<\/li>\n<li>\u00b9 El dispositivo viene con Windows 10 y una actualizaci\u00f3n gratuita de Windows 11 o puede estar precargado con Windows 11. La actualizaci\u00f3n de Windows 11 se entregar\u00e1 a los dispositivos que califiquen a partir de finales de 2021 y en 2022. El tiempo variar\u00e1 seg\u00fan el dispositivo. Ciertas funciones requieren hardware espec\u00edfico (consulte aka.ms\/windows11-spec)<\/li>\n<li>Xbox Game Pass Ultimate: descubre tu pr\u00f3ximo juego favorito.<br \/>\nIncluye 1 mes de Xbox Game Pass Ultimate. Juega m\u00e1s de 100 juegos de alta calidad en Windows 10, consola y dispositivos m\u00f3viles. Incluye nuevos t\u00edtulos del primer d\u00eda, juegos ic\u00f3nicos de Bethesda y EA Play en PC<\/li>\n<\/ul>\n<div class=\"embedded-component-container lv product-features\"><\/div>\n","protected":false},"excerpt":{"rendered":"<p>Elegante y con estilo y con mucho \u00abjuego\u00bb para hacer frente a cualquier tarea, el Predator Triton 300 SE ofrece el tipo de potencia y rendimiento en movimiento que exigen<\/p>\n","protected":false},"featured_media":49539,"comment_status":"open","ping_status":"closed","template":"","meta":{"_acf_changed":false,"_joinchat":[]},"product_brand":[],"product_cat":[240,244,277,280,431],"product_tag":[],"class_list":{"0":"post-49538","1":"product","2":"type-product","3":"status-publish","4":"has-post-thumbnail","6":"product_cat-computadoras","7":"product_cat-de-escritorio-all-in-one","8":"product_cat-zona-gamer","9":"product_cat-pc-gaming","10":"product_cat-gaming-desktops","12":"first","13":"instock","14":"sale","15":"shipping-taxable","16":"purchasable","17":"product-type-simple"},"acf":[],"_links":{"self":[{"href":"https:\/\/defabrica.com.mx\/defabrica\/wp-json\/wp\/v2\/product\/49538","targetHints":{"allow":["GET"]}}],"collection":[{"href":"https:\/\/defabrica.com.mx\/defabrica\/wp-json\/wp\/v2\/product"}],"about":[{"href":"https:\/\/defabrica.com.mx\/defabrica\/wp-json\/wp\/v2\/types\/product"}],"replies":[{"embeddable":true,"href":"https:\/\/defabrica.com.mx\/defabrica\/wp-json\/wp\/v2\/comments?post=49538"}],"wp:featuredmedia":[{"embeddable":true,"href":"https:\/\/defabrica.com.mx\/defabrica\/wp-json\/wp\/v2\/media\/49539"}],"wp:attachment":[{"href":"https:\/\/defabrica.com.mx\/defabrica\/wp-json\/wp\/v2\/media?parent=49538"}],"wp:term":[{"taxonomy":"product_brand","embeddable":true,"href":"https:\/\/defabrica.com.mx\/defabrica\/wp-json\/wp\/v2\/product_brand?post=49538"},{"taxonomy":"product_cat","embeddable":true,"href":"https:\/\/defabrica.com.mx\/defabrica\/wp-json\/wp\/v2\/product_cat?post=49538"},{"taxonomy":"product_tag","embeddable":true,"href":"https:\/\/defabrica.com.mx\/defabrica\/wp-json\/wp\/v2\/product_tag?post=49538"}],"curies":[{"name":"wp","href":"https:\/\/api.w.org\/{rel}","templated":true}]}}