{"id":46964,"date":"2021-09-21T21:24:15","date_gmt":"2021-09-22T02:24:15","guid":{"rendered":"https:\/\/defabrica.com.mx\/defabrica\/?post_type=product&#038;p=46964"},"modified":"2022-12-06T15:15:47","modified_gmt":"2022-12-06T21:15:47","slug":"decantador-y-tapon-de-cristal-de-whisky-de-primera-calidad-con-diseno-de-corte-fino-a-rayas","status":"publish","type":"product","link":"https:\/\/defabrica.com.mx\/defabrica\/producto\/decantador-y-tapon-de-cristal-de-whisky-de-primera-calidad-con-diseno-de-corte-fino-a-rayas\/","title":{"rendered":"Decantador y tap\u00f3n de cristal de whisky de primera calidad con dise\u00f1o de corte fino a rayas"},"content":{"rendered":"<ul class=\"a-unordered-list a-vertical a-spacing-mini\">\n<li><span class=\"a-list-item\">Rel\u00e1jate y disfruta de tu whisky con plena satisfacci\u00f3n. Nuestros decantadores no contienen productos qu\u00edmicos nocivos como BPA, ftalatos, PVC o policarbonato, por lo que nada puede da\u00f1ar tu bebida del cristal. Hecho de cristal grueso que permite que el color de tu bebida brille. Aspecto elegante y elegante que a\u00f1ade a la est\u00e9tica de cualquier mesa con su dise\u00f1o contempor\u00e1neo.<\/span><\/li>\n<li><span class=\"a-list-item\">Para cualquier ocasi\u00f3n especial. Verter una bebida con amigos y familiares es una tradici\u00f3n desde el amanecer del tiempo. \u00bfTe gustar\u00eda tener un decantador que cuenta con un dise\u00f1o \u00fanico y que te proporcione una incomparable satisfacci\u00f3n de sabor? Estos incre\u00edbles decantadores son ideales para todos tus licores tambi\u00e9n. Cuentan con una forma que mejora los aromas y sabores de tus bebidas.<\/span><\/li>\n<li><span class=\"a-list-item\">Regalo perfecto. Si est\u00e1s en el mercado para un regalo considerado y elegante, no busques m\u00e1s. No importa la ocasi\u00f3n: cumplea\u00f1os, vacaciones, bodas, graduaciones, cualquier cosa, estos bonitos decantadores de whisky son ideales. Perfecto para un aniversario, inauguraci\u00f3n de la casa, regalo de Navidad, regalos de cocina, regalos de boda y compromiso, despedida de soltero y mucho m\u00e1s.<\/span><\/li>\n<\/ul>\n","protected":false},"excerpt":{"rendered":"<p>Rel\u00e1jate y disfruta de tu whisky con plena satisfacci\u00f3n. Nuestros decantadores no contienen productos qu\u00edmicos nocivos como BPA, ftalatos, PVC o policarbonato, por lo que nada puede da\u00f1ar tu bebida<\/p>\n","protected":false},"featured_media":46971,"comment_status":"open","ping_status":"closed","template":"","meta":{"_acf_changed":false,"_joinchat":[]},"product_brand":[],"product_cat":[336,956],"product_tag":[],"class_list":{"0":"post-46964","1":"product","2":"type-product","3":"status-publish","4":"has-post-thumbnail","6":"product_cat-hogar","7":"product_cat-bar-y-vino","9":"first","10":"instock","11":"sale","12":"shipping-taxable","13":"purchasable","14":"product-type-simple"},"acf":[],"_links":{"self":[{"href":"https:\/\/defabrica.com.mx\/defabrica\/wp-json\/wp\/v2\/product\/46964","targetHints":{"allow":["GET"]}}],"collection":[{"href":"https:\/\/defabrica.com.mx\/defabrica\/wp-json\/wp\/v2\/product"}],"about":[{"href":"https:\/\/defabrica.com.mx\/defabrica\/wp-json\/wp\/v2\/types\/product"}],"replies":[{"embeddable":true,"href":"https:\/\/defabrica.com.mx\/defabrica\/wp-json\/wp\/v2\/comments?post=46964"}],"wp:featuredmedia":[{"embeddable":true,"href":"https:\/\/defabrica.com.mx\/defabrica\/wp-json\/wp\/v2\/media\/46971"}],"wp:attachment":[{"href":"https:\/\/defabrica.com.mx\/defabrica\/wp-json\/wp\/v2\/media?parent=46964"}],"wp:term":[{"taxonomy":"product_brand","embeddable":true,"href":"https:\/\/defabrica.com.mx\/defabrica\/wp-json\/wp\/v2\/product_brand?post=46964"},{"taxonomy":"product_cat","embeddable":true,"href":"https:\/\/defabrica.com.mx\/defabrica\/wp-json\/wp\/v2\/product_cat?post=46964"},{"taxonomy":"product_tag","embeddable":true,"href":"https:\/\/defabrica.com.mx\/defabrica\/wp-json\/wp\/v2\/product_tag?post=46964"}],"curies":[{"name":"wp","href":"https:\/\/api.w.org\/{rel}","templated":true}]}}