{"id":46837,"date":"2021-09-21T17:12:09","date_gmt":"2021-09-21T22:12:09","guid":{"rendered":"https:\/\/defabrica.com.mx\/defabrica\/?post_type=product&#038;p=46837"},"modified":"2022-12-06T14:35:08","modified_gmt":"2022-12-06T20:35:08","slug":"hp-laptop-pavilion-x360-2-en-1-de-14-con-pantalla-tactil-intel-core-i5-memoria-de-8gb-ssd-de-512gb-intel-optane-de-32gb-diseno-gold","status":"publish","type":"product","link":"https:\/\/defabrica.com.mx\/defabrica\/producto\/hp-laptop-pavilion-x360-2-en-1-de-14-con-pantalla-tactil-intel-core-i5-memoria-de-8gb-ssd-de-512gb-intel-optane-de-32gb-diseno-gold\/","title":{"rendered":"HP &#8211; Laptop Pavilion x360 2-en-1 de 14 \u00abcon pantalla t\u00e1ctil &#8211; Intel Core i5 &#8211; Memoria de 8GB &#8211; SSD de 512GB + Intel Optane de 32GB &#8211; Dise\u00f1o Gold"},"content":{"rendered":"<div class=\"embedded-component-container lv product-description\">\n<div>\n<div id=\"shop-product-description-75316291\" class=\"None\" data-version=\"1.3.37\">\n<div class=\"shop-product-description\">\n<section class=\"align-heading-left\" data-reactroot=\"\">\n<div class=\"long-description-container body-copy \">\n<div class=\"html-fragment\">\n<div>\n<div>\n<p>Se adapta a su vista: la computadora port\u00e1til 2 en 1 HP Pavilion x360 de 14 pulgadas, extremadamente flexible, lo dejar\u00e1 boquiabierto con su tama\u00f1o compacto. Con cuatro modos, encontrar\u00e1 el \u00e1ngulo perfecto para cualquier cosa que se le presente. Entretenimiento cubierto desde todos los \u00e1ngulos: la vista es excelente desde cualquier \u00e1ngulo con una pantalla de microborde de cuatro lados. La flexibilidad para mirar en los modos de tienda y de retroceso es ideal para la transmisi\u00f3n y el entretenimiento, y con un procesador Intel\u00ae Core \u2122, podr\u00e1s disfrutar de sesiones de atracones. Los altavoces duales HP con audio de B&amp;O hacen que el sonido de la vista sea a\u00fan mejor. Mantente conectado: sal de tu zona. Mant\u00e9ngase conectado mientras viaja m\u00e1s r\u00e1pido y m\u00e1s f\u00e1cil con Wi-Fi r\u00e1pido. Y aproveche las sesiones marat\u00f3nicas con una bater\u00eda de larga duraci\u00f3n y HP Fast Charge.<\/p>\n<\/div>\n<\/div>\n<\/div>\n<\/div>\n<p>&nbsp;<\/p>\n<h3 class=\"heading-5 v-fw-regular feature-heading\"><strong>Caracter\u00edsticas<\/strong><\/h3>\n<ul>\n<li><strong>Actualizaci\u00f3n gratuita a Windows 11\u00b9\u00a0<\/strong><br \/>\nInicio de Windows 10<br \/>\nHaga grandes cosas con confianza con la sensaci\u00f3n familiar de Windows, solo que mejor.<\/li>\n<li><strong>Pantalla t\u00e1ctil IPS FHD de 14 \u00ab<\/strong><br \/>\n14.0 pulgadas en diagonal, FHD (1920 x 1080), habilitado para multit\u00e1ctil, IPS, vidrio de borde a borde, microborde<\/li>\n<li><strong>Procesador Intel\u00ae Core \u2122 i5-1135G7 de 11.a generaci\u00f3n<\/strong><br \/>\nTrae la combinaci\u00f3n perfecta de caracter\u00edsticas para hacerte imparable. Haga las cosas r\u00e1pidamente con alto rendimiento, capacidad de respuesta instant\u00e1nea y la mejor conectividad de su clase.<\/li>\n<li><strong>Memoria del sistema de 8GB para multitarea avanzada<\/strong><br \/>\nRAM sustancial de gran ancho de banda para ejecutar sin problemas sus juegos y aplicaciones de edici\u00f3n de fotos y videos, as\u00ed como m\u00faltiples programas y pesta\u00f1as del navegador a la vez.<\/li>\n<li><strong>SSD Intel\u00ae PCIe\u00ae NVMe \u2122 M.2 de 512 GB con memoria Intel\u00ae Optane \u2122 de 32 GB<\/strong><br \/>\nInicie sus aplicaciones m\u00e1s utilizadas a velocidades m\u00e1s r\u00e1pidas. Logre m\u00e1s en menos tiempo con dos tecnolog\u00edas innovadoras en un solo factor de forma mientras carga sin problemas im\u00e1genes y videos de alta resistencia.<\/li>\n<li><strong>Gr\u00e1ficos Intel\u00ae Iris\u00ae Xe<\/strong><br \/>\nRendimiento impresionante para la creaci\u00f3n, los juegos y el entretenimiento. Un nuevo nivel de rendimiento gr\u00e1fico y efectos visuales n\u00edtidos e impresionantes, con la comodidad de una computadora port\u00e1til delgada y liviana.<\/li>\n<li><strong>Carga r\u00e1pida HP<\/strong><br \/>\nPase de 0 a 50% de carga en aproximadamente 45 minutos.<\/li>\n<li><strong>Conectado sin esfuerzo<\/strong><br \/>\nDisfrute de una experiencia inal\u00e1mbrica m\u00e1s fluida con la combinaci\u00f3n de Wi-Fi 6 (2&#215;2) y Bluetooth\u00ae 5.0, todas sus conexiones son s\u00f3lidas y velocidades de transferencia de archivos hasta 3 veces m\u00e1s r\u00e1pidas que Wi-Fi 5.<\/li>\n<li><strong>Una experiencia de audio verdaderamente poderosa<\/strong><br \/>\nLos altavoces duales HP, HP Audio Boost y la sintonizaci\u00f3n de B&amp;O brindan una experiencia de audio rica y aut\u00e9ntica.<\/li>\n<li><strong>Lector de huellas dactilares<\/strong><br \/>\nInicie sesi\u00f3n sin problemas en su dispositivo en cualquier posici\u00f3n con el toque de su dedo. La tecnolog\u00eda patentada de huellas dactilares 3-D garantiza un acceso seguro.<\/li>\n<li><strong>C\u00e1mara HD HP Wide Vision<\/strong><br \/>\nEl campo de visi\u00f3n de gran angular de 88 grados le permite chatear por video con toda la familia o grupo de amigos con detalles n\u00edtidos.<\/li>\n<li><strong>Trabaja. Escribir. Jugar. Naturalmente.<\/strong><br \/>\nLa bisagra de 360 \u200b\u200bgrados lo coloca en la posici\u00f3n perfecta para trabajar, escribir, mirar y jugar.<\/li>\n<li><strong>Teclado iluminado<\/strong><br \/>\nTrabaje c\u00f3modamente en entornos m\u00e1s oscuros con un teclado de tama\u00f1o completo y un teclado num\u00e9rico integrado.<\/li>\n<li><strong>Creado pensando en el planeta.<\/strong><br \/>\nHP se dedica a impulsar el progreso hacia un futuro m\u00e1s sostenible y a tomar decisiones responsables para el medio ambiente y nuestros clientes.<\/li>\n<li>\u00b9 El plan de implementaci\u00f3n de la actualizaci\u00f3n se est\u00e1 finalizando y est\u00e1 programado para comenzar a fines de 2021 y continuar hasta 2022. El tiempo espec\u00edfico variar\u00e1 seg\u00fan el dispositivo. Algunas funciones requieren hardware espec\u00edfico, consulte https:\/\/www.microsoft.com\/en-us\/windows\/windows-11-specifications.<\/li>\n<\/ul>\n<div class=\"long-description-container body-copy \">\n<div class=\"html-fragment\">\n<div>\n<p>&nbsp;<\/p>\n<div class=\"feature-body-container\">\n<div class=\"icons-container\">\n<div class=\"specificationIcons\"><\/div>\n<\/div>\n<\/div>\n<\/div>\n<\/div>\n<div><\/div>\n<\/div>\n<\/section>\n<\/div>\n<\/div>\n<\/div>\n<\/div>\n<div class=\"embedded-component-container lv product-features\"><\/div>\n","protected":false},"excerpt":{"rendered":"<p>Se adapta a su vista: la computadora port\u00e1til 2 en 1 HP Pavilion x360 de 14 pulgadas, extremadamente flexible, lo dejar\u00e1 boquiabierto con su tama\u00f1o compacto. Con cuatro modos, encontrar\u00e1<\/p>\n","protected":false},"featured_media":46838,"comment_status":"open","ping_status":"closed","template":"","meta":{"_acf_changed":false,"_joinchat":[]},"product_brand":[],"product_cat":[1513,240,241],"product_tag":[],"class_list":{"0":"post-46837","1":"product","2":"type-product","3":"status-publish","4":"has-post-thumbnail","6":"product_cat-ofetas-computadoras","7":"product_cat-computadoras","8":"product_cat-laptops","10":"first","11":"instock","12":"sale","13":"shipping-taxable","14":"purchasable","15":"product-type-simple"},"acf":[],"_links":{"self":[{"href":"https:\/\/defabrica.com.mx\/defabrica\/wp-json\/wp\/v2\/product\/46837","targetHints":{"allow":["GET"]}}],"collection":[{"href":"https:\/\/defabrica.com.mx\/defabrica\/wp-json\/wp\/v2\/product"}],"about":[{"href":"https:\/\/defabrica.com.mx\/defabrica\/wp-json\/wp\/v2\/types\/product"}],"replies":[{"embeddable":true,"href":"https:\/\/defabrica.com.mx\/defabrica\/wp-json\/wp\/v2\/comments?post=46837"}],"wp:featuredmedia":[{"embeddable":true,"href":"https:\/\/defabrica.com.mx\/defabrica\/wp-json\/wp\/v2\/media\/46838"}],"wp:attachment":[{"href":"https:\/\/defabrica.com.mx\/defabrica\/wp-json\/wp\/v2\/media?parent=46837"}],"wp:term":[{"taxonomy":"product_brand","embeddable":true,"href":"https:\/\/defabrica.com.mx\/defabrica\/wp-json\/wp\/v2\/product_brand?post=46837"},{"taxonomy":"product_cat","embeddable":true,"href":"https:\/\/defabrica.com.mx\/defabrica\/wp-json\/wp\/v2\/product_cat?post=46837"},{"taxonomy":"product_tag","embeddable":true,"href":"https:\/\/defabrica.com.mx\/defabrica\/wp-json\/wp\/v2\/product_tag?post=46837"}],"curies":[{"name":"wp","href":"https:\/\/api.w.org\/{rel}","templated":true}]}}