{"id":46696,"date":"2021-09-20T00:37:43","date_gmt":"2021-09-20T05:37:43","guid":{"rendered":"https:\/\/defabrica.com.mx\/defabrica\/?post_type=product&#038;p=46696"},"modified":"2025-10-10T11:34:54","modified_gmt":"2025-10-10T17:34:54","slug":"nuevo-apple-iphone-13-pro","status":"publish","type":"product","link":"https:\/\/defabrica.com.mx\/defabrica\/producto\/nuevo-apple-iphone-13-pro\/","title":{"rendered":"Apple &#8211; iPhone 13 Pro"},"content":{"rendered":"<h3 class=\"dd-l-plate\"><strong>Una mirada m\u00e1s cercana al iPhone 13 Pro.<\/strong><\/h3>\n<p><span class=\"dd-callout\">Nuestra mayor actualizaci\u00f3n de c\u00e1mara hasta la fecha.\u00a0<\/span>Sistema de c\u00e1mara profesional completamente nuevo.\u00a0Rendimiento avanzado con poca luz.\u00a0Incre\u00edble detalle con fotograf\u00eda macro.<\/p>\n<p><span class=\"dd-callout\">El modo cinematogr\u00e1fico<\/span>\u00a0agrega poca profundidad de campo autom\u00e1ticamente.\u00a0Tambi\u00e9n puede cambiar el enfoque despu\u00e9s de disparar.<\/p>\n<p><span class=\"dd-callout\">Pantalla Super Retina XDR con ProMotion.\u00a0<\/span>Experimente una pantalla m\u00e1s r\u00e1pida, brillante y con mayor capacidad de respuesta.<\/p>\n<div class=\"column large-6\">\n<div class=\"dd-card dd-iphone-13-pro-202109-chip\">\n<div class=\"dd-card-info\">\n<p class=\"dd-copy\"><span class=\"dd-callout\">A15 Bionic,<\/span>\u00a0el chip de tel\u00e9fono inteligente m\u00e1s r\u00e1pido del mundo.\u00a0<span class=\"dd-callout\">5G ultrarr\u00e1pido<\/span> para velocidades de descarga m\u00e1s r\u00e1pidas y transmisi\u00f3n de alta calidad.\u00b3<\/p>\n<\/div>\n<\/div>\n<p>&nbsp;<\/p>\n<\/div>\n<div class=\"column large-8\">\n<div class=\"dd-card dd-iphone-13-pro-202109-battery\">\n<div class=\"dd-card-info\"><span class=\"dd-callout\">Hasta 28 horas de reproducci\u00f3n de video.\u2074 El<\/span>\u00a0iPhone 13 Pro Max tiene la mejor duraci\u00f3n de bater\u00eda que jam\u00e1s haya existido en un iPhone.<\/div>\n<div><\/div>\n<div><\/div>\n<\/div>\n<\/div>\n<div><\/div>\n<div class=\"dd-features-wrapper\">\n<div class=\"row dd-features-grid\">\n<div class=\"column large-8\">\n<div class=\"dd-card dd-iphone-13-pro-202109-cameras\">\n<div class=\"dd-card-image\">\n<div class=\"dd-card-info\">\n<p class=\"dd-copy\"><span class=\"dd-callout\">Ceramic Shield<\/span>\u00a0es m\u00e1s resistente que cualquier vidrio de tel\u00e9fono inteligente.\u00a0Y obtiene resistencia al polvo, los derrames y el agua.<\/p>\n<\/div>\n<div class=\"dd-card-image\"><\/div>\n<\/div>\n<\/div>\n<\/div>\n<\/div>\n<\/div>\n","protected":false},"excerpt":{"rendered":"<p>Una mirada m\u00e1s cercana al iPhone 13 Pro. Nuestra mayor actualizaci\u00f3n de c\u00e1mara hasta la fecha.\u00a0Sistema de c\u00e1mara profesional completamente nuevo.\u00a0Rendimiento avanzado con poca luz.\u00a0Incre\u00edble detalle con fotograf\u00eda macro. El<\/p>\n","protected":false},"featured_media":62983,"comment_status":"open","ping_status":"closed","template":"","meta":{"_acf_changed":false,"_joinchat":[]},"product_brand":[],"product_cat":[408,265,266,276],"product_tag":[],"class_list":{"0":"post-46696","1":"product","2":"type-product","3":"status-publish","4":"has-post-thumbnail","6":"product_cat-celulares-y-tablets","7":"product_cat-celulares","8":"product_cat-apple","9":"product_cat-todos-los-celulares","11":"first","12":"instock","13":"sale","14":"shipping-taxable","15":"purchasable","16":"product-type-variable","17":"has-default-attributes"},"acf":[],"_links":{"self":[{"href":"https:\/\/defabrica.com.mx\/defabrica\/wp-json\/wp\/v2\/product\/46696","targetHints":{"allow":["GET"]}}],"collection":[{"href":"https:\/\/defabrica.com.mx\/defabrica\/wp-json\/wp\/v2\/product"}],"about":[{"href":"https:\/\/defabrica.com.mx\/defabrica\/wp-json\/wp\/v2\/types\/product"}],"replies":[{"embeddable":true,"href":"https:\/\/defabrica.com.mx\/defabrica\/wp-json\/wp\/v2\/comments?post=46696"}],"wp:featuredmedia":[{"embeddable":true,"href":"https:\/\/defabrica.com.mx\/defabrica\/wp-json\/wp\/v2\/media\/62983"}],"wp:attachment":[{"href":"https:\/\/defabrica.com.mx\/defabrica\/wp-json\/wp\/v2\/media?parent=46696"}],"wp:term":[{"taxonomy":"product_brand","embeddable":true,"href":"https:\/\/defabrica.com.mx\/defabrica\/wp-json\/wp\/v2\/product_brand?post=46696"},{"taxonomy":"product_cat","embeddable":true,"href":"https:\/\/defabrica.com.mx\/defabrica\/wp-json\/wp\/v2\/product_cat?post=46696"},{"taxonomy":"product_tag","embeddable":true,"href":"https:\/\/defabrica.com.mx\/defabrica\/wp-json\/wp\/v2\/product_tag?post=46696"}],"curies":[{"name":"wp","href":"https:\/\/api.w.org\/{rel}","templated":true}]}}