{"id":46503,"date":"2021-09-16T14:42:45","date_gmt":"2021-09-16T19:42:45","guid":{"rendered":"https:\/\/defabrica.com.mx\/defabrica\/?post_type=product&#038;p=46503"},"modified":"2025-10-10T11:34:54","modified_gmt":"2025-10-10T17:34:54","slug":"nuevo-apple-iphone-13","status":"publish","type":"product","link":"https:\/\/defabrica.com.mx\/defabrica\/producto\/nuevo-apple-iphone-13\/","title":{"rendered":"\u00a1Nuevo! Apple &#8211; iPhone 13"},"content":{"rendered":"<div class=\"dd-l-plate\">\n<h3 class=\"dd-features-header dd-compact-small-7\"><strong>Una mirada m\u00e1s cercana al iPhone 13.<\/strong><\/h3>\n<p>&nbsp;<\/p>\n<\/div>\n<div class=\"dd-features-wrapper\">\n<div class=\"row dd-features-grid\">\n<div class=\"column large-8\">\n<div class=\"dd-card dd-iphone-13-202109-cameras\"><\/div>\n<\/div>\n<\/div>\n<\/div>\n<div>\n<ul>\n<li>Nuestro sistema de c\u00e1mara dual m\u00e1s avanzado. Obtenga hasta un 47% m\u00e1s de rendimiento en condiciones de poca luz.<\/li>\n<li>El modo cinematogr\u00e1fico agrega poca profundidad de campo autom\u00e1ticamente. Tambi\u00e9n puede cambiar el enfoque despu\u00e9s de disparar.<\/li>\n<li>Hasta 19 horas de reproducci\u00f3n de video. \u00b3 Un gran salto en la duraci\u00f3n de la bater\u00eda.<\/li>\n<li>M\u00e1s potente que nunca con el nuevo chip A15 Bionic y la tecnolog\u00eda 5G ultrarr\u00e1pida. \u2074<\/li>\n<li>Una pantalla Super Retina XDR supercolorida que ahora es un 28% m\u00e1s brillante.<\/li>\n<li>Ceramic Shield es m\u00e1s resistente que cualquier vidrio de tel\u00e9fono inteligente. Y obtiene resistencia al polvo, los derrames y el agua.<\/li>\n<\/ul>\n<\/div>\n","protected":false},"excerpt":{"rendered":"<p>Una mirada m\u00e1s cercana al iPhone 13. &nbsp; Nuestro sistema de c\u00e1mara dual m\u00e1s avanzado. Obtenga hasta un 47% m\u00e1s de rendimiento en condiciones de poca luz. El modo cinematogr\u00e1fico<\/p>\n","protected":false},"featured_media":62981,"comment_status":"open","ping_status":"closed","template":"","meta":{"_acf_changed":false,"_joinchat":[]},"product_brand":[],"product_cat":[1453,1475,408,265,266,276],"product_tag":[],"class_list":{"0":"post-46503","1":"product","2":"type-product","3":"status-publish","4":"has-post-thumbnail","6":"product_cat-black-friday","7":"product_cat-ofertas-primavera-smartphones","8":"product_cat-celulares-y-tablets","9":"product_cat-celulares","10":"product_cat-apple","11":"product_cat-todos-los-celulares","13":"first","14":"instock","15":"sale","16":"shipping-taxable","17":"purchasable","18":"product-type-variable","19":"has-default-attributes"},"acf":[],"_links":{"self":[{"href":"https:\/\/defabrica.com.mx\/defabrica\/wp-json\/wp\/v2\/product\/46503","targetHints":{"allow":["GET"]}}],"collection":[{"href":"https:\/\/defabrica.com.mx\/defabrica\/wp-json\/wp\/v2\/product"}],"about":[{"href":"https:\/\/defabrica.com.mx\/defabrica\/wp-json\/wp\/v2\/types\/product"}],"replies":[{"embeddable":true,"href":"https:\/\/defabrica.com.mx\/defabrica\/wp-json\/wp\/v2\/comments?post=46503"}],"wp:featuredmedia":[{"embeddable":true,"href":"https:\/\/defabrica.com.mx\/defabrica\/wp-json\/wp\/v2\/media\/62981"}],"wp:attachment":[{"href":"https:\/\/defabrica.com.mx\/defabrica\/wp-json\/wp\/v2\/media?parent=46503"}],"wp:term":[{"taxonomy":"product_brand","embeddable":true,"href":"https:\/\/defabrica.com.mx\/defabrica\/wp-json\/wp\/v2\/product_brand?post=46503"},{"taxonomy":"product_cat","embeddable":true,"href":"https:\/\/defabrica.com.mx\/defabrica\/wp-json\/wp\/v2\/product_cat?post=46503"},{"taxonomy":"product_tag","embeddable":true,"href":"https:\/\/defabrica.com.mx\/defabrica\/wp-json\/wp\/v2\/product_tag?post=46503"}],"curies":[{"name":"wp","href":"https:\/\/api.w.org\/{rel}","templated":true}]}}