{"id":46427,"date":"2021-09-15T14:42:42","date_gmt":"2021-09-15T19:42:42","guid":{"rendered":"https:\/\/defabrica.com.mx\/defabrica\/?post_type=product&#038;p=46427"},"modified":"2025-10-10T11:34:54","modified_gmt":"2025-10-10T17:34:54","slug":"nuevo-apple-iphone-13-mini","status":"publish","type":"product","link":"https:\/\/defabrica.com.mx\/defabrica\/producto\/nuevo-apple-iphone-13-mini\/","title":{"rendered":"\u00a1Nuevo! Apple &#8211; iPhone 13 mini"},"content":{"rendered":"<div class=\"dd-l-plate\">\n<h3 class=\"dd-features-header dd-compact-small-7\">Una mirada m\u00e1s cercana al iPhone 13<\/h3>\n<p><span class=\"dd-callout\">Nuestro sistema de c\u00e1mara dual m\u00e1s avanzado.\u00a0<\/span>Obtenga hasta un 47% m\u00e1s de rendimiento en condiciones de poca luz.<\/p>\n<p><span class=\"dd-callout\">El modo cinematogr\u00e1fico<\/span>\u00a0agrega poca profundidad de campo autom\u00e1ticamente.\u00a0Tambi\u00e9n puede cambiar el enfoque despu\u00e9s de disparar.<\/p>\n<p><span class=\"dd-callout\">Hasta 19 horas de reproducci\u00f3n de video.\u00a0<\/span>\u00b3 Un gran salto en la duraci\u00f3n de la bater\u00eda.<\/p>\n<p>M\u00e1s potente que nunca con el nuevo\u00a0<span class=\"dd-callout\">chip A15 Bionic<\/span>\u00a0y la\u00a0<span class=\"dd-callout\">tecnolog\u00eda 5G ultrarr\u00e1pida.\u00a0<\/span>\u2074<\/p>\n<p>Una\u00a0<span class=\"dd-callout\">pantalla Super Retina XDR<\/span>\u00a0supercolorida\u00a0que ahora es un\u00a0<span class=\"dd-callout\">28% m\u00e1s brillante.<\/span><\/p>\n<p><span class=\"dd-callout\">Ceramic Shield<\/span>\u00a0es m\u00e1s resistente que cualquier vidrio de tel\u00e9fono inteligente.\u00a0Y obtiene resistencia al polvo, los derrames y el agua.<\/p>\n<\/div>\n<div class=\"dd-features-wrapper\">\n<div class=\"row dd-features-grid\">\n<div class=\"column large-8\">\n<div class=\"dd-card dd-iphone-13-202109-cameras\">\n<div class=\"dd-card-image\"><\/div>\n<\/div>\n<\/div>\n<\/div>\n<\/div>\n","protected":false},"excerpt":{"rendered":"<p>Una mirada m\u00e1s cercana al iPhone 13 Nuestro sistema de c\u00e1mara dual m\u00e1s avanzado.\u00a0Obtenga hasta un 47% m\u00e1s de rendimiento en condiciones de poca luz. El modo cinematogr\u00e1fico\u00a0agrega poca profundidad<\/p>\n","protected":false},"featured_media":62971,"comment_status":"open","ping_status":"closed","template":"","meta":{"_acf_changed":false,"_joinchat":[]},"product_brand":[],"product_cat":[1475,408,265,266,276],"product_tag":[],"class_list":{"0":"post-46427","1":"product","2":"type-product","3":"status-publish","4":"has-post-thumbnail","6":"product_cat-ofertas-primavera-smartphones","7":"product_cat-celulares-y-tablets","8":"product_cat-celulares","9":"product_cat-apple","10":"product_cat-todos-los-celulares","12":"first","13":"instock","14":"sale","15":"shipping-taxable","16":"purchasable","17":"product-type-variable","18":"has-default-attributes"},"acf":[],"_links":{"self":[{"href":"https:\/\/defabrica.com.mx\/defabrica\/wp-json\/wp\/v2\/product\/46427","targetHints":{"allow":["GET"]}}],"collection":[{"href":"https:\/\/defabrica.com.mx\/defabrica\/wp-json\/wp\/v2\/product"}],"about":[{"href":"https:\/\/defabrica.com.mx\/defabrica\/wp-json\/wp\/v2\/types\/product"}],"replies":[{"embeddable":true,"href":"https:\/\/defabrica.com.mx\/defabrica\/wp-json\/wp\/v2\/comments?post=46427"}],"wp:featuredmedia":[{"embeddable":true,"href":"https:\/\/defabrica.com.mx\/defabrica\/wp-json\/wp\/v2\/media\/62971"}],"wp:attachment":[{"href":"https:\/\/defabrica.com.mx\/defabrica\/wp-json\/wp\/v2\/media?parent=46427"}],"wp:term":[{"taxonomy":"product_brand","embeddable":true,"href":"https:\/\/defabrica.com.mx\/defabrica\/wp-json\/wp\/v2\/product_brand?post=46427"},{"taxonomy":"product_cat","embeddable":true,"href":"https:\/\/defabrica.com.mx\/defabrica\/wp-json\/wp\/v2\/product_cat?post=46427"},{"taxonomy":"product_tag","embeddable":true,"href":"https:\/\/defabrica.com.mx\/defabrica\/wp-json\/wp\/v2\/product_tag?post=46427"}],"curies":[{"name":"wp","href":"https:\/\/api.w.org\/{rel}","templated":true}]}}