{"id":46376,"date":"2021-09-14T17:23:57","date_gmt":"2021-09-14T22:23:57","guid":{"rendered":"https:\/\/defabrica.com.mx\/defabrica\/?post_type=product&#038;p=46376"},"modified":"2023-01-28T14:18:36","modified_gmt":"2023-01-28T20:18:36","slug":"juego-de-decantador-de-whisky-de-5-piezas-decantador-de-cristal-con-4-vasos-en-caja-de-regalo-premium-2","status":"publish","type":"product","link":"https:\/\/defabrica.com.mx\/defabrica\/producto\/juego-de-decantador-de-whisky-de-5-piezas-decantador-de-cristal-con-4-vasos-en-caja-de-regalo-premium-2\/","title":{"rendered":"Juego de decantador de whisky de 5 piezas, decantador de cristal con 4 vasos en caja de regalo premium"},"content":{"rendered":"<ul class=\"a-unordered-list a-vertical a-spacing-mini\">\n<li><span class=\"a-list-item\">Artesan\u00eda \u00fanica y la mejor calidad: el dise\u00f1o de la colecci\u00f3n Ice Cube nunca ser\u00e1 el mismo que los dem\u00e1s, lo que lo hace m\u00e1s especial. No solo es un juego de decantador de whisky, sino tambi\u00e9n una hermosa decoraci\u00f3n. El decantador de whisky escoc\u00e9s Lighten Life con juego de vasos cuenta con un lado grueso y una base s\u00f3lida que es m\u00e1s pesado y duradero. El decantador de cristal se puede utilizar durante mucho tiempo.<\/span><\/li>\n<li><span class=\"a-list-item\">Juego de decantador de whisky perfecto para hombres y mujeres: 5 piezas de decantador de licor viene con una lujosa caja de regalo, regalo perfecto para cualquier ocasi\u00f3n como cumplea\u00f1os, d\u00eda del padre, compromiso, aniversario de boda, bautizo o Navidad. Date un capricho o regala a a una persona especial con este inolvidable juego de decantadores.<\/span><\/li>\n<\/ul>\n","protected":false},"excerpt":{"rendered":"<p>Artesan\u00eda \u00fanica y la mejor calidad: el dise\u00f1o de la colecci\u00f3n Ice Cube nunca ser\u00e1 el mismo que los dem\u00e1s, lo que lo hace m\u00e1s especial. No solo es un<\/p>\n","protected":false},"featured_media":46382,"comment_status":"open","ping_status":"closed","template":"","meta":{"_acf_changed":false,"_joinchat":[]},"product_brand":[],"product_cat":[336,956],"product_tag":[],"class_list":{"0":"post-46376","1":"product","2":"type-product","3":"status-publish","4":"has-post-thumbnail","6":"product_cat-hogar","7":"product_cat-bar-y-vino","9":"first","10":"instock","11":"sale","12":"shipping-taxable","13":"purchasable","14":"product-type-simple"},"acf":[],"_links":{"self":[{"href":"https:\/\/defabrica.com.mx\/defabrica\/wp-json\/wp\/v2\/product\/46376","targetHints":{"allow":["GET"]}}],"collection":[{"href":"https:\/\/defabrica.com.mx\/defabrica\/wp-json\/wp\/v2\/product"}],"about":[{"href":"https:\/\/defabrica.com.mx\/defabrica\/wp-json\/wp\/v2\/types\/product"}],"replies":[{"embeddable":true,"href":"https:\/\/defabrica.com.mx\/defabrica\/wp-json\/wp\/v2\/comments?post=46376"}],"wp:featuredmedia":[{"embeddable":true,"href":"https:\/\/defabrica.com.mx\/defabrica\/wp-json\/wp\/v2\/media\/46382"}],"wp:attachment":[{"href":"https:\/\/defabrica.com.mx\/defabrica\/wp-json\/wp\/v2\/media?parent=46376"}],"wp:term":[{"taxonomy":"product_brand","embeddable":true,"href":"https:\/\/defabrica.com.mx\/defabrica\/wp-json\/wp\/v2\/product_brand?post=46376"},{"taxonomy":"product_cat","embeddable":true,"href":"https:\/\/defabrica.com.mx\/defabrica\/wp-json\/wp\/v2\/product_cat?post=46376"},{"taxonomy":"product_tag","embeddable":true,"href":"https:\/\/defabrica.com.mx\/defabrica\/wp-json\/wp\/v2\/product_tag?post=46376"}],"curies":[{"name":"wp","href":"https:\/\/api.w.org\/{rel}","templated":true}]}}