{"id":46371,"date":"2021-09-14T17:18:48","date_gmt":"2021-09-14T22:18:48","guid":{"rendered":"https:\/\/defabrica.com.mx\/defabrica\/?post_type=product&#038;p=46371"},"modified":"2023-01-28T14:17:41","modified_gmt":"2023-01-28T20:17:41","slug":"decantador-de-34-oz-con-tapon-de-vidrio-hermetico-en-caja-de-regalo","status":"publish","type":"product","link":"https:\/\/defabrica.com.mx\/defabrica\/producto\/decantador-de-34-oz-con-tapon-de-vidrio-hermetico-en-caja-de-regalo\/","title":{"rendered":"Decantador de 34 oz con tap\u00f3n de vidrio herm\u00e9tico en caja de regalo."},"content":{"rendered":"<ul class=\"a-unordered-list a-vertical a-spacing-mini\">\n<li><span class=\"a-list-item\">Decantador de cristal sin plomo: este maravilloso decantador de whisky con tap\u00f3n de vidrio est\u00e1 hecho de vidrio ultra transparente sin plomo que presenta la m\u00e1xima claridad y brillo. Es m\u00e1s transparente y lustroso que otros. Disfruta de tu vino con nuestro decantador de cristal, sentir\u00e1s la mejor calidad.<\/span><\/li>\n<li><span class=\"a-list-item\">Regalo perfecto para cualquier ocasi\u00f3n: el exquisito decantador Bourbon viene con una caja de regalo, totalmente protegido con espuma de polietileno. Nunca te preocupes por problemas rotos. Este decantador de whisky de cristal ser\u00e1 un regalo fant\u00e1stico para tu ser querido. Se sorprender\u00e1 cuando abran este regalo de whisky y le encantar\u00e1 a primera vista. Regalo ideal para hombres, marido, amigos, cumplea\u00f1os, pap\u00e1, compromiso, aniversario de boda, bautizo o Navidad.<\/span><\/li>\n<\/ul>\n","protected":false},"excerpt":{"rendered":"<p>Decantador de cristal sin plomo: este maravilloso decantador de whisky con tap\u00f3n de vidrio est\u00e1 hecho de vidrio ultra transparente sin plomo que presenta la m\u00e1xima claridad y brillo. Es<\/p>\n","protected":false},"featured_media":46375,"comment_status":"open","ping_status":"closed","template":"","meta":{"_acf_changed":false,"_joinchat":[]},"product_brand":[],"product_cat":[336,956],"product_tag":[],"class_list":{"0":"post-46371","1":"product","2":"type-product","3":"status-publish","4":"has-post-thumbnail","6":"product_cat-hogar","7":"product_cat-bar-y-vino","9":"first","10":"instock","11":"sale","12":"shipping-taxable","13":"purchasable","14":"product-type-simple"},"acf":[],"_links":{"self":[{"href":"https:\/\/defabrica.com.mx\/defabrica\/wp-json\/wp\/v2\/product\/46371","targetHints":{"allow":["GET"]}}],"collection":[{"href":"https:\/\/defabrica.com.mx\/defabrica\/wp-json\/wp\/v2\/product"}],"about":[{"href":"https:\/\/defabrica.com.mx\/defabrica\/wp-json\/wp\/v2\/types\/product"}],"replies":[{"embeddable":true,"href":"https:\/\/defabrica.com.mx\/defabrica\/wp-json\/wp\/v2\/comments?post=46371"}],"wp:featuredmedia":[{"embeddable":true,"href":"https:\/\/defabrica.com.mx\/defabrica\/wp-json\/wp\/v2\/media\/46375"}],"wp:attachment":[{"href":"https:\/\/defabrica.com.mx\/defabrica\/wp-json\/wp\/v2\/media?parent=46371"}],"wp:term":[{"taxonomy":"product_brand","embeddable":true,"href":"https:\/\/defabrica.com.mx\/defabrica\/wp-json\/wp\/v2\/product_brand?post=46371"},{"taxonomy":"product_cat","embeddable":true,"href":"https:\/\/defabrica.com.mx\/defabrica\/wp-json\/wp\/v2\/product_cat?post=46371"},{"taxonomy":"product_tag","embeddable":true,"href":"https:\/\/defabrica.com.mx\/defabrica\/wp-json\/wp\/v2\/product_tag?post=46371"}],"curies":[{"name":"wp","href":"https:\/\/api.w.org\/{rel}","templated":true}]}}