{"id":46359,"date":"2021-09-14T17:09:58","date_gmt":"2021-09-14T22:09:58","guid":{"rendered":"https:\/\/defabrica.com.mx\/defabrica\/?post_type=product&#038;p=46359"},"modified":"2023-01-28T14:14:45","modified_gmt":"2023-01-28T20:14:45","slug":"juego-de-decantador-de-whisky-estilo-italiano-con-4-vasos-en-caja-de-regalo-premium","status":"publish","type":"product","link":"https:\/\/defabrica.com.mx\/defabrica\/producto\/juego-de-decantador-de-whisky-estilo-italiano-con-4-vasos-en-caja-de-regalo-premium\/","title":{"rendered":"Juego de decantador de whisky estilo italiano con 4 vasos en caja de regalo premium"},"content":{"rendered":"<ul class=\"a-unordered-list a-vertical a-spacing-mini\">\n<li><span class=\"a-list-item\">\u3010Capacidad extra grande y alta calidad\u3011Decantadores de cristal para licor es m\u00e1s grande que otros con decantador Capact de 10.5 oz y 4 piezas de cristal de 10.5 oz con lado grueso y dise\u00f1o de base s\u00f3lida que no se rompe ni se astillar\u00e1 f\u00e1cilmente. El decantador de whisky escoc\u00e9s Lighten Life es m\u00e1s pesado y m\u00e1s duradero que te ofrece un servicio de larga duraci\u00f3n. Apto para lavavajillas. Precioso juego de decantador escoc\u00e9s ofrece el m\u00e1ximo sabor y una gran experiencia de beber.<\/span><\/li>\n<li><span class=\"a-list-item\">Juego de decantador 100 % sin plomo: el decantador de cristal Lighten Life para alcohol est\u00e1 hecho de vidrio 100 % transparente sin plomo y ha pasado las pruebas de la FDA. Es seguro para que disfrutes de escoc\u00e9s, bourbon, vodka, tequila y cualquier otro licor. El juego de decantador Bourbon con vasos es imprescindible para los amantes del whisky.<\/span><\/li>\n<\/ul>\n","protected":false},"excerpt":{"rendered":"<p>\u3010Capacidad extra grande y alta calidad\u3011Decantadores de cristal para licor es m\u00e1s grande que otros con decantador Capact de 10.5 oz y 4 piezas de cristal de 10.5 oz con<\/p>\n","protected":false},"featured_media":46360,"comment_status":"open","ping_status":"closed","template":"","meta":{"_acf_changed":false,"_joinchat":[]},"product_brand":[],"product_cat":[336,956],"product_tag":[],"class_list":{"0":"post-46359","1":"product","2":"type-product","3":"status-publish","4":"has-post-thumbnail","6":"product_cat-hogar","7":"product_cat-bar-y-vino","9":"first","10":"instock","11":"sale","12":"shipping-taxable","13":"purchasable","14":"product-type-simple"},"acf":[],"_links":{"self":[{"href":"https:\/\/defabrica.com.mx\/defabrica\/wp-json\/wp\/v2\/product\/46359","targetHints":{"allow":["GET"]}}],"collection":[{"href":"https:\/\/defabrica.com.mx\/defabrica\/wp-json\/wp\/v2\/product"}],"about":[{"href":"https:\/\/defabrica.com.mx\/defabrica\/wp-json\/wp\/v2\/types\/product"}],"replies":[{"embeddable":true,"href":"https:\/\/defabrica.com.mx\/defabrica\/wp-json\/wp\/v2\/comments?post=46359"}],"wp:featuredmedia":[{"embeddable":true,"href":"https:\/\/defabrica.com.mx\/defabrica\/wp-json\/wp\/v2\/media\/46360"}],"wp:attachment":[{"href":"https:\/\/defabrica.com.mx\/defabrica\/wp-json\/wp\/v2\/media?parent=46359"}],"wp:term":[{"taxonomy":"product_brand","embeddable":true,"href":"https:\/\/defabrica.com.mx\/defabrica\/wp-json\/wp\/v2\/product_brand?post=46359"},{"taxonomy":"product_cat","embeddable":true,"href":"https:\/\/defabrica.com.mx\/defabrica\/wp-json\/wp\/v2\/product_cat?post=46359"},{"taxonomy":"product_tag","embeddable":true,"href":"https:\/\/defabrica.com.mx\/defabrica\/wp-json\/wp\/v2\/product_tag?post=46359"}],"curies":[{"name":"wp","href":"https:\/\/api.w.org\/{rel}","templated":true}]}}