{"id":46348,"date":"2021-09-14T17:00:58","date_gmt":"2021-09-14T22:00:58","guid":{"rendered":"https:\/\/defabrica.com.mx\/defabrica\/?post_type=product&#038;p=46348"},"modified":"2023-01-28T13:20:30","modified_gmt":"2023-01-28T19:20:30","slug":"decantador-de-diamante-sofisticado-de-28-oz-750-ml-con-tapon-adornado-para-whisky-bourbon-escoces-vodka-vino-y-licor","status":"publish","type":"product","link":"https:\/\/defabrica.com.mx\/defabrica\/producto\/decantador-de-diamante-sofisticado-de-28-oz-750-ml-con-tapon-adornado-para-whisky-bourbon-escoces-vodka-vino-y-licor\/","title":{"rendered":"Decantador de diamante sofisticado de 28 oz \/ 750 ml con tap\u00f3n adornado &#8211; Para whisky, bourbon, escoc\u00e9s, vodka, vino y licor"},"content":{"rendered":"<p>\u3010\u00a0Cristal sin plomo\u00a0\u3011 Los\u00a0decantadores de whisky est\u00e1n hechos del vidrio m\u00e1s transparente y brillante del mundo, lujoso, hermoso y exquisito, que brilla maravillosamente a la luz.\u00a0Disfrute de su jarra sabiendo que no contiene plomo.\u00a0\u00a1Tus bebidas ser\u00e1n puras!<\/p>\n<p>\u3010\u00a0\u00danico y con estilo\u00a0\u3011\u00a0Elegante y hermoso, el dise\u00f1o retorcido lo hace m\u00e1s especial, no solo un vaso, sino tambi\u00e9n una obra de arte.\u00a0La mejor calidad y belleza hacen de nuestros productos una obra maestra para cualquier hogar<\/p>\n<p>\u3010\u00a0Un regalo perfecto\u00a0\u3011\u00a0El decantador de whisky brillante es el mejor regalo \u00fanico para hombres, esposo, amigos, cumplea\u00f1os, d\u00eda del padre, compromiso, aniversario de boda, bautizo o Navidad<\/p>\n","protected":false},"excerpt":{"rendered":"<p>\u3010\u00a0Cristal sin plomo\u00a0\u3011 Los\u00a0decantadores de whisky est\u00e1n hechos del vidrio m\u00e1s transparente y brillante del mundo, lujoso, hermoso y exquisito, que brilla maravillosamente a la luz.\u00a0Disfrute de su jarra sabiendo<\/p>\n","protected":false},"featured_media":73390,"comment_status":"open","ping_status":"closed","template":"","meta":{"_acf_changed":false,"_joinchat":[]},"product_brand":[],"product_cat":[336,956],"product_tag":[],"class_list":{"0":"post-46348","1":"product","2":"type-product","3":"status-publish","4":"has-post-thumbnail","6":"product_cat-hogar","7":"product_cat-bar-y-vino","9":"first","10":"instock","11":"sale","12":"shipping-taxable","13":"purchasable","14":"product-type-simple"},"acf":[],"_links":{"self":[{"href":"https:\/\/defabrica.com.mx\/defabrica\/wp-json\/wp\/v2\/product\/46348","targetHints":{"allow":["GET"]}}],"collection":[{"href":"https:\/\/defabrica.com.mx\/defabrica\/wp-json\/wp\/v2\/product"}],"about":[{"href":"https:\/\/defabrica.com.mx\/defabrica\/wp-json\/wp\/v2\/types\/product"}],"replies":[{"embeddable":true,"href":"https:\/\/defabrica.com.mx\/defabrica\/wp-json\/wp\/v2\/comments?post=46348"}],"wp:featuredmedia":[{"embeddable":true,"href":"https:\/\/defabrica.com.mx\/defabrica\/wp-json\/wp\/v2\/media\/73390"}],"wp:attachment":[{"href":"https:\/\/defabrica.com.mx\/defabrica\/wp-json\/wp\/v2\/media?parent=46348"}],"wp:term":[{"taxonomy":"product_brand","embeddable":true,"href":"https:\/\/defabrica.com.mx\/defabrica\/wp-json\/wp\/v2\/product_brand?post=46348"},{"taxonomy":"product_cat","embeddable":true,"href":"https:\/\/defabrica.com.mx\/defabrica\/wp-json\/wp\/v2\/product_cat?post=46348"},{"taxonomy":"product_tag","embeddable":true,"href":"https:\/\/defabrica.com.mx\/defabrica\/wp-json\/wp\/v2\/product_tag?post=46348"}],"curies":[{"name":"wp","href":"https:\/\/api.w.org\/{rel}","templated":true}]}}