{"id":46341,"date":"2021-09-14T16:52:42","date_gmt":"2021-09-14T21:52:42","guid":{"rendered":"https:\/\/defabrica.com.mx\/defabrica\/?post_type=product&#038;p=46341"},"modified":"2023-01-28T13:19:26","modified_gmt":"2023-01-28T19:19:26","slug":"juego-de-decantador-de-whisky-de-5-piezas-decantador-de-cristal-con-4-vasos-en-caja-de-regalo-premium","status":"publish","type":"product","link":"https:\/\/defabrica.com.mx\/defabrica\/producto\/juego-de-decantador-de-whisky-de-5-piezas-decantador-de-cristal-con-4-vasos-en-caja-de-regalo-premium\/","title":{"rendered":"Juego de decantador de whisky de 5 piezas, decantador de cristal con 4 vasos en caja de regalo premium"},"content":{"rendered":"<ul class=\"a-unordered-list a-vertical a-spacing-mini\">\n<li><span class=\"a-list-item\">Un regalo perfecto para hombres y mujeres: nuestro juego de decantador de whisky viene con una caja de regalo de lujo. El decantador de whisky de cristal y los vasos son un regalo perfecto para cualquier ocasi\u00f3n como cumplea\u00f1os, d\u00eda del padre, compromiso, aniversario de boda, bautizo. Tus amigos se sorprender\u00e1n cuando abran este regalo. Date un capricho o regala a una persona especial.<\/span><\/li>\n<li><span class=\"a-list-item\">Juego de decantador de whisky de cristal sin plomo con vasos: el juego de decantador Bourbon est\u00e1 hecho de vidrio transparente sin plomo que garantiza que es seguro para el uso diario. El juego de decantador de whisky premium es apto para lavavajillas, no tendr\u00e1s que lavarlo a mano despu\u00e9s de tratar a tus invitados.<\/span><\/li>\n<\/ul>\n","protected":false},"excerpt":{"rendered":"<p>Un regalo perfecto para hombres y mujeres: nuestro juego de decantador de whisky viene con una caja de regalo de lujo. El decantador de whisky de cristal y los vasos<\/p>\n","protected":false},"featured_media":46347,"comment_status":"open","ping_status":"closed","template":"","meta":{"_acf_changed":false,"_joinchat":[]},"product_brand":[],"product_cat":[336,956],"product_tag":[],"class_list":{"0":"post-46341","1":"product","2":"type-product","3":"status-publish","4":"has-post-thumbnail","6":"product_cat-hogar","7":"product_cat-bar-y-vino","9":"first","10":"instock","11":"sale","12":"shipping-taxable","13":"purchasable","14":"product-type-simple"},"acf":[],"_links":{"self":[{"href":"https:\/\/defabrica.com.mx\/defabrica\/wp-json\/wp\/v2\/product\/46341","targetHints":{"allow":["GET"]}}],"collection":[{"href":"https:\/\/defabrica.com.mx\/defabrica\/wp-json\/wp\/v2\/product"}],"about":[{"href":"https:\/\/defabrica.com.mx\/defabrica\/wp-json\/wp\/v2\/types\/product"}],"replies":[{"embeddable":true,"href":"https:\/\/defabrica.com.mx\/defabrica\/wp-json\/wp\/v2\/comments?post=46341"}],"wp:featuredmedia":[{"embeddable":true,"href":"https:\/\/defabrica.com.mx\/defabrica\/wp-json\/wp\/v2\/media\/46347"}],"wp:attachment":[{"href":"https:\/\/defabrica.com.mx\/defabrica\/wp-json\/wp\/v2\/media?parent=46341"}],"wp:term":[{"taxonomy":"product_brand","embeddable":true,"href":"https:\/\/defabrica.com.mx\/defabrica\/wp-json\/wp\/v2\/product_brand?post=46341"},{"taxonomy":"product_cat","embeddable":true,"href":"https:\/\/defabrica.com.mx\/defabrica\/wp-json\/wp\/v2\/product_cat?post=46341"},{"taxonomy":"product_tag","embeddable":true,"href":"https:\/\/defabrica.com.mx\/defabrica\/wp-json\/wp\/v2\/product_tag?post=46341"}],"curies":[{"name":"wp","href":"https:\/\/api.w.org\/{rel}","templated":true}]}}